{"id":4922,"date":"2022-07-16T09:58:47","date_gmt":"2022-07-16T06:58:47","guid":{"rendered":"https:\/\/kavikahealthcare.fi\/?post_type=product&#038;p=4922"},"modified":"2025-07-21T14:46:16","modified_gmt":"2025-07-21T11:46:16","slug":"zystm","status":"publish","type":"product","link":"https:\/\/kavikahealthcare.fi\/sv\/produkt\/zystm\/","title":{"rendered":"ZYSTM laboratoriem\u00f6belsystem och dragsk\u00e5p"},"content":{"rendered":"<h2><span class=\"HwtZe\" lang=\"sv\"><span class=\"jCAhz ChMk0b\"><span class=\"ryNqvb\">ZYSTM Laboratoriem\u00f6bler och dragsk\u00e5p<\/span><\/span><\/span><\/h2>\n<p><span class=\"HwtZe\" lang=\"sv\"><span class=\"jCAhz ChMk0b\"><span class=\"ryNqvb\">Kavika HealthCares partner Zystm A\/S specialiserar sig p\u00e5 modul\u00e4ra m\u00f6belsystem och dragsk\u00e5p, som kan anv\u00e4ndas f\u00f6r att designa en helt\u00e4ckande utrymmesl\u00f6sning f\u00f6r olika laboratorie- och v\u00e5rdmilj\u00f6er.<\/span><\/span> <span class=\"jCAhz ChMk0b\"><span class=\"ryNqvb\">Produkterna \u00e4r designade och tillverkade i Danmark med s\u00e4rskild vikt vid kundspecifik flexibilitet, h\u00f6g kvalitet och leveranss\u00e4kerhet.<\/span><\/span> <span class=\"jCAhz ChMk0b\"><span class=\"ryNqvb\">Materialen som anv\u00e4nds \u00e4r huvudsakligen laminat och i renrumsm\u00f6bler kompaktlaminat.<\/span><\/span> <span class=\"jCAhz ChMk0b\"><span class=\"ryNqvb\">Dragsk\u00e5pen kombinerar teknik, tillbeh\u00f6r och specialmaterial beroende p\u00e5 milj\u00f6faktorer och de kemikalier som anv\u00e4nds.<\/span><\/span> <span class=\"jCAhz ChMk0b\"><span class=\"ryNqvb\">Tillsammans med Zystm kan vi erbjuda m\u00f6belpaket fr\u00e5n design till installation.<\/span><\/span><\/span><\/p>\n<h3><span class=\"HwtZe\" lang=\"sv\"><span class=\"jCAhz ChMk0b\"><span class=\"ryNqvb\">Ladda ner ZYSTM-broschyrer nedan<\/span><\/span><\/span><\/h3>\n<h6><a href=\"https:\/\/kavikahealthcare.fi\/wp-content\/uploads\/2025\/07\/Inspirationskatalog-Care.pdf\" target=\"_blank\" rel=\"noopener\"><strong>Inspiration Care<\/strong><\/a><\/h6>\n<h6><a href=\"https:\/\/kavikahealthcare.fi\/wp-content\/uploads\/2025\/07\/Inspirationskatalog-LAB.pdf\" target=\"_blank\" rel=\"noopener\"><strong>Inspiration Lab<\/strong><\/a><\/h6>\n<h6><a href=\"https:\/\/kavikahealthcare.fi\/wp-content\/uploads\/2025\/07\/Zystm-Furniture-systems.pdf\" target=\"_blank\" rel=\"noopener\"><strong>Furniture systems<\/strong><\/a><\/h6>\n<h6><\/h6>\n<p>&nbsp;<\/p>\n<p><a href=\"https:\/\/zystm.com\/en\/catalogues\/\" target=\"_blank\" rel=\"noopener\"><span class=\"HwtZe\" lang=\"en\"><span class=\"jCAhz ChMk0b\"><span class=\"ryNqvb\"><span class=\"HwtZe\" lang=\"sv\">Se andra ZYSTM-broschyrer h\u00e4r!<\/span><\/span><\/span><\/span><\/a><br \/>\n<a href=\"https:\/\/zystm.com\/en\/laboratorieinventar\/references-lab\/\" target=\"_blank\" rel=\"noopener\"><span class=\"HwtZe\" lang=\"en\"><span class=\"jCAhz ChMk0b\"><span class=\"ryNqvb\"><span class=\"HwtZe\" lang=\"sv\">ZYSTM-laboratoriereferenser<\/span><\/span><\/span><\/span><\/a><\/p>\n<figure id=\"attachment_4927\" aria-describedby=\"caption-attachment-4927\" style=\"width: 1024px\" class=\"wp-caption aligncenter\"><img fetchpriority=\"high\" decoding=\"async\" class=\"wp-image-4927 size-large\" src=\"https:\/\/kavikahealthcare.fi\/wp-content\/uploads\/2025\/07\/ZYSTM-laboratoriokalustejarjestelmat-ja-vetokaapit_small_2-1024x699.jpg\" alt=\"ZYSTM laboratoriokalustej\u00e4rjestelm\u00e4t ja vetokaapit_small_2\" width=\"1024\" height=\"699\" srcset=\"https:\/\/kavikahealthcare.fi\/wp-content\/uploads\/2025\/07\/ZYSTM-laboratoriokalustejarjestelmat-ja-vetokaapit_small_2-1024x699.jpg 1024w, https:\/\/kavikahealthcare.fi\/wp-content\/uploads\/2025\/07\/ZYSTM-laboratoriokalustejarjestelmat-ja-vetokaapit_small_2-300x205.jpg 300w, https:\/\/kavikahealthcare.fi\/wp-content\/uploads\/2025\/07\/ZYSTM-laboratoriokalustejarjestelmat-ja-vetokaapit_small_2-768x524.jpg 768w, https:\/\/kavikahealthcare.fi\/wp-content\/uploads\/2025\/07\/ZYSTM-laboratoriokalustejarjestelmat-ja-vetokaapit_small_2-600x410.jpg 600w, https:\/\/kavikahealthcare.fi\/wp-content\/uploads\/2025\/07\/ZYSTM-laboratoriokalustejarjestelmat-ja-vetokaapit_small_2-64x44.jpg 64w, https:\/\/kavikahealthcare.fi\/wp-content\/uploads\/2025\/07\/ZYSTM-laboratoriokalustejarjestelmat-ja-vetokaapit_small_2.jpg 1500w\" sizes=\"(max-width: 1024px) 100vw, 1024px\" \/><figcaption id=\"caption-attachment-4927\" class=\"wp-caption-text\"><span class=\"HwtZe\" lang=\"sv\"><span class=\"jCAhz ChMk0b\"><span class=\"ryNqvb\">ZYSTM Laboratoriem\u00f6bler och dragsk\u00e5p<\/span><\/span><\/span><\/figcaption><\/figure>\n","protected":false},"excerpt":{"rendered":"<p>ZYSTM Laboratoriem\u00f6bler och dragsk\u00e5p Kavika HealthCares partner Zystm A\/S specialiserar sig p\u00e5 modul\u00e4ra m\u00f6belsystem och dragsk\u00e5p, som kan anv\u00e4ndas f\u00f6r att designa en helt\u00e4ckande utrymmesl\u00f6sning f\u00f6r olika laboratorie- och v\u00e5rdmilj\u00f6er. Produkterna \u00e4r designade och tillverkade i Danmark med s\u00e4rskild vikt vid kundspecifik flexibilitet, h\u00f6g kvalitet och leveranss\u00e4kerhet. Materialen som anv\u00e4nds [&hellip;]<\/p>\n","protected":false},"featured_media":4926,"comment_status":"closed","ping_status":"closed","template":"","meta":{"site-sidebar-layout":"default","site-content-layout":"default","ast-site-content-layout":"default","site-content-style":"default","site-sidebar-style":"default","ast-global-header-display":"","ast-banner-title-visibility":"","ast-main-header-display":"","ast-hfb-above-header-display":"","ast-hfb-below-header-display":"","ast-hfb-mobile-header-display":"","site-post-title":"","ast-breadcrumbs-content":"","ast-featured-img":"","footer-sml-layout":"","theme-transparent-header-meta":"default","adv-header-id-meta":"","stick-header-meta":"default","header-above-stick-meta":"","header-main-stick-meta":"","header-below-stick-meta":"","astra-migrate-meta-layouts":"set","ast-page-background-enabled":"default","ast-page-background-meta":{"desktop":{"background-color":"var(--ast-global-color-4)","background-image":"","background-repeat":"repeat","background-position":"center center","background-size":"auto","background-attachment":"scroll","background-type":"","background-media":"","overlay-type":"","overlay-color":"","overlay-gradient":""},"tablet":{"background-color":"","background-image":"","background-repeat":"repeat","background-position":"center center","background-size":"auto","background-attachment":"scroll","background-type":"","background-media":"","overlay-type":"","overlay-color":"","overlay-gradient":""},"mobile":{"background-color":"","background-image":"","background-repeat":"repeat","background-position":"center center","background-size":"auto","background-attachment":"scroll","background-type":"","background-media":"","overlay-type":"","overlay-color":"","overlay-gradient":""}},"ast-content-background-meta":{"desktop":{"background-color":"var(--ast-global-color-5)","background-image":"","background-repeat":"repeat","background-position":"center center","background-size":"auto","background-attachment":"scroll","background-type":"","background-media":"","overlay-type":"","overlay-color":"","overlay-gradient":""},"tablet":{"background-color":"var(--ast-global-color-5)","background-image":"","background-repeat":"repeat","background-position":"center center","background-size":"auto","background-attachment":"scroll","background-type":"","background-media":"","overlay-type":"","overlay-color":"","overlay-gradient":""},"mobile":{"background-color":"var(--ast-global-color-5)","background-image":"","background-repeat":"repeat","background-position":"center center","background-size":"auto","background-attachment":"scroll","background-type":"","background-media":"","overlay-type":"","overlay-color":"","overlay-gradient":""}}},"product_brand":[],"product_cat":[145],"product_tag":[],"class_list":{"0":"post-4922","1":"product","2":"type-product","3":"status-publish","4":"has-post-thumbnail","6":"product_cat-partners-sv","7":"desktop-align-center","8":"tablet-align-left","9":"mobile-align-left","10":"ast-product-gallery-layout-horizontal-slider","11":"ast-product-tabs-layout-accordion","13":"first","14":"instock","15":"shipping-taxable","16":"product-type-simple"},"_links":{"self":[{"href":"https:\/\/kavikahealthcare.fi\/sv\/wp-json\/wp\/v2\/product\/4922","targetHints":{"allow":["GET"]}}],"collection":[{"href":"https:\/\/kavikahealthcare.fi\/sv\/wp-json\/wp\/v2\/product"}],"about":[{"href":"https:\/\/kavikahealthcare.fi\/sv\/wp-json\/wp\/v2\/types\/product"}],"replies":[{"embeddable":true,"href":"https:\/\/kavikahealthcare.fi\/sv\/wp-json\/wp\/v2\/comments?post=4922"}],"wp:featuredmedia":[{"embeddable":true,"href":"https:\/\/kavikahealthcare.fi\/sv\/wp-json\/wp\/v2\/media\/4926"}],"wp:attachment":[{"href":"https:\/\/kavikahealthcare.fi\/sv\/wp-json\/wp\/v2\/media?parent=4922"}],"wp:term":[{"taxonomy":"product_brand","embeddable":true,"href":"https:\/\/kavikahealthcare.fi\/sv\/wp-json\/wp\/v2\/product_brand?post=4922"},{"taxonomy":"product_cat","embeddable":true,"href":"https:\/\/kavikahealthcare.fi\/sv\/wp-json\/wp\/v2\/product_cat?post=4922"},{"taxonomy":"product_tag","embeddable":true,"href":"https:\/\/kavikahealthcare.fi\/sv\/wp-json\/wp\/v2\/product_tag?post=4922"}],"curies":[{"name":"wp","href":"https:\/\/api.w.org\/{rel}","templated":true}]}}