{"id":4877,"date":"2025-03-14T12:34:14","date_gmt":"2025-03-14T10:34:14","guid":{"rendered":"https:\/\/kavikahealthcare.fi\/tuote\/mikrotomipoydat\/"},"modified":"2025-03-14T12:52:29","modified_gmt":"2025-03-14T10:52:29","slug":"mikrotombord","status":"publish","type":"product","link":"https:\/\/kavikahealthcare.fi\/sv\/produkt\/mikrotombord\/","title":{"rendered":"Mikrotombord"},"content":{"rendered":"<h2 data-start=\"0\" data-end=\"18\"><strong data-start=\"0\" data-end=\"16\">Mikrotombord<\/strong><\/h2>\n<p data-start=\"20\" data-end=\"282\">Mikrotombordet \u00e4r s\u00e4rskilt utformat f\u00f6r anv\u00e4ndning med vattenbad- och rotationsmikrotomer i patologilaboratorier. Dess robusta konstruktion garanterar en helt stabil arbetsyta och f\u00f6rhindrar svajning och vibrationer som kan uppst\u00e5 vid anv\u00e4ndning av mikrotomen.<\/p>\n<p data-start=\"284\" data-end=\"541\">Bordets ram \u00e4r tillverkad av rostfritt st\u00e5l med en materialtjocklek p\u00e5 minst 2 mm. Alla fogar \u00e4r f\u00f6rst\u00e4rkta med svetsade h\u00f6rnbeslag och st\u00f6dr\u00f6r, vilket s\u00e4kerst\u00e4ller en extremt h\u00f6g stabilitet. Svetsfogarna \u00e4r helsvetsade, slipade och hygieniskt bearbetade.<\/p>\n<p data-start=\"543\" data-end=\"807\" data-is-last-node=\"\" data-is-only-node=\"\">Arbetsytan har en slitstark, helt kantf\u00f6rseglad laminatyta, d\u00e4r alla h\u00f6rn och kanter \u00e4r noggrant rundade f\u00f6r att garantera s\u00e4kerhet och enkel reng\u00f6ring. Detta h\u00f6gkvalitativa mikrotombord uppfyller \u00e4ven de mest kr\u00e4vande laboratoriekraven p\u00e5 ergonomi och h\u00e5llbarhet.<\/p>\n<p><strong><a href=\"https:\/\/kavikahealthcare.fi\/wp-content\/uploads\/2025\/03\/Microtome-tables_Product-card_20250313.pdf\" target=\"_blank\" rel=\"noopener\">Produktkort och Teknisk information<\/a><\/strong><\/p>\n<p>&nbsp;<\/p>\n<p>&nbsp;<\/p>\n<h6><\/h6>\n","protected":false},"excerpt":{"rendered":"<p>Mikrotombord Mikrotombordet \u00e4r s\u00e4rskilt utformat f\u00f6r anv\u00e4ndning med vattenbad- och rotationsmikrotomer i patologilaboratorier. Dess robusta konstruktion garanterar en helt stabil arbetsyta och f\u00f6rhindrar svajning och vibrationer som kan uppst\u00e5 vid anv\u00e4ndning av mikrotomen. Bordets ram \u00e4r tillverkad av rostfritt st\u00e5l med en materialtjocklek p\u00e5 minst 2 mm. Alla fogar \u00e4r [&hellip;]<\/p>\n","protected":false},"featured_media":4865,"comment_status":"closed","ping_status":"closed","template":"","meta":{"site-sidebar-layout":"default","site-content-layout":"","ast-site-content-layout":"default","site-content-style":"default","site-sidebar-style":"default","ast-global-header-display":"","ast-banner-title-visibility":"","ast-main-header-display":"","ast-hfb-above-header-display":"","ast-hfb-below-header-display":"","ast-hfb-mobile-header-display":"","site-post-title":"","ast-breadcrumbs-content":"","ast-featured-img":"","footer-sml-layout":"","theme-transparent-header-meta":"default","adv-header-id-meta":"","stick-header-meta":"default","header-above-stick-meta":"","header-main-stick-meta":"","header-below-stick-meta":"","astra-migrate-meta-layouts":"set","ast-page-background-enabled":"default","ast-page-background-meta":{"desktop":{"background-color":"var(--ast-global-color-4)","background-image":"","background-repeat":"repeat","background-position":"center center","background-size":"auto","background-attachment":"scroll","background-type":"","background-media":"","overlay-type":"","overlay-color":"","overlay-gradient":""},"tablet":{"background-color":"","background-image":"","background-repeat":"repeat","background-position":"center center","background-size":"auto","background-attachment":"scroll","background-type":"","background-media":"","overlay-type":"","overlay-color":"","overlay-gradient":""},"mobile":{"background-color":"","background-image":"","background-repeat":"repeat","background-position":"center center","background-size":"auto","background-attachment":"scroll","background-type":"","background-media":"","overlay-type":"","overlay-color":"","overlay-gradient":""}},"ast-content-background-meta":{"desktop":{"background-color":"var(--ast-global-color-5)","background-image":"","background-repeat":"repeat","background-position":"center center","background-size":"auto","background-attachment":"scroll","background-type":"","background-media":"","overlay-type":"","overlay-color":"","overlay-gradient":""},"tablet":{"background-color":"var(--ast-global-color-5)","background-image":"","background-repeat":"repeat","background-position":"center center","background-size":"auto","background-attachment":"scroll","background-type":"","background-media":"","overlay-type":"","overlay-color":"","overlay-gradient":""},"mobile":{"background-color":"var(--ast-global-color-5)","background-image":"","background-repeat":"repeat","background-position":"center center","background-size":"auto","background-attachment":"scroll","background-type":"","background-media":"","overlay-type":"","overlay-color":"","overlay-gradient":""}}},"product_brand":[],"product_cat":[113],"product_tag":[],"class_list":{"0":"post-4877","1":"product","2":"type-product","3":"status-publish","4":"has-post-thumbnail","6":"product_cat-laboratorier","7":"desktop-align-center","8":"tablet-align-left","9":"mobile-align-left","10":"ast-product-gallery-layout-horizontal-slider","11":"ast-product-gallery-with-no-image","12":"ast-product-tabs-layout-accordion","14":"first","15":"instock","16":"shipping-taxable","17":"product-type-simple"},"_links":{"self":[{"href":"https:\/\/kavikahealthcare.fi\/sv\/wp-json\/wp\/v2\/product\/4877","targetHints":{"allow":["GET"]}}],"collection":[{"href":"https:\/\/kavikahealthcare.fi\/sv\/wp-json\/wp\/v2\/product"}],"about":[{"href":"https:\/\/kavikahealthcare.fi\/sv\/wp-json\/wp\/v2\/types\/product"}],"replies":[{"embeddable":true,"href":"https:\/\/kavikahealthcare.fi\/sv\/wp-json\/wp\/v2\/comments?post=4877"}],"wp:featuredmedia":[{"embeddable":true,"href":"https:\/\/kavikahealthcare.fi\/sv\/wp-json\/wp\/v2\/media\/4865"}],"wp:attachment":[{"href":"https:\/\/kavikahealthcare.fi\/sv\/wp-json\/wp\/v2\/media?parent=4877"}],"wp:term":[{"taxonomy":"product_brand","embeddable":true,"href":"https:\/\/kavikahealthcare.fi\/sv\/wp-json\/wp\/v2\/product_brand?post=4877"},{"taxonomy":"product_cat","embeddable":true,"href":"https:\/\/kavikahealthcare.fi\/sv\/wp-json\/wp\/v2\/product_cat?post=4877"},{"taxonomy":"product_tag","embeddable":true,"href":"https:\/\/kavikahealthcare.fi\/sv\/wp-json\/wp\/v2\/product_tag?post=4877"}],"curies":[{"name":"wp","href":"https:\/\/api.w.org\/{rel}","templated":true}]}}