{"id":4090,"date":"2024-10-17T18:06:45","date_gmt":"2024-10-17T15:06:45","guid":{"rendered":"https:\/\/kavikahealthcare.fi\/tuote\/lapiantoluukut\/"},"modified":"2024-10-25T08:50:11","modified_gmt":"2024-10-25T05:50:11","slug":"genomrackningsluckor","status":"publish","type":"product","link":"https:\/\/kavikahealthcare.fi\/sv\/produkt\/genomrackningsluckor\/","title":{"rendered":"Genomr\u00e4ckningsluckor"},"content":{"rendered":"<h2>Genomr\u00e4ckningsluckor<\/h2>\n<p>Genomr\u00e4ckningsluckor av rostfritt st\u00e5l l\u00e4mpar sig generellt f\u00f6r att exempelvis \u00f6verf\u00f6ra provmaterial fr\u00e5n provtagningstoaletten till laboratoriet. Genomr\u00e4ckningsluckan kan \u00e4ven placeras i ett Kavika HealthCares dragsk\u00e5p som st\u00e5r mot en v\u00e4gg.<\/p>\n<p>Genomr\u00e4ckningsluckorna best\u00e5r av tv\u00e5 delar som skjuts in i varandra fr\u00e5n \u00f6mse sidor av v\u00e4ggen och limmas ihop med installationsmassa.<\/p>\n<p>Material och h\u00e4ngningsriktning f\u00f6r luckan kan v\u00e4ljas efter utrymmets krav, och luckan kan f\u00f6rses med sp\u00e4rrl\u00e5s vid behov.<\/p>\n<p>En provsensor och en indikatorlampa, tillg\u00e4ngliga som tillbeh\u00f6r, indikerar n\u00e4r provet finns i genomr\u00e4ckningsluckan.<\/p>\n<p>Utmatningsluckor kan \u00e4ven tillverkas f\u00f6r att \u00f6ppnas upp\u00e5t.<\/p>\n<h6><a href=\"https:\/\/kavikahealthcare.fi\/wp-content\/uploads\/2024\/10\/Pass-trough-hatches_Produkt-card_20241018.pdf\" target=\"_blank\" rel=\"noopener\"><strong>Produktkort och Teknisk information<\/strong><\/a><\/h6>\n","protected":false},"excerpt":{"rendered":"<p>Genomr\u00e4ckningsluckor Genomr\u00e4ckningsluckor av rostfritt st\u00e5l l\u00e4mpar sig generellt f\u00f6r att exempelvis \u00f6verf\u00f6ra provmaterial fr\u00e5n provtagningstoaletten till laboratoriet. Genomr\u00e4ckningsluckan kan \u00e4ven placeras i ett Kavika HealthCares dragsk\u00e5p som st\u00e5r mot en v\u00e4gg. Genomr\u00e4ckningsluckorna best\u00e5r av tv\u00e5 delar som skjuts in i varandra fr\u00e5n \u00f6mse sidor av v\u00e4ggen och limmas ihop med [&hellip;]<\/p>\n","protected":false},"featured_media":2990,"comment_status":"closed","ping_status":"closed","template":"","meta":{"site-sidebar-layout":"default","site-content-layout":"","ast-site-content-layout":"default","site-content-style":"default","site-sidebar-style":"default","ast-global-header-display":"","ast-banner-title-visibility":"","ast-main-header-display":"","ast-hfb-above-header-display":"","ast-hfb-below-header-display":"","ast-hfb-mobile-header-display":"","site-post-title":"","ast-breadcrumbs-content":"","ast-featured-img":"","footer-sml-layout":"","theme-transparent-header-meta":"default","adv-header-id-meta":"","stick-header-meta":"default","header-above-stick-meta":"","header-main-stick-meta":"","header-below-stick-meta":"","astra-migrate-meta-layouts":"set","ast-page-background-enabled":"default","ast-page-background-meta":{"desktop":{"background-color":"var(--ast-global-color-4)","background-image":"","background-repeat":"repeat","background-position":"center center","background-size":"auto","background-attachment":"scroll","background-type":"","background-media":"","overlay-type":"","overlay-color":"","overlay-gradient":""},"tablet":{"background-color":"","background-image":"","background-repeat":"repeat","background-position":"center center","background-size":"auto","background-attachment":"scroll","background-type":"","background-media":"","overlay-type":"","overlay-color":"","overlay-gradient":""},"mobile":{"background-color":"","background-image":"","background-repeat":"repeat","background-position":"center center","background-size":"auto","background-attachment":"scroll","background-type":"","background-media":"","overlay-type":"","overlay-color":"","overlay-gradient":""}},"ast-content-background-meta":{"desktop":{"background-color":"var(--ast-global-color-5)","background-image":"","background-repeat":"repeat","background-position":"center center","background-size":"auto","background-attachment":"scroll","background-type":"","background-media":"","overlay-type":"","overlay-color":"","overlay-gradient":""},"tablet":{"background-color":"var(--ast-global-color-5)","background-image":"","background-repeat":"repeat","background-position":"center center","background-size":"auto","background-attachment":"scroll","background-type":"","background-media":"","overlay-type":"","overlay-color":"","overlay-gradient":""},"mobile":{"background-color":"var(--ast-global-color-5)","background-image":"","background-repeat":"repeat","background-position":"center center","background-size":"auto","background-attachment":"scroll","background-type":"","background-media":"","overlay-type":"","overlay-color":"","overlay-gradient":""}}},"product_brand":[],"product_cat":[113,115,119],"product_tag":[],"class_list":{"0":"post-4090","1":"product","2":"type-product","3":"status-publish","4":"has-post-thumbnail","6":"product_cat-laboratorier","7":"product_cat-operationssal","8":"product_cat-renrum","9":"desktop-align-center","10":"tablet-align-left","11":"mobile-align-left","12":"ast-product-gallery-layout-horizontal-slider","13":"ast-product-tabs-layout-accordion","15":"first","16":"instock","17":"shipping-taxable","18":"product-type-simple"},"_links":{"self":[{"href":"https:\/\/kavikahealthcare.fi\/sv\/wp-json\/wp\/v2\/product\/4090","targetHints":{"allow":["GET"]}}],"collection":[{"href":"https:\/\/kavikahealthcare.fi\/sv\/wp-json\/wp\/v2\/product"}],"about":[{"href":"https:\/\/kavikahealthcare.fi\/sv\/wp-json\/wp\/v2\/types\/product"}],"replies":[{"embeddable":true,"href":"https:\/\/kavikahealthcare.fi\/sv\/wp-json\/wp\/v2\/comments?post=4090"}],"wp:featuredmedia":[{"embeddable":true,"href":"https:\/\/kavikahealthcare.fi\/sv\/wp-json\/wp\/v2\/media\/2990"}],"wp:attachment":[{"href":"https:\/\/kavikahealthcare.fi\/sv\/wp-json\/wp\/v2\/media?parent=4090"}],"wp:term":[{"taxonomy":"product_brand","embeddable":true,"href":"https:\/\/kavikahealthcare.fi\/sv\/wp-json\/wp\/v2\/product_brand?post=4090"},{"taxonomy":"product_cat","embeddable":true,"href":"https:\/\/kavikahealthcare.fi\/sv\/wp-json\/wp\/v2\/product_cat?post=4090"},{"taxonomy":"product_tag","embeddable":true,"href":"https:\/\/kavikahealthcare.fi\/sv\/wp-json\/wp\/v2\/product_tag?post=4090"}],"curies":[{"name":"wp","href":"https:\/\/api.w.org\/{rel}","templated":true}]}}