{"id":3614,"date":"2024-09-12T09:42:39","date_gmt":"2024-09-12T06:42:39","guid":{"rendered":"https:\/\/kavikahealthcare.fi\/tuote\/tarvikevaunut-terasovilla\/"},"modified":"2026-04-01T09:45:21","modified_gmt":"2026-04-01T06:45:21","slug":"fornodenhetsvagnar-med-staldorrar","status":"publish","type":"product","link":"https:\/\/kavikahealthcare.fi\/sv\/produkt\/fornodenhetsvagnar-med-staldorrar\/","title":{"rendered":"F\u00d6RN\u00d6DENHETSVAGNAR med st\u00e5ld\u00f6rrar"},"content":{"rendered":"<h2>F\u00d6RN\u00d6DENHETSVAGNAR med st\u00e5ld\u00f6rrar<\/h2>\n<p>Standardtillbeh\u00f6rsvagnen med st\u00e5l d\u00f6rrar finns i tv\u00e5 storlekar. Vagnen \u00e4r l\u00e4mplig som en steril f\u00f6rs\u00f6rjningsvagn. Den har avtagbara guider, \u00e4r l\u00e5sbar, har en t\u00e4t konstruktion och \u00e4r diskmaskinss\u00e4ker. Vagnen har som standard st\u00f6rre 250 mm hjul som m\u00f6jligg\u00f6r enklare r\u00f6rlighet. Det inre utrymmet kan anpassas f\u00f6r korgar eller hyllor; korgar eller hyllor ing\u00e5r inte i vagnens utrustning.<\/p>\n<p>Vagnarna levereras fullt monterade och klara att anv\u00e4nda. Vagnarna har en stabil och h\u00e5llbar svetsad ram av kvadratrohr. Alla konstruktioner \u00e4r utformade f\u00f6r att eliminera vassa och sk\u00e4rande kanter samt f\u00f6r att s\u00e4kerst\u00e4lla att ytorna \u00e4r l\u00e4tta att reng\u00f6ra.<\/p>\n<h6><a href=\"https:\/\/kavikahealthcare.fi\/wp-content\/uploads\/2026\/04\/Supply-trolleys-with-steel-doors_Product-card_20260331.pdf\" target=\"_blank\" rel=\"noopener\"><strong>Produktkort och Teknisk information<\/strong><\/a><\/h6>\n","protected":false},"excerpt":{"rendered":"<p>F\u00d6RN\u00d6DENHETSVAGNAR med st\u00e5ld\u00f6rrar Standardtillbeh\u00f6rsvagnen med st\u00e5l d\u00f6rrar finns i tv\u00e5 storlekar. Vagnen \u00e4r l\u00e4mplig som en steril f\u00f6rs\u00f6rjningsvagn. Den har avtagbara guider, \u00e4r l\u00e5sbar, har en t\u00e4t konstruktion och \u00e4r diskmaskinss\u00e4ker. Vagnen har som standard st\u00f6rre 250 mm hjul som m\u00f6jligg\u00f6r enklare r\u00f6rlighet. Det inre utrymmet kan anpassas f\u00f6r korgar [&hellip;]<\/p>\n","protected":false},"featured_media":3419,"comment_status":"closed","ping_status":"closed","template":"","meta":{"site-sidebar-layout":"default","site-content-layout":"","ast-site-content-layout":"default","site-content-style":"default","site-sidebar-style":"default","ast-global-header-display":"","ast-banner-title-visibility":"","ast-main-header-display":"","ast-hfb-above-header-display":"","ast-hfb-below-header-display":"","ast-hfb-mobile-header-display":"","site-post-title":"","ast-breadcrumbs-content":"","ast-featured-img":"","footer-sml-layout":"","theme-transparent-header-meta":"default","adv-header-id-meta":"","stick-header-meta":"default","header-above-stick-meta":"","header-main-stick-meta":"","header-below-stick-meta":"","astra-migrate-meta-layouts":"set","ast-page-background-enabled":"default","ast-page-background-meta":{"desktop":{"background-color":"var(--ast-global-color-4)","background-image":"","background-repeat":"repeat","background-position":"center center","background-size":"auto","background-attachment":"scroll","background-type":"","background-media":"","overlay-type":"","overlay-color":"","overlay-gradient":""},"tablet":{"background-color":"","background-image":"","background-repeat":"repeat","background-position":"center center","background-size":"auto","background-attachment":"scroll","background-type":"","background-media":"","overlay-type":"","overlay-color":"","overlay-gradient":""},"mobile":{"background-color":"","background-image":"","background-repeat":"repeat","background-position":"center center","background-size":"auto","background-attachment":"scroll","background-type":"","background-media":"","overlay-type":"","overlay-color":"","overlay-gradient":""}},"ast-content-background-meta":{"desktop":{"background-color":"var(--ast-global-color-5)","background-image":"","background-repeat":"repeat","background-position":"center center","background-size":"auto","background-attachment":"scroll","background-type":"","background-media":"","overlay-type":"","overlay-color":"","overlay-gradient":""},"tablet":{"background-color":"var(--ast-global-color-5)","background-image":"","background-repeat":"repeat","background-position":"center center","background-size":"auto","background-attachment":"scroll","background-type":"","background-media":"","overlay-type":"","overlay-color":"","overlay-gradient":""},"mobile":{"background-color":"var(--ast-global-color-5)","background-image":"","background-repeat":"repeat","background-position":"center center","background-size":"auto","background-attachment":"scroll","background-type":"","background-media":"","overlay-type":"","overlay-color":"","overlay-gradient":""}}},"product_brand":[],"product_cat":[121],"product_tag":[],"class_list":{"0":"post-3614","1":"product","2":"type-product","3":"status-publish","4":"has-post-thumbnail","6":"product_cat-vagnar","7":"desktop-align-center","8":"tablet-align-left","9":"mobile-align-left","10":"ast-product-gallery-layout-horizontal-slider","11":"ast-product-tabs-layout-accordion","13":"first","14":"instock","15":"shipping-taxable","16":"product-type-simple"},"_links":{"self":[{"href":"https:\/\/kavikahealthcare.fi\/sv\/wp-json\/wp\/v2\/product\/3614","targetHints":{"allow":["GET"]}}],"collection":[{"href":"https:\/\/kavikahealthcare.fi\/sv\/wp-json\/wp\/v2\/product"}],"about":[{"href":"https:\/\/kavikahealthcare.fi\/sv\/wp-json\/wp\/v2\/types\/product"}],"replies":[{"embeddable":true,"href":"https:\/\/kavikahealthcare.fi\/sv\/wp-json\/wp\/v2\/comments?post=3614"}],"wp:featuredmedia":[{"embeddable":true,"href":"https:\/\/kavikahealthcare.fi\/sv\/wp-json\/wp\/v2\/media\/3419"}],"wp:attachment":[{"href":"https:\/\/kavikahealthcare.fi\/sv\/wp-json\/wp\/v2\/media?parent=3614"}],"wp:term":[{"taxonomy":"product_brand","embeddable":true,"href":"https:\/\/kavikahealthcare.fi\/sv\/wp-json\/wp\/v2\/product_brand?post=3614"},{"taxonomy":"product_cat","embeddable":true,"href":"https:\/\/kavikahealthcare.fi\/sv\/wp-json\/wp\/v2\/product_cat?post=3614"},{"taxonomy":"product_tag","embeddable":true,"href":"https:\/\/kavikahealthcare.fi\/sv\/wp-json\/wp\/v2\/product_tag?post=3614"}],"curies":[{"name":"wp","href":"https:\/\/api.w.org\/{rel}","templated":true}]}}