{"id":3603,"date":"2024-09-12T09:22:17","date_gmt":"2024-09-12T06:22:17","guid":{"rendered":"https:\/\/kavikahealthcare.fi\/tuote\/tarvikevaunut-lasiovilla\/"},"modified":"2024-10-25T22:14:40","modified_gmt":"2024-10-25T19:14:40","slug":"fornodenhetsvagnar-med-glasdorrar","status":"publish","type":"product","link":"https:\/\/kavikahealthcare.fi\/sv\/produkt\/fornodenhetsvagnar-med-glasdorrar\/","title":{"rendered":"F\u00d6RN\u00d6DENHETSVAGNAR med glasd\u00f6rrar"},"content":{"rendered":"<h2>F\u00d6RN\u00d6DENHETSVAGNAR med glasd\u00f6rrar<\/h2>\n<p>Vagnar levereras fullt monterade och klara att anv\u00e4nda. Vagnarna har en stabil och h\u00e5llbar svetsad ram av kvadratrohr. Alla konstruktioner \u00e4r utformade f\u00f6r att eliminera vassa och sk\u00e4rande kanter samt f\u00f6r att s\u00e4kerst\u00e4lla att ytorna \u00e4r l\u00e4tta att reng\u00f6ra.<\/p>\n<p>Den standard utrustningsvagnen med glasd\u00f6rrar finns i en- och tv\u00e5spaltsutf\u00f6randen. Vagnarna har avtagbara guideprofiler och st\u00f6tskydd. De vertikala st\u00f6den \u00e4r anpassade f\u00f6r korgar med m\u00e5tten 400&#215;600 mm, vilka inte ing\u00e5r i vagnens utrustning. Vi anv\u00e4nder underh\u00e5llsfria Manner Tango 125 mm hjul som standard, varav 2 av 4 \u00e4r l\u00e5sbara.<\/p>\n<h6><a href=\"https:\/\/kavikahealthcare.fi\/wp-content\/uploads\/2024\/10\/Supply-trolleys-with-class-doors_Product-card_20241018.pdf\" target=\"_blank\" rel=\"noopener\"><strong>Produktkort och Teknisk information<\/strong><\/a><\/h6>\n","protected":false},"excerpt":{"rendered":"<p>F\u00d6RN\u00d6DENHETSVAGNAR med glasd\u00f6rrar Vagnar levereras fullt monterade och klara att anv\u00e4nda. Vagnarna har en stabil och h\u00e5llbar svetsad ram av kvadratrohr. Alla konstruktioner \u00e4r utformade f\u00f6r att eliminera vassa och sk\u00e4rande kanter samt f\u00f6r att s\u00e4kerst\u00e4lla att ytorna \u00e4r l\u00e4tta att reng\u00f6ra. Den standard utrustningsvagnen med glasd\u00f6rrar finns i en- [&hellip;]<\/p>\n","protected":false},"featured_media":3151,"comment_status":"closed","ping_status":"closed","template":"","meta":{"site-sidebar-layout":"default","site-content-layout":"","ast-site-content-layout":"default","site-content-style":"default","site-sidebar-style":"default","ast-global-header-display":"","ast-banner-title-visibility":"","ast-main-header-display":"","ast-hfb-above-header-display":"","ast-hfb-below-header-display":"","ast-hfb-mobile-header-display":"","site-post-title":"","ast-breadcrumbs-content":"","ast-featured-img":"","footer-sml-layout":"","theme-transparent-header-meta":"default","adv-header-id-meta":"","stick-header-meta":"default","header-above-stick-meta":"","header-main-stick-meta":"","header-below-stick-meta":"","astra-migrate-meta-layouts":"set","ast-page-background-enabled":"default","ast-page-background-meta":{"desktop":{"background-color":"var(--ast-global-color-4)","background-image":"","background-repeat":"repeat","background-position":"center center","background-size":"auto","background-attachment":"scroll","background-type":"","background-media":"","overlay-type":"","overlay-color":"","overlay-gradient":""},"tablet":{"background-color":"","background-image":"","background-repeat":"repeat","background-position":"center center","background-size":"auto","background-attachment":"scroll","background-type":"","background-media":"","overlay-type":"","overlay-color":"","overlay-gradient":""},"mobile":{"background-color":"","background-image":"","background-repeat":"repeat","background-position":"center center","background-size":"auto","background-attachment":"scroll","background-type":"","background-media":"","overlay-type":"","overlay-color":"","overlay-gradient":""}},"ast-content-background-meta":{"desktop":{"background-color":"var(--ast-global-color-5)","background-image":"","background-repeat":"repeat","background-position":"center center","background-size":"auto","background-attachment":"scroll","background-type":"","background-media":"","overlay-type":"","overlay-color":"","overlay-gradient":""},"tablet":{"background-color":"var(--ast-global-color-5)","background-image":"","background-repeat":"repeat","background-position":"center center","background-size":"auto","background-attachment":"scroll","background-type":"","background-media":"","overlay-type":"","overlay-color":"","overlay-gradient":""},"mobile":{"background-color":"var(--ast-global-color-5)","background-image":"","background-repeat":"repeat","background-position":"center center","background-size":"auto","background-attachment":"scroll","background-type":"","background-media":"","overlay-type":"","overlay-color":"","overlay-gradient":""}}},"product_brand":[],"product_cat":[121],"product_tag":[],"class_list":{"0":"post-3603","1":"product","2":"type-product","3":"status-publish","4":"has-post-thumbnail","6":"product_cat-vagnar","7":"desktop-align-center","8":"tablet-align-left","9":"mobile-align-left","10":"ast-product-gallery-layout-horizontal-slider","11":"ast-product-tabs-layout-accordion","13":"first","14":"instock","15":"shipping-taxable","16":"product-type-simple"},"_links":{"self":[{"href":"https:\/\/kavikahealthcare.fi\/sv\/wp-json\/wp\/v2\/product\/3603","targetHints":{"allow":["GET"]}}],"collection":[{"href":"https:\/\/kavikahealthcare.fi\/sv\/wp-json\/wp\/v2\/product"}],"about":[{"href":"https:\/\/kavikahealthcare.fi\/sv\/wp-json\/wp\/v2\/types\/product"}],"replies":[{"embeddable":true,"href":"https:\/\/kavikahealthcare.fi\/sv\/wp-json\/wp\/v2\/comments?post=3603"}],"wp:featuredmedia":[{"embeddable":true,"href":"https:\/\/kavikahealthcare.fi\/sv\/wp-json\/wp\/v2\/media\/3151"}],"wp:attachment":[{"href":"https:\/\/kavikahealthcare.fi\/sv\/wp-json\/wp\/v2\/media?parent=3603"}],"wp:term":[{"taxonomy":"product_brand","embeddable":true,"href":"https:\/\/kavikahealthcare.fi\/sv\/wp-json\/wp\/v2\/product_brand?post=3603"},{"taxonomy":"product_cat","embeddable":true,"href":"https:\/\/kavikahealthcare.fi\/sv\/wp-json\/wp\/v2\/product_cat?post=3603"},{"taxonomy":"product_tag","embeddable":true,"href":"https:\/\/kavikahealthcare.fi\/sv\/wp-json\/wp\/v2\/product_tag?post=3603"}],"curies":[{"name":"wp","href":"https:\/\/api.w.org\/{rel}","templated":true}]}}