{"id":3576,"date":"2024-09-12T08:34:37","date_gmt":"2024-09-12T05:34:37","guid":{"rendered":"https:\/\/kavikahealthcare.fi\/tuote\/allasvaunut\/"},"modified":"2024-10-25T08:58:57","modified_gmt":"2024-10-25T05:58:57","slug":"diskvagnar","status":"publish","type":"product","link":"https:\/\/kavikahealthcare.fi\/sv\/produkt\/diskvagnar\/","title":{"rendered":"Diskvagnar"},"content":{"rendered":"<h2>Diskvagnar<\/h2>\n<p>Diskvagnar tillverkas antingen av rostfritt eller syrafast st\u00e5l beroende p\u00e5 anv\u00e4ndningsomr\u00e5det.<\/p>\n<p>Som standard finns fyra diskhoar i olika storlekar.<\/p>\n<p>Vagnarna levereras f\u00e4rdigmonterade och klara f\u00f6r anv\u00e4ndning. De har en stabil och h\u00e5llbar svetsad ram av fyrkantiga r\u00f6r. I alla konstruktioner har man str\u00e4vat efter att eliminera vassa och sk\u00e4rande kanter samt att underl\u00e4tta reng\u00f6ringen av ytorna. Som standardhjul anv\u00e4nder vi underh\u00e5llsfria Manner Tango-hjul med en diameter p\u00e5 100 mm, varav 2 av 4 \u00e4r l\u00e5sbara.<\/p>\n<h6><a href=\"https:\/\/kavikahealthcare.fi\/wp-content\/uploads\/2024\/10\/Sink-trolleys_Produkt-card_20241018.pdf\" target=\"_blank\" rel=\"noopener\"><strong>Produktkort och Teknisk information<\/strong><\/a><\/h6>\n","protected":false},"excerpt":{"rendered":"<p>Diskvagnar Diskvagnar tillverkas antingen av rostfritt eller syrafast st\u00e5l beroende p\u00e5 anv\u00e4ndningsomr\u00e5det. Som standard finns fyra diskhoar i olika storlekar. Vagnarna levereras f\u00e4rdigmonterade och klara f\u00f6r anv\u00e4ndning. De har en stabil och h\u00e5llbar svetsad ram av fyrkantiga r\u00f6r. I alla konstruktioner har man str\u00e4vat efter att eliminera vassa och sk\u00e4rande [&hellip;]<\/p>\n","protected":false},"featured_media":3363,"comment_status":"closed","ping_status":"closed","template":"","meta":{"site-sidebar-layout":"default","site-content-layout":"","ast-site-content-layout":"default","site-content-style":"default","site-sidebar-style":"default","ast-global-header-display":"","ast-banner-title-visibility":"","ast-main-header-display":"","ast-hfb-above-header-display":"","ast-hfb-below-header-display":"","ast-hfb-mobile-header-display":"","site-post-title":"","ast-breadcrumbs-content":"","ast-featured-img":"","footer-sml-layout":"","theme-transparent-header-meta":"default","adv-header-id-meta":"","stick-header-meta":"default","header-above-stick-meta":"","header-main-stick-meta":"","header-below-stick-meta":"","astra-migrate-meta-layouts":"set","ast-page-background-enabled":"default","ast-page-background-meta":{"desktop":{"background-color":"var(--ast-global-color-4)","background-image":"","background-repeat":"repeat","background-position":"center center","background-size":"auto","background-attachment":"scroll","background-type":"","background-media":"","overlay-type":"","overlay-color":"","overlay-gradient":""},"tablet":{"background-color":"","background-image":"","background-repeat":"repeat","background-position":"center center","background-size":"auto","background-attachment":"scroll","background-type":"","background-media":"","overlay-type":"","overlay-color":"","overlay-gradient":""},"mobile":{"background-color":"","background-image":"","background-repeat":"repeat","background-position":"center center","background-size":"auto","background-attachment":"scroll","background-type":"","background-media":"","overlay-type":"","overlay-color":"","overlay-gradient":""}},"ast-content-background-meta":{"desktop":{"background-color":"var(--ast-global-color-5)","background-image":"","background-repeat":"repeat","background-position":"center center","background-size":"auto","background-attachment":"scroll","background-type":"","background-media":"","overlay-type":"","overlay-color":"","overlay-gradient":""},"tablet":{"background-color":"var(--ast-global-color-5)","background-image":"","background-repeat":"repeat","background-position":"center center","background-size":"auto","background-attachment":"scroll","background-type":"","background-media":"","overlay-type":"","overlay-color":"","overlay-gradient":""},"mobile":{"background-color":"var(--ast-global-color-5)","background-image":"","background-repeat":"repeat","background-position":"center center","background-size":"auto","background-attachment":"scroll","background-type":"","background-media":"","overlay-type":"","overlay-color":"","overlay-gradient":""}}},"product_brand":[],"product_cat":[121],"product_tag":[],"class_list":{"0":"post-3576","1":"product","2":"type-product","3":"status-publish","4":"has-post-thumbnail","6":"product_cat-vagnar","7":"desktop-align-center","8":"tablet-align-left","9":"mobile-align-left","10":"ast-product-gallery-layout-horizontal-slider","11":"ast-product-gallery-with-no-image","12":"ast-product-tabs-layout-accordion","14":"first","15":"instock","16":"shipping-taxable","17":"product-type-simple"},"_links":{"self":[{"href":"https:\/\/kavikahealthcare.fi\/sv\/wp-json\/wp\/v2\/product\/3576","targetHints":{"allow":["GET"]}}],"collection":[{"href":"https:\/\/kavikahealthcare.fi\/sv\/wp-json\/wp\/v2\/product"}],"about":[{"href":"https:\/\/kavikahealthcare.fi\/sv\/wp-json\/wp\/v2\/types\/product"}],"replies":[{"embeddable":true,"href":"https:\/\/kavikahealthcare.fi\/sv\/wp-json\/wp\/v2\/comments?post=3576"}],"wp:featuredmedia":[{"embeddable":true,"href":"https:\/\/kavikahealthcare.fi\/sv\/wp-json\/wp\/v2\/media\/3363"}],"wp:attachment":[{"href":"https:\/\/kavikahealthcare.fi\/sv\/wp-json\/wp\/v2\/media?parent=3576"}],"wp:term":[{"taxonomy":"product_brand","embeddable":true,"href":"https:\/\/kavikahealthcare.fi\/sv\/wp-json\/wp\/v2\/product_brand?post=3576"},{"taxonomy":"product_cat","embeddable":true,"href":"https:\/\/kavikahealthcare.fi\/sv\/wp-json\/wp\/v2\/product_cat?post=3576"},{"taxonomy":"product_tag","embeddable":true,"href":"https:\/\/kavikahealthcare.fi\/sv\/wp-json\/wp\/v2\/product_tag?post=3576"}],"curies":[{"name":"wp","href":"https:\/\/api.w.org\/{rel}","templated":true}]}}