{"id":3569,"date":"2024-09-12T08:21:25","date_gmt":"2024-09-12T05:21:25","guid":{"rendered":"https:\/\/kavikahealthcare.fi\/tuote\/hyllyvaunut\/"},"modified":"2024-10-25T09:01:58","modified_gmt":"2024-10-25T06:01:58","slug":"hyllvagnar","status":"publish","type":"product","link":"https:\/\/kavikahealthcare.fi\/sv\/produkt\/hyllvagnar\/","title":{"rendered":"Hyllvagnar"},"content":{"rendered":"<h2>Hyllvagnar<\/h2>\n<p>Hyllvagnarna tillverkas antingen av rostfritt eller syrabest\u00e4ndigt st\u00e5l beroende p\u00e5 anv\u00e4ndningsomr\u00e5de.<\/p>\n<p>Standardvagnar finns med fasta eller h\u00f6j- och s\u00e4nkbara hyllor. Antalet hyllor anpassas alltid efter kundens behov.<\/p>\n<p>Vagnarna levereras f\u00e4rdigmonterade och redo att anv\u00e4ndas. De har en stabil och h\u00e5llbar svetsad ram av fyrkantsr\u00f6r. Alla konstruktioner \u00e4r utformade f\u00f6r att eliminera vassa och sk\u00e4rande kanter samt f\u00f6r att underl\u00e4tta reng\u00f6ring av ytorna. Som standardhjul anv\u00e4nder vi underh\u00e5llsfria Manner Tango 125 mm hjul, varav 2\/4 \u00e4r l\u00e5sbara.<\/p>\n<h6><a href=\"https:\/\/kavikahealthcare.fi\/wp-content\/uploads\/2024\/10\/Shelf-trolleys_Produkt-card_20241018.pdf\" target=\"_blank\" rel=\"noopener\"><strong>Produktkort och Teknisk information<\/strong><\/a><\/h6>\n","protected":false},"excerpt":{"rendered":"<p>Hyllvagnar Hyllvagnarna tillverkas antingen av rostfritt eller syrabest\u00e4ndigt st\u00e5l beroende p\u00e5 anv\u00e4ndningsomr\u00e5de. Standardvagnar finns med fasta eller h\u00f6j- och s\u00e4nkbara hyllor. Antalet hyllor anpassas alltid efter kundens behov. Vagnarna levereras f\u00e4rdigmonterade och redo att anv\u00e4ndas. De har en stabil och h\u00e5llbar svetsad ram av fyrkantsr\u00f6r. Alla konstruktioner \u00e4r utformade f\u00f6r [&hellip;]<\/p>\n","protected":false},"featured_media":3399,"comment_status":"closed","ping_status":"closed","template":"","meta":{"site-sidebar-layout":"default","site-content-layout":"","ast-site-content-layout":"default","site-content-style":"default","site-sidebar-style":"default","ast-global-header-display":"","ast-banner-title-visibility":"","ast-main-header-display":"","ast-hfb-above-header-display":"","ast-hfb-below-header-display":"","ast-hfb-mobile-header-display":"","site-post-title":"","ast-breadcrumbs-content":"","ast-featured-img":"","footer-sml-layout":"","theme-transparent-header-meta":"default","adv-header-id-meta":"","stick-header-meta":"default","header-above-stick-meta":"","header-main-stick-meta":"","header-below-stick-meta":"","astra-migrate-meta-layouts":"set","ast-page-background-enabled":"default","ast-page-background-meta":{"desktop":{"background-color":"var(--ast-global-color-4)","background-image":"","background-repeat":"repeat","background-position":"center center","background-size":"auto","background-attachment":"scroll","background-type":"","background-media":"","overlay-type":"","overlay-color":"","overlay-gradient":""},"tablet":{"background-color":"","background-image":"","background-repeat":"repeat","background-position":"center center","background-size":"auto","background-attachment":"scroll","background-type":"","background-media":"","overlay-type":"","overlay-color":"","overlay-gradient":""},"mobile":{"background-color":"","background-image":"","background-repeat":"repeat","background-position":"center center","background-size":"auto","background-attachment":"scroll","background-type":"","background-media":"","overlay-type":"","overlay-color":"","overlay-gradient":""}},"ast-content-background-meta":{"desktop":{"background-color":"var(--ast-global-color-5)","background-image":"","background-repeat":"repeat","background-position":"center center","background-size":"auto","background-attachment":"scroll","background-type":"","background-media":"","overlay-type":"","overlay-color":"","overlay-gradient":""},"tablet":{"background-color":"var(--ast-global-color-5)","background-image":"","background-repeat":"repeat","background-position":"center center","background-size":"auto","background-attachment":"scroll","background-type":"","background-media":"","overlay-type":"","overlay-color":"","overlay-gradient":""},"mobile":{"background-color":"var(--ast-global-color-5)","background-image":"","background-repeat":"repeat","background-position":"center center","background-size":"auto","background-attachment":"scroll","background-type":"","background-media":"","overlay-type":"","overlay-color":"","overlay-gradient":""}}},"product_brand":[],"product_cat":[121],"product_tag":[],"class_list":{"0":"post-3569","1":"product","2":"type-product","3":"status-publish","4":"has-post-thumbnail","6":"product_cat-vagnar","7":"desktop-align-center","8":"tablet-align-left","9":"mobile-align-left","10":"ast-product-gallery-layout-horizontal-slider","11":"ast-product-tabs-layout-accordion","13":"first","14":"instock","15":"shipping-taxable","16":"product-type-simple"},"_links":{"self":[{"href":"https:\/\/kavikahealthcare.fi\/sv\/wp-json\/wp\/v2\/product\/3569","targetHints":{"allow":["GET"]}}],"collection":[{"href":"https:\/\/kavikahealthcare.fi\/sv\/wp-json\/wp\/v2\/product"}],"about":[{"href":"https:\/\/kavikahealthcare.fi\/sv\/wp-json\/wp\/v2\/types\/product"}],"replies":[{"embeddable":true,"href":"https:\/\/kavikahealthcare.fi\/sv\/wp-json\/wp\/v2\/comments?post=3569"}],"wp:featuredmedia":[{"embeddable":true,"href":"https:\/\/kavikahealthcare.fi\/sv\/wp-json\/wp\/v2\/media\/3399"}],"wp:attachment":[{"href":"https:\/\/kavikahealthcare.fi\/sv\/wp-json\/wp\/v2\/media?parent=3569"}],"wp:term":[{"taxonomy":"product_brand","embeddable":true,"href":"https:\/\/kavikahealthcare.fi\/sv\/wp-json\/wp\/v2\/product_brand?post=3569"},{"taxonomy":"product_cat","embeddable":true,"href":"https:\/\/kavikahealthcare.fi\/sv\/wp-json\/wp\/v2\/product_cat?post=3569"},{"taxonomy":"product_tag","embeddable":true,"href":"https:\/\/kavikahealthcare.fi\/sv\/wp-json\/wp\/v2\/product_tag?post=3569"}],"curies":[{"name":"wp","href":"https:\/\/api.w.org\/{rel}","templated":true}]}}