{"id":2707,"date":"2023-12-08T09:05:24","date_gmt":"2023-12-08T07:05:24","guid":{"rendered":"https:\/\/kavikahealthcare.fi\/?post_type=product&#038;p=2707"},"modified":"2025-06-03T09:53:55","modified_gmt":"2025-06-03T06:53:55","slug":"provstation","status":"publish","type":"product","link":"https:\/\/kavikahealthcare.fi\/sv\/produkt\/provstation\/","title":{"rendered":"Provstation"},"content":{"rendered":"<h2>Provstation<\/h2>\n<p>Provstationen \u00e4r avsedd f\u00f6r sk\u00f6ljning, f\u00f6rbehandling och preparering av olika prover, som ett exempel p\u00e5 hantering av v\u00e4vnadsprover i patologilaboratoriet.<\/p>\n<p>Provstationen \u00e4r utformad f\u00f6r att f\u00f6rb\u00e4ttra skyddet f\u00f6r arbetstagaren, arbetsf\u00f6rh\u00e5llandena och arbetsergonomin. Den justerbara arbetsytan kan st\u00e4llas in p\u00e5 en h\u00f6jd som \u00e4r l\u00e4mplig f\u00f6r personer med olika l\u00e4ngder f\u00f6r att s\u00e4kerst\u00e4lla den mest ergonomiska arbetsst\u00e4llningen. Anv\u00e4ndningen av fotpedalerna under arbetsytans effektiva sk\u00f6ljning och anv\u00e4ndningen av den tillvalda formalinhanken underl\u00e4ttar arbetet. Arbetsomr\u00e5det har n\u00f6dv\u00e4ndig kran- och duschutrustning f\u00f6r att sk\u00f6lja prover och arbetsytan. En kontinuerlig sk\u00f6ljning kan ocks\u00e5 appliceras p\u00e5 arbetsytan. Ventilationsl\u00f6sningen motsvarar dragsk\u00e5p.<\/p>\n<p>Arbetsomr\u00e5det i provriningsstationen kan effektivt reng\u00f6ras med sk\u00f6ljfunktionen. Som tillval finns det automatiskt reng\u00f6ringsprogram och UV-desinfektion tillg\u00e4ngliga f\u00f6r stationen.<\/p>\n<p>Standardutrustning och tillg\u00e4ngliga tillval finns listade i tekniska specifikationer.<\/p>\n<p>&nbsp;<\/p>\n","protected":false},"excerpt":{"rendered":"<p>Provstation Provstationen \u00e4r avsedd f\u00f6r sk\u00f6ljning, f\u00f6rbehandling och preparering av olika prover, som ett exempel p\u00e5 hantering av v\u00e4vnadsprover i patologilaboratoriet. Provstationen \u00e4r utformad f\u00f6r att f\u00f6rb\u00e4ttra skyddet f\u00f6r arbetstagaren, arbetsf\u00f6rh\u00e5llandena och arbetsergonomin. Den justerbara arbetsytan kan st\u00e4llas in p\u00e5 en h\u00f6jd som \u00e4r l\u00e4mplig f\u00f6r personer med olika l\u00e4ngder [&hellip;]<\/p>\n","protected":false},"featured_media":3035,"comment_status":"closed","ping_status":"closed","template":"","meta":{"site-sidebar-layout":"default","site-content-layout":"","ast-site-content-layout":"default","site-content-style":"default","site-sidebar-style":"default","ast-global-header-display":"","ast-banner-title-visibility":"","ast-main-header-display":"","ast-hfb-above-header-display":"","ast-hfb-below-header-display":"","ast-hfb-mobile-header-display":"","site-post-title":"","ast-breadcrumbs-content":"","ast-featured-img":"","footer-sml-layout":"","theme-transparent-header-meta":"default","adv-header-id-meta":"","stick-header-meta":"default","header-above-stick-meta":"","header-main-stick-meta":"","header-below-stick-meta":"","astra-migrate-meta-layouts":"set","ast-page-background-enabled":"default","ast-page-background-meta":{"desktop":{"background-color":"var(--ast-global-color-4)","background-image":"","background-repeat":"repeat","background-position":"center center","background-size":"auto","background-attachment":"scroll","background-type":"","background-media":"","overlay-type":"","overlay-color":"","overlay-gradient":""},"tablet":{"background-color":"","background-image":"","background-repeat":"repeat","background-position":"center center","background-size":"auto","background-attachment":"scroll","background-type":"","background-media":"","overlay-type":"","overlay-color":"","overlay-gradient":""},"mobile":{"background-color":"","background-image":"","background-repeat":"repeat","background-position":"center center","background-size":"auto","background-attachment":"scroll","background-type":"","background-media":"","overlay-type":"","overlay-color":"","overlay-gradient":""}},"ast-content-background-meta":{"desktop":{"background-color":"var(--ast-global-color-5)","background-image":"","background-repeat":"repeat","background-position":"center center","background-size":"auto","background-attachment":"scroll","background-type":"","background-media":"","overlay-type":"","overlay-color":"","overlay-gradient":""},"tablet":{"background-color":"var(--ast-global-color-5)","background-image":"","background-repeat":"repeat","background-position":"center center","background-size":"auto","background-attachment":"scroll","background-type":"","background-media":"","overlay-type":"","overlay-color":"","overlay-gradient":""},"mobile":{"background-color":"var(--ast-global-color-5)","background-image":"","background-repeat":"repeat","background-position":"center center","background-size":"auto","background-attachment":"scroll","background-type":"","background-media":"","overlay-type":"","overlay-color":"","overlay-gradient":""}}},"product_brand":[],"product_cat":[117,113,115],"product_tag":[],"class_list":{"0":"post-2707","1":"product","2":"type-product","3":"status-publish","4":"has-post-thumbnail","6":"product_cat-patologi","7":"product_cat-laboratorier","8":"product_cat-operationssal","9":"desktop-align-center","10":"tablet-align-left","11":"mobile-align-left","12":"ast-product-gallery-layout-horizontal-slider","13":"ast-product-tabs-layout-accordion","15":"first","16":"instock","17":"shipping-taxable","18":"product-type-simple"},"_links":{"self":[{"href":"https:\/\/kavikahealthcare.fi\/sv\/wp-json\/wp\/v2\/product\/2707","targetHints":{"allow":["GET"]}}],"collection":[{"href":"https:\/\/kavikahealthcare.fi\/sv\/wp-json\/wp\/v2\/product"}],"about":[{"href":"https:\/\/kavikahealthcare.fi\/sv\/wp-json\/wp\/v2\/types\/product"}],"replies":[{"embeddable":true,"href":"https:\/\/kavikahealthcare.fi\/sv\/wp-json\/wp\/v2\/comments?post=2707"}],"wp:featuredmedia":[{"embeddable":true,"href":"https:\/\/kavikahealthcare.fi\/sv\/wp-json\/wp\/v2\/media\/3035"}],"wp:attachment":[{"href":"https:\/\/kavikahealthcare.fi\/sv\/wp-json\/wp\/v2\/media?parent=2707"}],"wp:term":[{"taxonomy":"product_brand","embeddable":true,"href":"https:\/\/kavikahealthcare.fi\/sv\/wp-json\/wp\/v2\/product_brand?post=2707"},{"taxonomy":"product_cat","embeddable":true,"href":"https:\/\/kavikahealthcare.fi\/sv\/wp-json\/wp\/v2\/product_cat?post=2707"},{"taxonomy":"product_tag","embeddable":true,"href":"https:\/\/kavikahealthcare.fi\/sv\/wp-json\/wp\/v2\/product_tag?post=2707"}],"curies":[{"name":"wp","href":"https:\/\/api.w.org\/{rel}","templated":true}]}}