{"id":2686,"date":"2023-12-07T15:56:09","date_gmt":"2023-12-07T13:56:09","guid":{"rendered":"https:\/\/kavikahealthcare.fi\/?post_type=product&#038;p=2686"},"modified":"2025-06-03T09:53:58","modified_gmt":"2025-06-03T06:53:58","slug":"packningsbord","status":"publish","type":"product","link":"https:\/\/kavikahealthcare.fi\/sv\/produkt\/packningsbord\/","title":{"rendered":"Packningsbord"},"content":{"rendered":"<div class=\"flex-1 overflow-hidden\">\n<div class=\"react-scroll-to-bottom--css-yjvjp-79elbk h-full\">\n<div class=\"react-scroll-to-bottom--css-yjvjp-1n7m0yu\">\n<div class=\"flex flex-col pb-9 text-sm\">\n<div class=\"w-full text-token-text-primary\" data-testid=\"conversation-turn-5\">\n<div class=\"px-4 py-2 justify-center text-base md:gap-6 m-auto\">\n<div class=\"flex flex-1 text-base mx-auto gap-3 md:px-5 lg:px-1 xl:px-5 md:max-w-3xl lg:max-w-[40rem] xl:max-w-[48rem] } group final-completion\">\n<div class=\"relative flex w-full flex-col lg:w-[calc(100%-115px)] agent-turn\">\n<div class=\"flex-col gap-1 md:gap-3\">\n<div class=\"flex flex-grow flex-col max-w-full\">\n<div class=\"min-h-[20px] text-message flex flex-col items-start gap-3 whitespace-pre-wrap break-words [.text-message+&amp;]:mt-5 overflow-x-auto\" data-message-author-role=\"assistant\" data-message-id=\"00f384ac-2a39-4445-9dd6-90c0edf4590c\">\n<div class=\"markdown prose w-full break-words dark:prose-invert light\">\n<h2>Packningsbord<\/h2>\n<p>Packningsbordet \u00e4r idealiskt f\u00f6r instrumentsterilisering och f\u00f6rpackning av sterila f\u00f6rn\u00f6denheter och instrument. Materialen som anv\u00e4nds inkluderar rostfritt st\u00e5l f\u00f6r ramen och antingen komposit eller laminat f\u00f6r arbetsytor. Rostfria st\u00e5ldelar kan pulverlackeras, och f\u00e4rgen p\u00e5 komposit och laminat kan v\u00e4ljas.<\/p>\n<p>S\u00e4rskild uppm\u00e4rksamhet har \u00e4gnats \u00e5t god ergonomisk design i planeringen. Det h\u00f6jdjusterbara packningsbordet kan st\u00e4llas in p\u00e5 en optimal arbetsniv\u00e5. Ergonomin beaktas \u00e4ven vid placering och justering av hyllor f\u00f6r skrivare och f\u00f6rvaring, liksom tangentbord och monitorplatser.<\/p>\n<p>Som tillval kan dimbara lampor installeras ovanp\u00e5 och p\u00e5 sidorna av bordet. Tekniska anslutningar som data, eluttag och tryckluft \u00e4r valfria tillbeh\u00f6r, och deras antal och placering kan anpassas efter specifika behov.<\/p>\n<h6><a href=\"https:\/\/kavikahealthcare.fi\/wp-content\/uploads\/2024\/10\/Packing-tables_Produkt-card_20241018.pdf\" target=\"_blank\" rel=\"noopener\"><strong>Produktkort och Teknisk information<\/strong><\/a><\/h6>\n<\/div>\n<\/div>\n<\/div>\n<\/div>\n<\/div>\n<\/div>\n<\/div>\n<\/div>\n<p>&nbsp;<\/p>\n<\/div>\n<\/div>\n<\/div>\n<\/div>\n","protected":false},"excerpt":{"rendered":"<p>Packningsbord Packningsbordet \u00e4r idealiskt f\u00f6r instrumentsterilisering och f\u00f6rpackning av sterila f\u00f6rn\u00f6denheter och instrument. Materialen som anv\u00e4nds inkluderar rostfritt st\u00e5l f\u00f6r ramen och antingen komposit eller laminat f\u00f6r arbetsytor. Rostfria st\u00e5ldelar kan pulverlackeras, och f\u00e4rgen p\u00e5 komposit och laminat kan v\u00e4ljas. S\u00e4rskild uppm\u00e4rksamhet har \u00e4gnats \u00e5t god ergonomisk design i planeringen. [&hellip;]<\/p>\n","protected":false},"featured_media":3090,"comment_status":"closed","ping_status":"closed","template":"","meta":{"site-sidebar-layout":"default","site-content-layout":"","ast-site-content-layout":"default","site-content-style":"default","site-sidebar-style":"default","ast-global-header-display":"","ast-banner-title-visibility":"","ast-main-header-display":"","ast-hfb-above-header-display":"","ast-hfb-below-header-display":"","ast-hfb-mobile-header-display":"","site-post-title":"","ast-breadcrumbs-content":"","ast-featured-img":"","footer-sml-layout":"","theme-transparent-header-meta":"default","adv-header-id-meta":"","stick-header-meta":"default","header-above-stick-meta":"","header-main-stick-meta":"","header-below-stick-meta":"","astra-migrate-meta-layouts":"set","ast-page-background-enabled":"default","ast-page-background-meta":{"desktop":{"background-color":"var(--ast-global-color-4)","background-image":"","background-repeat":"repeat","background-position":"center center","background-size":"auto","background-attachment":"scroll","background-type":"","background-media":"","overlay-type":"","overlay-color":"","overlay-gradient":""},"tablet":{"background-color":"","background-image":"","background-repeat":"repeat","background-position":"center center","background-size":"auto","background-attachment":"scroll","background-type":"","background-media":"","overlay-type":"","overlay-color":"","overlay-gradient":""},"mobile":{"background-color":"","background-image":"","background-repeat":"repeat","background-position":"center center","background-size":"auto","background-attachment":"scroll","background-type":"","background-media":"","overlay-type":"","overlay-color":"","overlay-gradient":""}},"ast-content-background-meta":{"desktop":{"background-color":"var(--ast-global-color-5)","background-image":"","background-repeat":"repeat","background-position":"center center","background-size":"auto","background-attachment":"scroll","background-type":"","background-media":"","overlay-type":"","overlay-color":"","overlay-gradient":""},"tablet":{"background-color":"var(--ast-global-color-5)","background-image":"","background-repeat":"repeat","background-position":"center center","background-size":"auto","background-attachment":"scroll","background-type":"","background-media":"","overlay-type":"","overlay-color":"","overlay-gradient":""},"mobile":{"background-color":"var(--ast-global-color-5)","background-image":"","background-repeat":"repeat","background-position":"center center","background-size":"auto","background-attachment":"scroll","background-type":"","background-media":"","overlay-type":"","overlay-color":"","overlay-gradient":""}}},"product_brand":[],"product_cat":[123],"product_tag":[],"class_list":{"0":"post-2686","1":"product","2":"type-product","3":"status-publish","4":"has-post-thumbnail","6":"product_cat-utrustningsunderhall","7":"desktop-align-center","8":"tablet-align-left","9":"mobile-align-left","10":"ast-product-gallery-layout-horizontal-slider","11":"ast-product-tabs-layout-accordion","13":"first","14":"instock","15":"shipping-taxable","16":"product-type-simple"},"_links":{"self":[{"href":"https:\/\/kavikahealthcare.fi\/sv\/wp-json\/wp\/v2\/product\/2686","targetHints":{"allow":["GET"]}}],"collection":[{"href":"https:\/\/kavikahealthcare.fi\/sv\/wp-json\/wp\/v2\/product"}],"about":[{"href":"https:\/\/kavikahealthcare.fi\/sv\/wp-json\/wp\/v2\/types\/product"}],"replies":[{"embeddable":true,"href":"https:\/\/kavikahealthcare.fi\/sv\/wp-json\/wp\/v2\/comments?post=2686"}],"wp:featuredmedia":[{"embeddable":true,"href":"https:\/\/kavikahealthcare.fi\/sv\/wp-json\/wp\/v2\/media\/3090"}],"wp:attachment":[{"href":"https:\/\/kavikahealthcare.fi\/sv\/wp-json\/wp\/v2\/media?parent=2686"}],"wp:term":[{"taxonomy":"product_brand","embeddable":true,"href":"https:\/\/kavikahealthcare.fi\/sv\/wp-json\/wp\/v2\/product_brand?post=2686"},{"taxonomy":"product_cat","embeddable":true,"href":"https:\/\/kavikahealthcare.fi\/sv\/wp-json\/wp\/v2\/product_cat?post=2686"},{"taxonomy":"product_tag","embeddable":true,"href":"https:\/\/kavikahealthcare.fi\/sv\/wp-json\/wp\/v2\/product_tag?post=2686"}],"curies":[{"name":"wp","href":"https:\/\/api.w.org\/{rel}","templated":true}]}}