{"id":1530,"date":"2023-06-14T10:38:04","date_gmt":"2023-06-14T07:38:04","guid":{"rendered":"https:\/\/kavikahealthcare.fi\/?post_type=product&#038;p=1530"},"modified":"2025-06-03T09:54:00","modified_gmt":"2025-06-03T06:54:00","slug":"langsamt-genomflodeskap","status":"publish","type":"product","link":"https:\/\/kavikahealthcare.fi\/sv\/produkt\/langsamt-genomflodeskap\/","title":{"rendered":"L\u00e5ngsamt genomfl\u00f6desk\u00e5p"},"content":{"rendered":"<h2>L\u00e5ngsamt genomfl\u00f6desk\u00e5p<\/h2>\n<p>Sk\u00e5pet \u00e4r avsett f\u00f6r att torka material i kriminaltekniska till\u00e4mpningar f\u00f6re DNA-analys. Sk\u00e5pet \u00e4r utrustat med avtagbara krokar f\u00f6r enkel upph\u00e4ngning av material.<\/p>\n<p>Under torkningsfasen cirkulerar den inkommande luften i sk\u00e5pet med 40\u2013100 l\/s beroende p\u00e5 material och g\u00e5r sedan ut genom ventilationskanal. Ventilationsstyrningen anv\u00e4nder sensorer f\u00f6r att justera luftfl\u00f6det i sk\u00e5pet och h\u00e5ller samma tryck som utanf\u00f6r sk\u00e5pet. Styrenheten f\u00f6r ventilationen medf\u00f6ljer inte sk\u00e5pet.<\/p>\n<p>Sk\u00e5pet inkluderar en tv\u00e4ttfunktion. Kallt och varmt vatten sprutas fr\u00e5n vattenmunstycken som sitter i sk\u00e5ptaket. Avloppet \u00e4r placerat i botten av sk\u00e5pet. Kall- och varmvattenkranar levereras med sk\u00e5pet.<\/p>\n<h6><a href=\"https:\/\/kavikahealthcare.fi\/wp-content\/uploads\/2024\/10\/Slow-flow-through-cabinets_Produkt-card_20241018.pdf\" target=\"_blank\" rel=\"noopener\"><strong>Produktkort och Teknisk information<\/strong><\/a><\/h6>\n","protected":false},"excerpt":{"rendered":"<p>L\u00e5ngsamt genomfl\u00f6desk\u00e5p Sk\u00e5pet \u00e4r avsett f\u00f6r att torka material i kriminaltekniska till\u00e4mpningar f\u00f6re DNA-analys. Sk\u00e5pet \u00e4r utrustat med avtagbara krokar f\u00f6r enkel upph\u00e4ngning av material. Under torkningsfasen cirkulerar den inkommande luften i sk\u00e5pet med 40\u2013100 l\/s beroende p\u00e5 material och g\u00e5r sedan ut genom ventilationskanal. Ventilationsstyrningen anv\u00e4nder sensorer f\u00f6r att [&hellip;]<\/p>\n","protected":false},"featured_media":2911,"comment_status":"closed","ping_status":"closed","template":"","meta":{"site-sidebar-layout":"default","site-content-layout":"default","ast-site-content-layout":"default","site-content-style":"default","site-sidebar-style":"default","ast-global-header-display":"","ast-banner-title-visibility":"","ast-main-header-display":"","ast-hfb-above-header-display":"","ast-hfb-below-header-display":"","ast-hfb-mobile-header-display":"","site-post-title":"","ast-breadcrumbs-content":"","ast-featured-img":"","footer-sml-layout":"","theme-transparent-header-meta":"default","adv-header-id-meta":"","stick-header-meta":"default","header-above-stick-meta":"","header-main-stick-meta":"","header-below-stick-meta":"","astra-migrate-meta-layouts":"set","ast-page-background-enabled":"default","ast-page-background-meta":{"desktop":{"background-color":"var(--ast-global-color-4)","background-image":"","background-repeat":"repeat","background-position":"center center","background-size":"auto","background-attachment":"scroll","background-type":"","background-media":"","overlay-type":"","overlay-color":"","overlay-gradient":""},"tablet":{"background-color":"","background-image":"","background-repeat":"repeat","background-position":"center center","background-size":"auto","background-attachment":"scroll","background-type":"","background-media":"","overlay-type":"","overlay-color":"","overlay-gradient":""},"mobile":{"background-color":"","background-image":"","background-repeat":"repeat","background-position":"center center","background-size":"auto","background-attachment":"scroll","background-type":"","background-media":"","overlay-type":"","overlay-color":"","overlay-gradient":""}},"ast-content-background-meta":{"desktop":{"background-color":"var(--ast-global-color-5)","background-image":"","background-repeat":"repeat","background-position":"center center","background-size":"auto","background-attachment":"scroll","background-type":"","background-media":"","overlay-type":"","overlay-color":"","overlay-gradient":""},"tablet":{"background-color":"var(--ast-global-color-5)","background-image":"","background-repeat":"repeat","background-position":"center center","background-size":"auto","background-attachment":"scroll","background-type":"","background-media":"","overlay-type":"","overlay-color":"","overlay-gradient":""},"mobile":{"background-color":"var(--ast-global-color-5)","background-image":"","background-repeat":"repeat","background-position":"center center","background-size":"auto","background-attachment":"scroll","background-type":"","background-media":"","overlay-type":"","overlay-color":"","overlay-gradient":""}}},"product_brand":[],"product_cat":[113],"product_tag":[],"class_list":{"0":"post-1530","1":"product","2":"type-product","3":"status-publish","4":"has-post-thumbnail","6":"product_cat-laboratorier","7":"desktop-align-center","8":"tablet-align-left","9":"mobile-align-left","10":"ast-product-gallery-layout-horizontal-slider","11":"ast-product-tabs-layout-accordion","13":"first","14":"instock","15":"shipping-taxable","16":"product-type-simple"},"_links":{"self":[{"href":"https:\/\/kavikahealthcare.fi\/sv\/wp-json\/wp\/v2\/product\/1530","targetHints":{"allow":["GET"]}}],"collection":[{"href":"https:\/\/kavikahealthcare.fi\/sv\/wp-json\/wp\/v2\/product"}],"about":[{"href":"https:\/\/kavikahealthcare.fi\/sv\/wp-json\/wp\/v2\/types\/product"}],"replies":[{"embeddable":true,"href":"https:\/\/kavikahealthcare.fi\/sv\/wp-json\/wp\/v2\/comments?post=1530"}],"wp:featuredmedia":[{"embeddable":true,"href":"https:\/\/kavikahealthcare.fi\/sv\/wp-json\/wp\/v2\/media\/2911"}],"wp:attachment":[{"href":"https:\/\/kavikahealthcare.fi\/sv\/wp-json\/wp\/v2\/media?parent=1530"}],"wp:term":[{"taxonomy":"product_brand","embeddable":true,"href":"https:\/\/kavikahealthcare.fi\/sv\/wp-json\/wp\/v2\/product_brand?post=1530"},{"taxonomy":"product_cat","embeddable":true,"href":"https:\/\/kavikahealthcare.fi\/sv\/wp-json\/wp\/v2\/product_cat?post=1530"},{"taxonomy":"product_tag","embeddable":true,"href":"https:\/\/kavikahealthcare.fi\/sv\/wp-json\/wp\/v2\/product_tag?post=1530"}],"curies":[{"name":"wp","href":"https:\/\/api.w.org\/{rel}","templated":true}]}}