{"id":1528,"date":"2023-06-08T11:59:19","date_gmt":"2023-06-08T08:59:19","guid":{"rendered":"https:\/\/kavikahealthcare.fi\/?post_type=product&#038;p=1528"},"modified":"2026-04-01T09:42:14","modified_gmt":"2026-04-01T06:42:14","slug":"utslagstrattar","status":"publish","type":"product","link":"https:\/\/kavikahealthcare.fi\/sv\/produkt\/utslagstrattar\/","title":{"rendered":"Utslagstrattar"},"content":{"rendered":"<h2>Utslagstrattar<\/h2>\n<p>Utslagstratt 3180 \u00e4r en v\u00e4ggh\u00e4ngd utslagstratt med kantsk\u00f6ljning, som kan anv\u00e4ndas exempelvis i laboratorier f\u00f6r att spola ner sekret, sm\u00e5 bitar av v\u00e4vnad och liknande. Utslagstratten sk\u00f6ljs med hj\u00e4lp av en kran med tryckknapp.<\/p>\n<p>Utslagstratt 3181 och 3182 monteras p\u00e5 diskho, arbetsb\u00e4nk eller dragsk\u00e5psskiva. F\u00f6rutom mekanisk sk\u00f6ljning kan en touch-free mekanism anv\u00e4ndas.<\/p>\n<p>En avloppsklosett rekommenderas f\u00f6r att spola ner st\u00f6rre fast och flytande avfall.<\/p>\n<h6><a href=\"https:\/\/kavikahealthcare.fi\/wp-content\/uploads\/2026\/04\/Slop-sinks_Product-card_20260330.pdf\" target=\"_blank\" rel=\"noopener\"><strong>Produktkort och Teknisk information<\/strong><\/a><\/h6>\n","protected":false},"excerpt":{"rendered":"<p>Utslagstrattar Utslagstratt 3180 \u00e4r en v\u00e4ggh\u00e4ngd utslagstratt med kantsk\u00f6ljning, som kan anv\u00e4ndas exempelvis i laboratorier f\u00f6r att spola ner sekret, sm\u00e5 bitar av v\u00e4vnad och liknande. Utslagstratten sk\u00f6ljs med hj\u00e4lp av en kran med tryckknapp. Utslagstratt 3181 och 3182 monteras p\u00e5 diskho, arbetsb\u00e4nk eller dragsk\u00e5psskiva. F\u00f6rutom mekanisk sk\u00f6ljning kan en [&hellip;]<\/p>\n","protected":false},"featured_media":4743,"comment_status":"closed","ping_status":"closed","template":"","meta":{"site-sidebar-layout":"default","site-content-layout":"default","ast-site-content-layout":"default","site-content-style":"default","site-sidebar-style":"default","ast-global-header-display":"","ast-banner-title-visibility":"","ast-main-header-display":"","ast-hfb-above-header-display":"","ast-hfb-below-header-display":"","ast-hfb-mobile-header-display":"","site-post-title":"","ast-breadcrumbs-content":"","ast-featured-img":"","footer-sml-layout":"","theme-transparent-header-meta":"default","adv-header-id-meta":"","stick-header-meta":"default","header-above-stick-meta":"","header-main-stick-meta":"","header-below-stick-meta":"","astra-migrate-meta-layouts":"set","ast-page-background-enabled":"default","ast-page-background-meta":{"desktop":{"background-color":"var(--ast-global-color-4)","background-image":"","background-repeat":"repeat","background-position":"center center","background-size":"auto","background-attachment":"scroll","background-type":"","background-media":"","overlay-type":"","overlay-color":"","overlay-gradient":""},"tablet":{"background-color":"","background-image":"","background-repeat":"repeat","background-position":"center center","background-size":"auto","background-attachment":"scroll","background-type":"","background-media":"","overlay-type":"","overlay-color":"","overlay-gradient":""},"mobile":{"background-color":"","background-image":"","background-repeat":"repeat","background-position":"center center","background-size":"auto","background-attachment":"scroll","background-type":"","background-media":"","overlay-type":"","overlay-color":"","overlay-gradient":""}},"ast-content-background-meta":{"desktop":{"background-color":"var(--ast-global-color-5)","background-image":"","background-repeat":"repeat","background-position":"center center","background-size":"auto","background-attachment":"scroll","background-type":"","background-media":"","overlay-type":"","overlay-color":"","overlay-gradient":""},"tablet":{"background-color":"var(--ast-global-color-5)","background-image":"","background-repeat":"repeat","background-position":"center center","background-size":"auto","background-attachment":"scroll","background-type":"","background-media":"","overlay-type":"","overlay-color":"","overlay-gradient":""},"mobile":{"background-color":"var(--ast-global-color-5)","background-image":"","background-repeat":"repeat","background-position":"center center","background-size":"auto","background-attachment":"scroll","background-type":"","background-media":"","overlay-type":"","overlay-color":"","overlay-gradient":""}}},"product_brand":[],"product_cat":[117,113],"product_tag":[],"class_list":{"0":"post-1528","1":"product","2":"type-product","3":"status-publish","4":"has-post-thumbnail","6":"product_cat-patologi","7":"product_cat-laboratorier","8":"desktop-align-center","9":"tablet-align-left","10":"mobile-align-left","11":"ast-product-gallery-layout-horizontal-slider","12":"ast-product-tabs-layout-accordion","14":"first","15":"instock","16":"shipping-taxable","17":"product-type-simple"},"_links":{"self":[{"href":"https:\/\/kavikahealthcare.fi\/sv\/wp-json\/wp\/v2\/product\/1528","targetHints":{"allow":["GET"]}}],"collection":[{"href":"https:\/\/kavikahealthcare.fi\/sv\/wp-json\/wp\/v2\/product"}],"about":[{"href":"https:\/\/kavikahealthcare.fi\/sv\/wp-json\/wp\/v2\/types\/product"}],"replies":[{"embeddable":true,"href":"https:\/\/kavikahealthcare.fi\/sv\/wp-json\/wp\/v2\/comments?post=1528"}],"wp:featuredmedia":[{"embeddable":true,"href":"https:\/\/kavikahealthcare.fi\/sv\/wp-json\/wp\/v2\/media\/4743"}],"wp:attachment":[{"href":"https:\/\/kavikahealthcare.fi\/sv\/wp-json\/wp\/v2\/media?parent=1528"}],"wp:term":[{"taxonomy":"product_brand","embeddable":true,"href":"https:\/\/kavikahealthcare.fi\/sv\/wp-json\/wp\/v2\/product_brand?post=1528"},{"taxonomy":"product_cat","embeddable":true,"href":"https:\/\/kavikahealthcare.fi\/sv\/wp-json\/wp\/v2\/product_cat?post=1528"},{"taxonomy":"product_tag","embeddable":true,"href":"https:\/\/kavikahealthcare.fi\/sv\/wp-json\/wp\/v2\/product_tag?post=1528"}],"curies":[{"name":"wp","href":"https:\/\/api.w.org\/{rel}","templated":true}]}}