{"id":1526,"date":"2023-06-08T11:58:44","date_gmt":"2023-06-08T08:58:44","guid":{"rendered":"https:\/\/kavikahealthcare.fi\/?post_type=product&#038;p=1526"},"modified":"2025-06-03T09:54:29","modified_gmt":"2025-06-03T06:54:29","slug":"utslagsklosetter","status":"publish","type":"product","link":"https:\/\/kavikahealthcare.fi\/sv\/produkt\/utslagsklosetter\/","title":{"rendered":"Utslagsklosetter"},"content":{"rendered":"<h2>Utslagsklosett 3076, 3075\/V touch-free<\/h2>\n<p>Utslagsklosetter anv\u00e4nds f\u00f6r att spola ner fast och flytande avfall i avloppet. Till exempel sk\u00e5lar och flaskor kan t\u00f6mmas i klosetten.<\/p>\n<p>Utslagsklosettens insida \u00e4r sl\u00e4t och utformad s\u00e5 att avfallet spolas ner ordentligt. En spolningsring under kanten p\u00e5 t\u00f6mnings\u00f6ppningen f\u00f6rdelar vattnet j\u00e4mnt i klosetten. Avfallet spolas med hj\u00e4lp av en manuell spolningsventil. Klosetten tillverkas \u00e4ven med ett fotman\u00f6vrerat munstycke f\u00f6r enkel sk\u00f6ljning av beh\u00e5llarna.<\/p>\n<p>T\u00f6mningsytan p\u00e5 avloppsklosett 3075\/V och 3076\/V \u00e4r vinklad f\u00f6r att underl\u00e4tta t\u00f6mning av beh\u00e5llarna och f\u00f6rb\u00e4ttra ergonomin.<\/p>\n<h6><a href=\"https:\/\/kavikahealthcare.fi\/wp-content\/uploads\/2025\/02\/Slop-closets_Product-card_20241018.pdf\" target=\"_blank\" rel=\"noopener\"><strong>Produktkort och Teknisk information<\/strong><\/a><\/h6>\n<p>&nbsp;<\/p>\n<h5>Maintenance videos<\/h5>\n<h6><a href=\"https:\/\/youtu.be\/uvr78H2Veks\" target=\"_blank\" rel=\"noopener\">Cleaning the flushing valve and piston<\/a><a href=\"https:\/\/youtu.be\/dh-s-47LCW8\" target=\"_blank\" rel=\"noopener\"><br \/>\n<\/a><a href=\"https:\/\/youtu.be\/677Se98zEgw\" target=\"_blank\" rel=\"noopener\">Adjustment of flushing time and flow<\/a><a href=\"https:\/\/youtu.be\/dh-s-47LCW8\" target=\"_blank\" rel=\"noopener\"><br \/>\n<\/a><a href=\"https:\/\/youtu.be\/dh-s-47LCW8\" target=\"_blank\" rel=\"noopener\">Spindle replacement and cleaning the mud separator<\/a><\/h6>\n<p>&nbsp;<\/p>\n","protected":false},"excerpt":{"rendered":"<p>Utslagsklosett 3076, 3075\/V touch-free Utslagsklosetter anv\u00e4nds f\u00f6r att spola ner fast och flytande avfall i avloppet. Till exempel sk\u00e5lar och flaskor kan t\u00f6mmas i klosetten. Utslagsklosettens insida \u00e4r sl\u00e4t och utformad s\u00e5 att avfallet spolas ner ordentligt. En spolningsring under kanten p\u00e5 t\u00f6mnings\u00f6ppningen f\u00f6rdelar vattnet j\u00e4mnt i klosetten. Avfallet spolas [&hellip;]<\/p>\n","protected":false},"featured_media":2950,"comment_status":"closed","ping_status":"closed","template":"","meta":{"site-sidebar-layout":"default","site-content-layout":"default","ast-site-content-layout":"default","site-content-style":"default","site-sidebar-style":"default","ast-global-header-display":"","ast-banner-title-visibility":"","ast-main-header-display":"","ast-hfb-above-header-display":"","ast-hfb-below-header-display":"","ast-hfb-mobile-header-display":"","site-post-title":"","ast-breadcrumbs-content":"","ast-featured-img":"","footer-sml-layout":"","theme-transparent-header-meta":"default","adv-header-id-meta":"","stick-header-meta":"default","header-above-stick-meta":"","header-main-stick-meta":"","header-below-stick-meta":"","astra-migrate-meta-layouts":"set","ast-page-background-enabled":"default","ast-page-background-meta":{"desktop":{"background-color":"var(--ast-global-color-4)","background-image":"","background-repeat":"repeat","background-position":"center center","background-size":"auto","background-attachment":"scroll","background-type":"","background-media":"","overlay-type":"","overlay-color":"","overlay-gradient":""},"tablet":{"background-color":"","background-image":"","background-repeat":"repeat","background-position":"center center","background-size":"auto","background-attachment":"scroll","background-type":"","background-media":"","overlay-type":"","overlay-color":"","overlay-gradient":""},"mobile":{"background-color":"","background-image":"","background-repeat":"repeat","background-position":"center center","background-size":"auto","background-attachment":"scroll","background-type":"","background-media":"","overlay-type":"","overlay-color":"","overlay-gradient":""}},"ast-content-background-meta":{"desktop":{"background-color":"var(--ast-global-color-5)","background-image":"","background-repeat":"repeat","background-position":"center center","background-size":"auto","background-attachment":"scroll","background-type":"","background-media":"","overlay-type":"","overlay-color":"","overlay-gradient":""},"tablet":{"background-color":"var(--ast-global-color-5)","background-image":"","background-repeat":"repeat","background-position":"center center","background-size":"auto","background-attachment":"scroll","background-type":"","background-media":"","overlay-type":"","overlay-color":"","overlay-gradient":""},"mobile":{"background-color":"var(--ast-global-color-5)","background-image":"","background-repeat":"repeat","background-position":"center center","background-size":"auto","background-attachment":"scroll","background-type":"","background-media":"","overlay-type":"","overlay-color":"","overlay-gradient":""}}},"product_brand":[],"product_cat":[117,123],"product_tag":[],"class_list":{"0":"post-1526","1":"product","2":"type-product","3":"status-publish","4":"has-post-thumbnail","6":"product_cat-patologi","7":"product_cat-utrustningsunderhall","8":"desktop-align-center","9":"tablet-align-left","10":"mobile-align-left","11":"ast-product-gallery-layout-horizontal-slider","12":"ast-product-tabs-layout-accordion","14":"first","15":"instock","16":"shipping-taxable","17":"product-type-simple"},"_links":{"self":[{"href":"https:\/\/kavikahealthcare.fi\/sv\/wp-json\/wp\/v2\/product\/1526","targetHints":{"allow":["GET"]}}],"collection":[{"href":"https:\/\/kavikahealthcare.fi\/sv\/wp-json\/wp\/v2\/product"}],"about":[{"href":"https:\/\/kavikahealthcare.fi\/sv\/wp-json\/wp\/v2\/types\/product"}],"replies":[{"embeddable":true,"href":"https:\/\/kavikahealthcare.fi\/sv\/wp-json\/wp\/v2\/comments?post=1526"}],"wp:featuredmedia":[{"embeddable":true,"href":"https:\/\/kavikahealthcare.fi\/sv\/wp-json\/wp\/v2\/media\/2950"}],"wp:attachment":[{"href":"https:\/\/kavikahealthcare.fi\/sv\/wp-json\/wp\/v2\/media?parent=1526"}],"wp:term":[{"taxonomy":"product_brand","embeddable":true,"href":"https:\/\/kavikahealthcare.fi\/sv\/wp-json\/wp\/v2\/product_brand?post=1526"},{"taxonomy":"product_cat","embeddable":true,"href":"https:\/\/kavikahealthcare.fi\/sv\/wp-json\/wp\/v2\/product_cat?post=1526"},{"taxonomy":"product_tag","embeddable":true,"href":"https:\/\/kavikahealthcare.fi\/sv\/wp-json\/wp\/v2\/product_tag?post=1526"}],"curies":[{"name":"wp","href":"https:\/\/api.w.org\/{rel}","templated":true}]}}