{"id":1524,"date":"2023-06-08T11:57:34","date_gmt":"2023-06-08T08:57:34","guid":{"rendered":"https:\/\/kavikahealthcare.fi\/?post_type=product&#038;p=1524"},"modified":"2025-06-03T09:54:30","modified_gmt":"2025-06-03T06:54:30","slug":"diskbankskivor-och-arbetsbankskivor","status":"publish","type":"product","link":"https:\/\/kavikahealthcare.fi\/sv\/produkt\/diskbankskivor-och-arbetsbankskivor\/","title":{"rendered":"Diskb\u00e4nkskivor och Arbetsb\u00e4nkskivor"},"content":{"rendered":"<h2><strong>Diskb\u00e4nkskivor 5000\/P och Arbetsb\u00e4nkskivor 5000\/T<\/strong><\/h2>\n<p>Disk- och arbetsb\u00e4nkskivor tillverkas antingen av rostfritt eller syrafast st\u00e5l beroende p\u00e5 anv\u00e4ndningsomr\u00e5de. Alla konstruktioner har utformats f\u00f6r att eliminera vassa och sk\u00e4rande kanter samt f\u00f6r att underl\u00e4tta reng\u00f6ring av ytorna.<\/p>\n<h6><strong>Diskb\u00e4nkskiva 5000\/P<\/strong><\/h6>\n<p>Tillverkas med diskb\u00e4nkskant. Hoarna kan placeras fritt, antingen individuellt, i par eller i en rad. B\u00e4nkskivorna finns \u00e4ven med bakkanter i olika h\u00f6jder.<\/p>\n<h6><strong>Arbetsb\u00e4nkskiva 5000\/T<\/strong><\/h6>\n<p>Tillverkas normalt med rak kant, s\u00e5 kallad AT-kant, men kan vid behov \u00e4ven tillverkas med diskb\u00e4nkskant. B\u00e4nkskivorna finns ocks\u00e5 med bakkanter i olika h\u00f6jder.<\/p>\n","protected":false},"excerpt":{"rendered":"<p>Diskb\u00e4nkskivor 5000\/P och Arbetsb\u00e4nkskivor 5000\/T Disk- och arbetsb\u00e4nkskivor tillverkas antingen av rostfritt eller syrafast st\u00e5l beroende p\u00e5 anv\u00e4ndningsomr\u00e5de. Alla konstruktioner har utformats f\u00f6r att eliminera vassa och sk\u00e4rande kanter samt f\u00f6r att underl\u00e4tta reng\u00f6ring av ytorna. Diskb\u00e4nkskiva 5000\/P Tillverkas med diskb\u00e4nkskant. Hoarna kan placeras fritt, antingen individuellt, i par eller [&hellip;]<\/p>\n","protected":false},"featured_media":2864,"comment_status":"closed","ping_status":"closed","template":"","meta":{"site-sidebar-layout":"default","site-content-layout":"default","ast-site-content-layout":"default","site-content-style":"default","site-sidebar-style":"default","ast-global-header-display":"","ast-banner-title-visibility":"","ast-main-header-display":"","ast-hfb-above-header-display":"","ast-hfb-below-header-display":"","ast-hfb-mobile-header-display":"","site-post-title":"","ast-breadcrumbs-content":"","ast-featured-img":"","footer-sml-layout":"","theme-transparent-header-meta":"default","adv-header-id-meta":"","stick-header-meta":"default","header-above-stick-meta":"","header-main-stick-meta":"","header-below-stick-meta":"","astra-migrate-meta-layouts":"set","ast-page-background-enabled":"default","ast-page-background-meta":{"desktop":{"background-color":"var(--ast-global-color-4)","background-image":"","background-repeat":"repeat","background-position":"center center","background-size":"auto","background-attachment":"scroll","background-type":"","background-media":"","overlay-type":"","overlay-color":"","overlay-gradient":""},"tablet":{"background-color":"","background-image":"","background-repeat":"repeat","background-position":"center center","background-size":"auto","background-attachment":"scroll","background-type":"","background-media":"","overlay-type":"","overlay-color":"","overlay-gradient":""},"mobile":{"background-color":"","background-image":"","background-repeat":"repeat","background-position":"center center","background-size":"auto","background-attachment":"scroll","background-type":"","background-media":"","overlay-type":"","overlay-color":"","overlay-gradient":""}},"ast-content-background-meta":{"desktop":{"background-color":"var(--ast-global-color-5)","background-image":"","background-repeat":"repeat","background-position":"center center","background-size":"auto","background-attachment":"scroll","background-type":"","background-media":"","overlay-type":"","overlay-color":"","overlay-gradient":""},"tablet":{"background-color":"var(--ast-global-color-5)","background-image":"","background-repeat":"repeat","background-position":"center center","background-size":"auto","background-attachment":"scroll","background-type":"","background-media":"","overlay-type":"","overlay-color":"","overlay-gradient":""},"mobile":{"background-color":"var(--ast-global-color-5)","background-image":"","background-repeat":"repeat","background-position":"center center","background-size":"auto","background-attachment":"scroll","background-type":"","background-media":"","overlay-type":"","overlay-color":"","overlay-gradient":""}}},"product_brand":[],"product_cat":[117,113,123],"product_tag":[],"class_list":{"0":"post-1524","1":"product","2":"type-product","3":"status-publish","4":"has-post-thumbnail","6":"product_cat-patologi","7":"product_cat-laboratorier","8":"product_cat-utrustningsunderhall","9":"desktop-align-center","10":"tablet-align-left","11":"mobile-align-left","12":"ast-product-gallery-layout-horizontal-slider","13":"ast-product-tabs-layout-accordion","15":"first","16":"instock","17":"shipping-taxable","18":"product-type-simple"},"_links":{"self":[{"href":"https:\/\/kavikahealthcare.fi\/sv\/wp-json\/wp\/v2\/product\/1524","targetHints":{"allow":["GET"]}}],"collection":[{"href":"https:\/\/kavikahealthcare.fi\/sv\/wp-json\/wp\/v2\/product"}],"about":[{"href":"https:\/\/kavikahealthcare.fi\/sv\/wp-json\/wp\/v2\/types\/product"}],"replies":[{"embeddable":true,"href":"https:\/\/kavikahealthcare.fi\/sv\/wp-json\/wp\/v2\/comments?post=1524"}],"wp:featuredmedia":[{"embeddable":true,"href":"https:\/\/kavikahealthcare.fi\/sv\/wp-json\/wp\/v2\/media\/2864"}],"wp:attachment":[{"href":"https:\/\/kavikahealthcare.fi\/sv\/wp-json\/wp\/v2\/media?parent=1524"}],"wp:term":[{"taxonomy":"product_brand","embeddable":true,"href":"https:\/\/kavikahealthcare.fi\/sv\/wp-json\/wp\/v2\/product_brand?post=1524"},{"taxonomy":"product_cat","embeddable":true,"href":"https:\/\/kavikahealthcare.fi\/sv\/wp-json\/wp\/v2\/product_cat?post=1524"},{"taxonomy":"product_tag","embeddable":true,"href":"https:\/\/kavikahealthcare.fi\/sv\/wp-json\/wp\/v2\/product_tag?post=1524"}],"curies":[{"name":"wp","href":"https:\/\/api.w.org\/{rel}","templated":true}]}}