{"id":1522,"date":"2023-06-08T11:38:06","date_gmt":"2023-06-08T08:38:06","guid":{"rendered":"https:\/\/kavikahealthcare.fi\/?post_type=product&#038;p=1522"},"modified":"2025-06-03T09:54:31","modified_gmt":"2025-06-03T06:54:31","slug":"diskbankar-och-arbetsbankar","status":"publish","type":"product","link":"https:\/\/kavikahealthcare.fi\/sv\/produkt\/diskbankar-och-arbetsbankar\/","title":{"rendered":"Diskb\u00e4nkar och Arbetsb\u00e4nkar"},"content":{"rendered":"<h2><strong>Diskb\u00e4nkar 5030\/P och Arbetsb\u00e4nkar 5030\/T<\/strong><\/h2>\n<p>Disk- och arbetsb\u00e4nkar tillverkas antingen av rostfritt eller syrafast st\u00e5l beroende p\u00e5 anv\u00e4ndningsomr\u00e5det. I alla konstruktioner har man str\u00e4vat efter att eliminera vassa och sk\u00e4rande kanter samt att underl\u00e4tta reng\u00f6ringen av ytorna. B\u00e4nkarna kan utformas med skydds\u00f6verdrag och anpassas f\u00f6r olika anv\u00e4ndnings\u00e4ndam\u00e5l. Disk- och arbetsb\u00e4nkar finns \u00e4ven tillg\u00e4ngliga med manuell eller elektrisk h\u00f6jdjustering och teleskopavlopp. I planeringen b\u00f6r man ta h\u00e4nsyn till flexibla vattenanslutningar och den rekommenderade maximala djupet p\u00e5 200 mm f\u00f6r diskl\u00e5dor.<\/p>\n<h6><strong><a href=\"https:\/\/kavikahealthcare.fi\/wp-content\/uploads\/2024\/10\/Sink-tables-and-Work-tables_Produkt-card_20241018.pdf\" target=\"_blank\" rel=\"noopener\">Produktkort och Teknisk information<\/a><\/strong><\/h6>\n","protected":false},"excerpt":{"rendered":"<p>Diskb\u00e4nkar 5030\/P och Arbetsb\u00e4nkar 5030\/T Disk- och arbetsb\u00e4nkar tillverkas antingen av rostfritt eller syrafast st\u00e5l beroende p\u00e5 anv\u00e4ndningsomr\u00e5det. I alla konstruktioner har man str\u00e4vat efter att eliminera vassa och sk\u00e4rande kanter samt att underl\u00e4tta reng\u00f6ringen av ytorna. B\u00e4nkarna kan utformas med skydds\u00f6verdrag och anpassas f\u00f6r olika anv\u00e4ndnings\u00e4ndam\u00e5l. Disk- och arbetsb\u00e4nkar [&hellip;]<\/p>\n","protected":false},"featured_media":2844,"comment_status":"closed","ping_status":"closed","template":"","meta":{"site-sidebar-layout":"default","site-content-layout":"default","ast-site-content-layout":"default","site-content-style":"default","site-sidebar-style":"default","ast-global-header-display":"","ast-banner-title-visibility":"","ast-main-header-display":"","ast-hfb-above-header-display":"","ast-hfb-below-header-display":"","ast-hfb-mobile-header-display":"","site-post-title":"","ast-breadcrumbs-content":"","ast-featured-img":"","footer-sml-layout":"","theme-transparent-header-meta":"default","adv-header-id-meta":"","stick-header-meta":"default","header-above-stick-meta":"","header-main-stick-meta":"","header-below-stick-meta":"","astra-migrate-meta-layouts":"set","ast-page-background-enabled":"default","ast-page-background-meta":{"desktop":{"background-color":"var(--ast-global-color-4)","background-image":"","background-repeat":"repeat","background-position":"center center","background-size":"auto","background-attachment":"scroll","background-type":"","background-media":"","overlay-type":"","overlay-color":"","overlay-gradient":""},"tablet":{"background-color":"","background-image":"","background-repeat":"repeat","background-position":"center center","background-size":"auto","background-attachment":"scroll","background-type":"","background-media":"","overlay-type":"","overlay-color":"","overlay-gradient":""},"mobile":{"background-color":"","background-image":"","background-repeat":"repeat","background-position":"center center","background-size":"auto","background-attachment":"scroll","background-type":"","background-media":"","overlay-type":"","overlay-color":"","overlay-gradient":""}},"ast-content-background-meta":{"desktop":{"background-color":"var(--ast-global-color-5)","background-image":"","background-repeat":"repeat","background-position":"center center","background-size":"auto","background-attachment":"scroll","background-type":"","background-media":"","overlay-type":"","overlay-color":"","overlay-gradient":""},"tablet":{"background-color":"var(--ast-global-color-5)","background-image":"","background-repeat":"repeat","background-position":"center center","background-size":"auto","background-attachment":"scroll","background-type":"","background-media":"","overlay-type":"","overlay-color":"","overlay-gradient":""},"mobile":{"background-color":"var(--ast-global-color-5)","background-image":"","background-repeat":"repeat","background-position":"center center","background-size":"auto","background-attachment":"scroll","background-type":"","background-media":"","overlay-type":"","overlay-color":"","overlay-gradient":""}}},"product_brand":[],"product_cat":[117,113,119,123],"product_tag":[],"class_list":{"0":"post-1522","1":"product","2":"type-product","3":"status-publish","4":"has-post-thumbnail","6":"product_cat-patologi","7":"product_cat-laboratorier","8":"product_cat-renrum","9":"product_cat-utrustningsunderhall","10":"desktop-align-center","11":"tablet-align-left","12":"mobile-align-left","13":"ast-product-gallery-layout-horizontal-slider","14":"ast-product-tabs-layout-accordion","16":"first","17":"instock","18":"shipping-taxable","19":"product-type-simple"},"_links":{"self":[{"href":"https:\/\/kavikahealthcare.fi\/sv\/wp-json\/wp\/v2\/product\/1522","targetHints":{"allow":["GET"]}}],"collection":[{"href":"https:\/\/kavikahealthcare.fi\/sv\/wp-json\/wp\/v2\/product"}],"about":[{"href":"https:\/\/kavikahealthcare.fi\/sv\/wp-json\/wp\/v2\/types\/product"}],"replies":[{"embeddable":true,"href":"https:\/\/kavikahealthcare.fi\/sv\/wp-json\/wp\/v2\/comments?post=1522"}],"wp:featuredmedia":[{"embeddable":true,"href":"https:\/\/kavikahealthcare.fi\/sv\/wp-json\/wp\/v2\/media\/2844"}],"wp:attachment":[{"href":"https:\/\/kavikahealthcare.fi\/sv\/wp-json\/wp\/v2\/media?parent=1522"}],"wp:term":[{"taxonomy":"product_brand","embeddable":true,"href":"https:\/\/kavikahealthcare.fi\/sv\/wp-json\/wp\/v2\/product_brand?post=1522"},{"taxonomy":"product_cat","embeddable":true,"href":"https:\/\/kavikahealthcare.fi\/sv\/wp-json\/wp\/v2\/product_cat?post=1522"},{"taxonomy":"product_tag","embeddable":true,"href":"https:\/\/kavikahealthcare.fi\/sv\/wp-json\/wp\/v2\/product_tag?post=1522"}],"curies":[{"name":"wp","href":"https:\/\/api.w.org\/{rel}","templated":true}]}}