{"id":1520,"date":"2023-06-08T12:02:54","date_gmt":"2023-06-08T09:02:54","guid":{"rendered":"https:\/\/kavikahealthcare.fi\/?post_type=product&#038;p=1520"},"modified":"2025-06-03T09:54:13","modified_gmt":"2025-06-03T06:54:13","slug":"genomrackningsskap","status":"publish","type":"product","link":"https:\/\/kavikahealthcare.fi\/sv\/produkt\/genomrackningsskap\/","title":{"rendered":"Genomr\u00e4ckningssk\u00e5p"},"content":{"rendered":"<h2>Genomr\u00e4ckningssk\u00e5p<\/h2>\n<p>Genomr\u00e4ckningssk\u00e5p skr\u00e4ddarsys enligt kundens specifikationer. Sk\u00e5p i rostfritt st\u00e5l passar bra f\u00f6r applikationer som kr\u00e4ver extrem hygien s\u00e5som operationssalar, d\u00e4r arbets- och drifts\u00e4kerhet samt funktionalitet betonas.<\/p>\n<p>S\u00e4rskild uppm\u00e4rksamhet har \u00e4gnats \u00e5t hygienen under designprocessen genom att minska konstruktioner som samlar f\u00f6roreningar och anv\u00e4nda rundade former inuti sk\u00e5pet. Alla ytor \u00e4r l\u00e4tta att torka rent.<\/p>\n<p>Genomr\u00e4ckningssk\u00e5p har vanligtvis ett, tv\u00e5 eller fyra fack, som kan f\u00f6rses med hyllor och korgar beroende p\u00e5 anv\u00e4ndnings\u00e4ndam\u00e5l. I st\u00e4llet f\u00f6r genomg\u00e5ende hyllplan kan sk\u00e5pen utformas \u00e4ven f\u00f6r vagnar.<\/p>\n<h6><a href=\"https:\/\/kavikahealthcare.fi\/wp-content\/uploads\/2025\/03\/Pass-through-cabinets_Product-card_20241018.pdf\" target=\"_blank\" rel=\"noopener\"><strong>Produktkort och Teknisk information<\/strong><\/a><\/h6>\n","protected":false},"excerpt":{"rendered":"<p>Genomr\u00e4ckningssk\u00e5p Genomr\u00e4ckningssk\u00e5p skr\u00e4ddarsys enligt kundens specifikationer. Sk\u00e5p i rostfritt st\u00e5l passar bra f\u00f6r applikationer som kr\u00e4ver extrem hygien s\u00e5som operationssalar, d\u00e4r arbets- och drifts\u00e4kerhet samt funktionalitet betonas. S\u00e4rskild uppm\u00e4rksamhet har \u00e4gnats \u00e5t hygienen under designprocessen genom att minska konstruktioner som samlar f\u00f6roreningar och anv\u00e4nda rundade former inuti sk\u00e5pet. Alla ytor [&hellip;]<\/p>\n","protected":false},"featured_media":2974,"comment_status":"closed","ping_status":"closed","template":"","meta":{"site-sidebar-layout":"default","site-content-layout":"default","ast-site-content-layout":"default","site-content-style":"default","site-sidebar-style":"default","ast-global-header-display":"","ast-banner-title-visibility":"","ast-main-header-display":"","ast-hfb-above-header-display":"","ast-hfb-below-header-display":"","ast-hfb-mobile-header-display":"","site-post-title":"","ast-breadcrumbs-content":"","ast-featured-img":"","footer-sml-layout":"","theme-transparent-header-meta":"default","adv-header-id-meta":"","stick-header-meta":"default","header-above-stick-meta":"","header-main-stick-meta":"","header-below-stick-meta":"","astra-migrate-meta-layouts":"set","ast-page-background-enabled":"default","ast-page-background-meta":{"desktop":{"background-color":"var(--ast-global-color-4)","background-image":"","background-repeat":"repeat","background-position":"center center","background-size":"auto","background-attachment":"scroll","background-type":"","background-media":"","overlay-type":"","overlay-color":"","overlay-gradient":""},"tablet":{"background-color":"","background-image":"","background-repeat":"repeat","background-position":"center center","background-size":"auto","background-attachment":"scroll","background-type":"","background-media":"","overlay-type":"","overlay-color":"","overlay-gradient":""},"mobile":{"background-color":"","background-image":"","background-repeat":"repeat","background-position":"center center","background-size":"auto","background-attachment":"scroll","background-type":"","background-media":"","overlay-type":"","overlay-color":"","overlay-gradient":""}},"ast-content-background-meta":{"desktop":{"background-color":"var(--ast-global-color-5)","background-image":"","background-repeat":"repeat","background-position":"center center","background-size":"auto","background-attachment":"scroll","background-type":"","background-media":"","overlay-type":"","overlay-color":"","overlay-gradient":""},"tablet":{"background-color":"var(--ast-global-color-5)","background-image":"","background-repeat":"repeat","background-position":"center center","background-size":"auto","background-attachment":"scroll","background-type":"","background-media":"","overlay-type":"","overlay-color":"","overlay-gradient":""},"mobile":{"background-color":"var(--ast-global-color-5)","background-image":"","background-repeat":"repeat","background-position":"center center","background-size":"auto","background-attachment":"scroll","background-type":"","background-media":"","overlay-type":"","overlay-color":"","overlay-gradient":""}}},"product_brand":[],"product_cat":[113,115,119],"product_tag":[],"class_list":{"0":"post-1520","1":"product","2":"type-product","3":"status-publish","4":"has-post-thumbnail","6":"product_cat-laboratorier","7":"product_cat-operationssal","8":"product_cat-renrum","9":"desktop-align-center","10":"tablet-align-left","11":"mobile-align-left","12":"ast-product-gallery-layout-horizontal-slider","13":"ast-product-tabs-layout-accordion","15":"first","16":"instock","17":"shipping-taxable","18":"product-type-simple"},"_links":{"self":[{"href":"https:\/\/kavikahealthcare.fi\/sv\/wp-json\/wp\/v2\/product\/1520","targetHints":{"allow":["GET"]}}],"collection":[{"href":"https:\/\/kavikahealthcare.fi\/sv\/wp-json\/wp\/v2\/product"}],"about":[{"href":"https:\/\/kavikahealthcare.fi\/sv\/wp-json\/wp\/v2\/types\/product"}],"replies":[{"embeddable":true,"href":"https:\/\/kavikahealthcare.fi\/sv\/wp-json\/wp\/v2\/comments?post=1520"}],"wp:featuredmedia":[{"embeddable":true,"href":"https:\/\/kavikahealthcare.fi\/sv\/wp-json\/wp\/v2\/media\/2974"}],"wp:attachment":[{"href":"https:\/\/kavikahealthcare.fi\/sv\/wp-json\/wp\/v2\/media?parent=1520"}],"wp:term":[{"taxonomy":"product_brand","embeddable":true,"href":"https:\/\/kavikahealthcare.fi\/sv\/wp-json\/wp\/v2\/product_brand?post=1520"},{"taxonomy":"product_cat","embeddable":true,"href":"https:\/\/kavikahealthcare.fi\/sv\/wp-json\/wp\/v2\/product_cat?post=1520"},{"taxonomy":"product_tag","embeddable":true,"href":"https:\/\/kavikahealthcare.fi\/sv\/wp-json\/wp\/v2\/product_tag?post=1520"}],"curies":[{"name":"wp","href":"https:\/\/api.w.org\/{rel}","templated":true}]}}