{"id":1518,"date":"2023-06-08T12:02:25","date_gmt":"2023-06-08T09:02:25","guid":{"rendered":"https:\/\/kavikahealthcare.fi\/?post_type=product&#038;p=1518"},"modified":"2025-06-03T09:54:15","modified_gmt":"2025-06-03T06:54:15","slug":"operationssalsskap","status":"publish","type":"product","link":"https:\/\/kavikahealthcare.fi\/sv\/produkt\/operationssalsskap\/","title":{"rendered":"Operationssalssk\u00e5p"},"content":{"rendered":"<h2>Operationssalssk\u00e5p<\/h2>\n<p>Operationssalssk\u00e5p specialtillverkas alltid efter kundens \u00f6nskem\u00e5l. Sk\u00e5pen kan f\u00f6rses med exempelvis glas- och\/eller rostfria st\u00e5ld\u00f6rrar och hyllornas h\u00f6jd kan justeras.<\/p>\n<p><a href=\"https:\/\/kavikahealthcare.fi\/sv\/kontaktuppgifter\/\">Kontakta en av v\u00e5ra s\u00e4ljare f\u00f6r mer information.<\/a><\/p>\n","protected":false},"excerpt":{"rendered":"<p>Operationssalssk\u00e5p Operationssalssk\u00e5p specialtillverkas alltid efter kundens \u00f6nskem\u00e5l. Sk\u00e5pen kan f\u00f6rses med exempelvis glas- och\/eller rostfria st\u00e5ld\u00f6rrar och hyllornas h\u00f6jd kan justeras. Kontakta en av v\u00e5ra s\u00e4ljare f\u00f6r mer information.<\/p>\n","protected":false},"featured_media":3019,"comment_status":"closed","ping_status":"closed","template":"","meta":{"site-sidebar-layout":"default","site-content-layout":"default","ast-site-content-layout":"default","site-content-style":"default","site-sidebar-style":"default","ast-global-header-display":"","ast-banner-title-visibility":"","ast-main-header-display":"","ast-hfb-above-header-display":"","ast-hfb-below-header-display":"","ast-hfb-mobile-header-display":"","site-post-title":"","ast-breadcrumbs-content":"","ast-featured-img":"","footer-sml-layout":"","theme-transparent-header-meta":"default","adv-header-id-meta":"","stick-header-meta":"default","header-above-stick-meta":"","header-main-stick-meta":"","header-below-stick-meta":"","astra-migrate-meta-layouts":"set","ast-page-background-enabled":"default","ast-page-background-meta":{"desktop":{"background-color":"var(--ast-global-color-4)","background-image":"","background-repeat":"repeat","background-position":"center center","background-size":"auto","background-attachment":"scroll","background-type":"","background-media":"","overlay-type":"","overlay-color":"","overlay-gradient":""},"tablet":{"background-color":"","background-image":"","background-repeat":"repeat","background-position":"center center","background-size":"auto","background-attachment":"scroll","background-type":"","background-media":"","overlay-type":"","overlay-color":"","overlay-gradient":""},"mobile":{"background-color":"","background-image":"","background-repeat":"repeat","background-position":"center center","background-size":"auto","background-attachment":"scroll","background-type":"","background-media":"","overlay-type":"","overlay-color":"","overlay-gradient":""}},"ast-content-background-meta":{"desktop":{"background-color":"var(--ast-global-color-5)","background-image":"","background-repeat":"repeat","background-position":"center center","background-size":"auto","background-attachment":"scroll","background-type":"","background-media":"","overlay-type":"","overlay-color":"","overlay-gradient":""},"tablet":{"background-color":"var(--ast-global-color-5)","background-image":"","background-repeat":"repeat","background-position":"center center","background-size":"auto","background-attachment":"scroll","background-type":"","background-media":"","overlay-type":"","overlay-color":"","overlay-gradient":""},"mobile":{"background-color":"var(--ast-global-color-5)","background-image":"","background-repeat":"repeat","background-position":"center center","background-size":"auto","background-attachment":"scroll","background-type":"","background-media":"","overlay-type":"","overlay-color":"","overlay-gradient":""}}},"product_brand":[],"product_cat":[115],"product_tag":[],"class_list":{"0":"post-1518","1":"product","2":"type-product","3":"status-publish","4":"has-post-thumbnail","6":"product_cat-operationssal","7":"desktop-align-center","8":"tablet-align-left","9":"mobile-align-left","10":"ast-product-gallery-layout-horizontal-slider","11":"ast-product-tabs-layout-accordion","13":"first","14":"instock","15":"shipping-taxable","16":"product-type-simple"},"_links":{"self":[{"href":"https:\/\/kavikahealthcare.fi\/sv\/wp-json\/wp\/v2\/product\/1518","targetHints":{"allow":["GET"]}}],"collection":[{"href":"https:\/\/kavikahealthcare.fi\/sv\/wp-json\/wp\/v2\/product"}],"about":[{"href":"https:\/\/kavikahealthcare.fi\/sv\/wp-json\/wp\/v2\/types\/product"}],"replies":[{"embeddable":true,"href":"https:\/\/kavikahealthcare.fi\/sv\/wp-json\/wp\/v2\/comments?post=1518"}],"wp:featuredmedia":[{"embeddable":true,"href":"https:\/\/kavikahealthcare.fi\/sv\/wp-json\/wp\/v2\/media\/3019"}],"wp:attachment":[{"href":"https:\/\/kavikahealthcare.fi\/sv\/wp-json\/wp\/v2\/media?parent=1518"}],"wp:term":[{"taxonomy":"product_brand","embeddable":true,"href":"https:\/\/kavikahealthcare.fi\/sv\/wp-json\/wp\/v2\/product_brand?post=1518"},{"taxonomy":"product_cat","embeddable":true,"href":"https:\/\/kavikahealthcare.fi\/sv\/wp-json\/wp\/v2\/product_cat?post=1518"},{"taxonomy":"product_tag","embeddable":true,"href":"https:\/\/kavikahealthcare.fi\/sv\/wp-json\/wp\/v2\/product_tag?post=1518"}],"curies":[{"name":"wp","href":"https:\/\/api.w.org\/{rel}","templated":true}]}}