{"id":1516,"date":"2023-06-08T12:00:53","date_gmt":"2023-06-08T09:00:53","guid":{"rendered":"https:\/\/kavikahealthcare.fi\/?post_type=product&#038;p=1516"},"modified":"2025-06-03T09:54:21","modified_gmt":"2025-06-03T06:54:21","slug":"apuvagnar","status":"publish","type":"product","link":"https:\/\/kavikahealthcare.fi\/sv\/produkt\/apuvagnar\/","title":{"rendered":"Apuvagnar"},"content":{"rendered":"<h2>Apuvagnar APU3 \/ APU3K<\/h2>\n<p>Hj\u00e4lpvagnarna \u00e4r praktiska sm\u00e5 vagnar som har designats i samarbete med v\u00e5rdpersonal.<\/p>\n<p>APU3-vagnen \u00e4r en kompakt hj\u00e4lpvagn med tre niv\u00e5er, vilket g\u00f6r det enkelt att f\u00f6rvara eller transportera sm\u00e5 m\u00e4ngder f\u00f6rem\u00e5l. Den har en praktisk verktygsskena f\u00f6r exempelvis en h\u00e5llare till handspritflaska.<\/p>\n<p>APU3K-vagnen \u00e4r byggd med tv\u00e5 korgar och en bordsyta. Korgarna kan anv\u00e4ndas f\u00f6r att transportera n\u00f6dv\u00e4ndiga verktyg, och bordytan fungerar bra som en f\u00f6rberedelseyta, till exempel f\u00f6r kateteriseringsmaterial.<\/p>\n<p>Vagnarna levereras f\u00e4rdigmonterade och klara f\u00f6r anv\u00e4ndning. De har en stabil och h\u00e5llbar svetsad ram av runda r\u00f6r. I alla konstruktioner har man str\u00e4vat efter att eliminera vassa och sk\u00e4rande kanter samt att underl\u00e4tta reng\u00f6ringen av ytorna. Som standardhjul anv\u00e4nder vi underh\u00e5llsfria Manner Tango-hjul med en diameter p\u00e5 125 mm, varav 2 av 4 \u00e4r l\u00e5sbara.<\/p>\n<p>Hj\u00e4lpvagnen kan \u00e4ven tillverkas med elpolerad yta f\u00f6r renrum.<\/p>\n<h6><a href=\"https:\/\/kavikahealthcare.fi\/wp-content\/uploads\/2024\/10\/Aputrolleys_Produkt-card_20241018.pdf\" target=\"_blank\" rel=\"noopener\"><strong>Produktkort och Teknisk information<\/strong><\/a><\/h6>\n","protected":false},"excerpt":{"rendered":"<p>Apuvagnar APU3 \/ APU3K Hj\u00e4lpvagnarna \u00e4r praktiska sm\u00e5 vagnar som har designats i samarbete med v\u00e5rdpersonal. APU3-vagnen \u00e4r en kompakt hj\u00e4lpvagn med tre niv\u00e5er, vilket g\u00f6r det enkelt att f\u00f6rvara eller transportera sm\u00e5 m\u00e4ngder f\u00f6rem\u00e5l. Den har en praktisk verktygsskena f\u00f6r exempelvis en h\u00e5llare till handspritflaska. APU3K-vagnen \u00e4r byggd med [&hellip;]<\/p>\n","protected":false},"featured_media":3371,"comment_status":"closed","ping_status":"closed","template":"","meta":{"site-sidebar-layout":"default","site-content-layout":"default","ast-site-content-layout":"default","site-content-style":"default","site-sidebar-style":"default","ast-global-header-display":"","ast-banner-title-visibility":"","ast-main-header-display":"","ast-hfb-above-header-display":"","ast-hfb-below-header-display":"","ast-hfb-mobile-header-display":"","site-post-title":"","ast-breadcrumbs-content":"","ast-featured-img":"","footer-sml-layout":"","theme-transparent-header-meta":"default","adv-header-id-meta":"","stick-header-meta":"default","header-above-stick-meta":"","header-main-stick-meta":"","header-below-stick-meta":"","astra-migrate-meta-layouts":"set","ast-page-background-enabled":"default","ast-page-background-meta":{"desktop":{"background-color":"var(--ast-global-color-4)","background-image":"","background-repeat":"repeat","background-position":"center center","background-size":"auto","background-attachment":"scroll","background-type":"","background-media":"","overlay-type":"","overlay-color":"","overlay-gradient":""},"tablet":{"background-color":"","background-image":"","background-repeat":"repeat","background-position":"center center","background-size":"auto","background-attachment":"scroll","background-type":"","background-media":"","overlay-type":"","overlay-color":"","overlay-gradient":""},"mobile":{"background-color":"","background-image":"","background-repeat":"repeat","background-position":"center center","background-size":"auto","background-attachment":"scroll","background-type":"","background-media":"","overlay-type":"","overlay-color":"","overlay-gradient":""}},"ast-content-background-meta":{"desktop":{"background-color":"var(--ast-global-color-5)","background-image":"","background-repeat":"repeat","background-position":"center center","background-size":"auto","background-attachment":"scroll","background-type":"","background-media":"","overlay-type":"","overlay-color":"","overlay-gradient":""},"tablet":{"background-color":"var(--ast-global-color-5)","background-image":"","background-repeat":"repeat","background-position":"center center","background-size":"auto","background-attachment":"scroll","background-type":"","background-media":"","overlay-type":"","overlay-color":"","overlay-gradient":""},"mobile":{"background-color":"var(--ast-global-color-5)","background-image":"","background-repeat":"repeat","background-position":"center center","background-size":"auto","background-attachment":"scroll","background-type":"","background-media":"","overlay-type":"","overlay-color":"","overlay-gradient":""}}},"product_brand":[],"product_cat":[121],"product_tag":[],"class_list":{"0":"post-1516","1":"product","2":"type-product","3":"status-publish","4":"has-post-thumbnail","6":"product_cat-vagnar","7":"desktop-align-center","8":"tablet-align-left","9":"mobile-align-left","10":"ast-product-gallery-layout-horizontal-slider","11":"ast-product-tabs-layout-accordion","13":"first","14":"instock","15":"shipping-taxable","16":"product-type-simple"},"_links":{"self":[{"href":"https:\/\/kavikahealthcare.fi\/sv\/wp-json\/wp\/v2\/product\/1516","targetHints":{"allow":["GET"]}}],"collection":[{"href":"https:\/\/kavikahealthcare.fi\/sv\/wp-json\/wp\/v2\/product"}],"about":[{"href":"https:\/\/kavikahealthcare.fi\/sv\/wp-json\/wp\/v2\/types\/product"}],"replies":[{"embeddable":true,"href":"https:\/\/kavikahealthcare.fi\/sv\/wp-json\/wp\/v2\/comments?post=1516"}],"wp:featuredmedia":[{"embeddable":true,"href":"https:\/\/kavikahealthcare.fi\/sv\/wp-json\/wp\/v2\/media\/3371"}],"wp:attachment":[{"href":"https:\/\/kavikahealthcare.fi\/sv\/wp-json\/wp\/v2\/media?parent=1516"}],"wp:term":[{"taxonomy":"product_brand","embeddable":true,"href":"https:\/\/kavikahealthcare.fi\/sv\/wp-json\/wp\/v2\/product_brand?post=1516"},{"taxonomy":"product_cat","embeddable":true,"href":"https:\/\/kavikahealthcare.fi\/sv\/wp-json\/wp\/v2\/product_cat?post=1516"},{"taxonomy":"product_tag","embeddable":true,"href":"https:\/\/kavikahealthcare.fi\/sv\/wp-json\/wp\/v2\/product_tag?post=1516"}],"curies":[{"name":"wp","href":"https:\/\/api.w.org\/{rel}","templated":true}]}}