{"id":1514,"date":"2023-06-08T12:01:13","date_gmt":"2023-06-08T09:01:13","guid":{"rendered":"https:\/\/kavikahealthcare.fi\/?post_type=product&#038;p=1514"},"modified":"2025-06-03T09:54:19","modified_gmt":"2025-06-03T06:54:19","slug":"dragskap","status":"publish","type":"product","link":"https:\/\/kavikahealthcare.fi\/sv\/produkt\/dragskap\/","title":{"rendered":"Dragsk\u00e5p"},"content":{"rendered":"<h2>Dragsk\u00e5p 1010 \/ 1015<\/h2>\n<p>Rostfritt eller syrafast st\u00e5l anv\u00e4nds som material i dragsk\u00e5pen f\u00f6r att uppfylla laboratoriernas och sjukhusens krav p\u00e5 kemikalieresistens och hygien. Vid behov kan b\u00e4nkskiva och diskho \u00e4ven vara av keramik.<\/p>\n<p>Dragsk\u00e5p finns med rak eller sluttande framv\u00e4gg. Modeller med rak v\u00e4gg l\u00e4mpar sig f\u00f6r st\u00f6rre utrustning. Lutande framv\u00e4gg underl\u00e4ttar sittande arbete (se bilden). Standardtillbeh\u00f6r och extra tillbeh\u00f6r listas i avsnittet Teknisk information nedan. Kablar och r\u00f6rledningar l\u00f6per inuti den dubbla v\u00e4ggkonstruktionen p\u00e5 bak- och sidov\u00e4ggarna. B\u00e4nkskivans poolliknande struktur g\u00f6r den l\u00e4ttare att h\u00e5lla ren.<\/p>\n<p>F\u00f6rutom sk\u00e5p och l\u00e5dor kan \u00e4ven brands\u00e4kra sk\u00e5p placeras under arbetsb\u00e4nk f\u00f6r f\u00f6rvaring av brandfarliga v\u00e4tskor. Sk\u00e5pen kan anslutas till dragsk\u00e5pets ventilation. S\u00e4rskilda dragsk\u00e5p finns till exempel f\u00f6r str\u00e5lterapienheter, patologilaboratorier och som milj\u00f6er f\u00f6r st\u00f6rre utrustning. F\u00f6r prov transport och f\u00f6rvaring under arbete finns det \u00e4ven ventilerade vagnar tillg\u00e4ngliga.<\/p>\n<h6><a href=\"https:\/\/kavikahealthcare.fi\/wp-content\/uploads\/2024\/11\/Fume-cupboards_Product-card_20241018.pdf\" target=\"_blank\" rel=\"noopener\"><strong>Produktkort och Teknisk information<\/strong><\/a><\/h6>\n","protected":false},"excerpt":{"rendered":"<p>Dragsk\u00e5p 1010 \/ 1015 Rostfritt eller syrafast st\u00e5l anv\u00e4nds som material i dragsk\u00e5pen f\u00f6r att uppfylla laboratoriernas och sjukhusens krav p\u00e5 kemikalieresistens och hygien. Vid behov kan b\u00e4nkskiva och diskho \u00e4ven vara av keramik. Dragsk\u00e5p finns med rak eller sluttande framv\u00e4gg. Modeller med rak v\u00e4gg l\u00e4mpar sig f\u00f6r st\u00f6rre utrustning. [&hellip;]<\/p>\n","protected":false},"featured_media":3064,"comment_status":"closed","ping_status":"closed","template":"","meta":{"site-sidebar-layout":"default","site-content-layout":"default","ast-site-content-layout":"default","site-content-style":"default","site-sidebar-style":"default","ast-global-header-display":"","ast-banner-title-visibility":"","ast-main-header-display":"","ast-hfb-above-header-display":"","ast-hfb-below-header-display":"","ast-hfb-mobile-header-display":"","site-post-title":"","ast-breadcrumbs-content":"","ast-featured-img":"","footer-sml-layout":"","theme-transparent-header-meta":"default","adv-header-id-meta":"","stick-header-meta":"default","header-above-stick-meta":"","header-main-stick-meta":"","header-below-stick-meta":"","astra-migrate-meta-layouts":"set","ast-page-background-enabled":"default","ast-page-background-meta":{"desktop":{"background-color":"var(--ast-global-color-4)","background-image":"","background-repeat":"repeat","background-position":"center center","background-size":"auto","background-attachment":"scroll","background-type":"","background-media":"","overlay-type":"","overlay-color":"","overlay-gradient":""},"tablet":{"background-color":"","background-image":"","background-repeat":"repeat","background-position":"center center","background-size":"auto","background-attachment":"scroll","background-type":"","background-media":"","overlay-type":"","overlay-color":"","overlay-gradient":""},"mobile":{"background-color":"","background-image":"","background-repeat":"repeat","background-position":"center center","background-size":"auto","background-attachment":"scroll","background-type":"","background-media":"","overlay-type":"","overlay-color":"","overlay-gradient":""}},"ast-content-background-meta":{"desktop":{"background-color":"var(--ast-global-color-5)","background-image":"","background-repeat":"repeat","background-position":"center center","background-size":"auto","background-attachment":"scroll","background-type":"","background-media":"","overlay-type":"","overlay-color":"","overlay-gradient":""},"tablet":{"background-color":"var(--ast-global-color-5)","background-image":"","background-repeat":"repeat","background-position":"center center","background-size":"auto","background-attachment":"scroll","background-type":"","background-media":"","overlay-type":"","overlay-color":"","overlay-gradient":""},"mobile":{"background-color":"var(--ast-global-color-5)","background-image":"","background-repeat":"repeat","background-position":"center center","background-size":"auto","background-attachment":"scroll","background-type":"","background-media":"","overlay-type":"","overlay-color":"","overlay-gradient":""}}},"product_brand":[],"product_cat":[117,113],"product_tag":[],"class_list":{"0":"post-1514","1":"product","2":"type-product","3":"status-publish","4":"has-post-thumbnail","6":"product_cat-patologi","7":"product_cat-laboratorier","8":"desktop-align-center","9":"tablet-align-left","10":"mobile-align-left","11":"ast-product-gallery-layout-horizontal-slider","12":"ast-product-tabs-layout-accordion","14":"first","15":"instock","16":"shipping-taxable","17":"product-type-simple"},"_links":{"self":[{"href":"https:\/\/kavikahealthcare.fi\/sv\/wp-json\/wp\/v2\/product\/1514","targetHints":{"allow":["GET"]}}],"collection":[{"href":"https:\/\/kavikahealthcare.fi\/sv\/wp-json\/wp\/v2\/product"}],"about":[{"href":"https:\/\/kavikahealthcare.fi\/sv\/wp-json\/wp\/v2\/types\/product"}],"replies":[{"embeddable":true,"href":"https:\/\/kavikahealthcare.fi\/sv\/wp-json\/wp\/v2\/comments?post=1514"}],"wp:featuredmedia":[{"embeddable":true,"href":"https:\/\/kavikahealthcare.fi\/sv\/wp-json\/wp\/v2\/media\/3064"}],"wp:attachment":[{"href":"https:\/\/kavikahealthcare.fi\/sv\/wp-json\/wp\/v2\/media?parent=1514"}],"wp:term":[{"taxonomy":"product_brand","embeddable":true,"href":"https:\/\/kavikahealthcare.fi\/sv\/wp-json\/wp\/v2\/product_brand?post=1514"},{"taxonomy":"product_cat","embeddable":true,"href":"https:\/\/kavikahealthcare.fi\/sv\/wp-json\/wp\/v2\/product_cat?post=1514"},{"taxonomy":"product_tag","embeddable":true,"href":"https:\/\/kavikahealthcare.fi\/sv\/wp-json\/wp\/v2\/product_tag?post=1514"}],"curies":[{"name":"wp","href":"https:\/\/api.w.org\/{rel}","templated":true}]}}