{"id":1512,"date":"2023-06-08T12:01:36","date_gmt":"2023-06-08T09:01:36","guid":{"rendered":"https:\/\/kavikahealthcare.fi\/?post_type=product&#038;p=1512"},"modified":"2025-06-03T09:54:18","modified_gmt":"2025-06-03T06:54:18","slug":"dragbankar","status":"publish","type":"product","link":"https:\/\/kavikahealthcare.fi\/sv\/produkt\/dragbankar\/","title":{"rendered":"Dragb\u00e4nkar"},"content":{"rendered":"<h2>Dragb\u00e4nkar<\/h2>\n<p>Dragb\u00e4nkarna \u00e4r tillverkade av rostfritt st\u00e5l. Standardmodeller och egenskaper beskrivs i produktdatabladet. Dragb\u00e4nkar kan \u00e4ven tillverkas med anpassade m\u00e5tt och tillbeh\u00f6r.<\/p>\n<p>Alla dragb\u00e4nkar fungerar p\u00e5 ett likartat s\u00e4tt. Under dragb\u00e4nkens perforerade \u00f6verdel finns en ventilationsvask som \u00e4r ansluten till fr\u00e5nluftsventilationen. Fl\u00f6deshastigheten beror p\u00e5 applikation och ventilationsomr\u00e5de. I ventilationsl\u00f6sningar b\u00f6r man t\u00e4nka p\u00e5 att ett spj\u00e4ll ska vara tillg\u00e4ngligt f\u00f6r anv\u00e4ndaren f\u00f6r optimering av luftvolymen efter behov.<\/p>\n<p>I b\u00e5da modellerna kan ventilationsanslutningen placeras antingen under bordet, p\u00e5 sidan eller i standardmodellen \u00e4ven ovanp\u00e5 bordet, beroende p\u00e5 utrymme. Enheter som till exempel sk\u00e5p som \u00e4r anslutna till ventilationen kan ocks\u00e5 placeras under \u00f6verdelen.<\/p>\n<h6><a href=\"https:\/\/kavikahealthcare.fi\/wp-content\/uploads\/2024\/10\/Fume-benches_Produkt-card_20241018.pdf\" target=\"_blank\" rel=\"noopener\"><strong>Produktkort och Teknisk information<\/strong><\/a><\/h6>\n","protected":false},"excerpt":{"rendered":"<p>Dragb\u00e4nkar Dragb\u00e4nkarna \u00e4r tillverkade av rostfritt st\u00e5l. Standardmodeller och egenskaper beskrivs i produktdatabladet. Dragb\u00e4nkar kan \u00e4ven tillverkas med anpassade m\u00e5tt och tillbeh\u00f6r. Alla dragb\u00e4nkar fungerar p\u00e5 ett likartat s\u00e4tt. Under dragb\u00e4nkens perforerade \u00f6verdel finns en ventilationsvask som \u00e4r ansluten till fr\u00e5nluftsventilationen. Fl\u00f6deshastigheten beror p\u00e5 applikation och ventilationsomr\u00e5de. I ventilationsl\u00f6sningar b\u00f6r [&hellip;]<\/p>\n","protected":false},"featured_media":3080,"comment_status":"closed","ping_status":"closed","template":"","meta":{"site-sidebar-layout":"default","site-content-layout":"default","ast-site-content-layout":"default","site-content-style":"default","site-sidebar-style":"default","ast-global-header-display":"","ast-banner-title-visibility":"","ast-main-header-display":"","ast-hfb-above-header-display":"","ast-hfb-below-header-display":"","ast-hfb-mobile-header-display":"","site-post-title":"","ast-breadcrumbs-content":"","ast-featured-img":"","footer-sml-layout":"","theme-transparent-header-meta":"default","adv-header-id-meta":"","stick-header-meta":"default","header-above-stick-meta":"","header-main-stick-meta":"","header-below-stick-meta":"","astra-migrate-meta-layouts":"set","ast-page-background-enabled":"default","ast-page-background-meta":{"desktop":{"background-color":"var(--ast-global-color-4)","background-image":"","background-repeat":"repeat","background-position":"center center","background-size":"auto","background-attachment":"scroll","background-type":"","background-media":"","overlay-type":"","overlay-color":"","overlay-gradient":""},"tablet":{"background-color":"","background-image":"","background-repeat":"repeat","background-position":"center center","background-size":"auto","background-attachment":"scroll","background-type":"","background-media":"","overlay-type":"","overlay-color":"","overlay-gradient":""},"mobile":{"background-color":"","background-image":"","background-repeat":"repeat","background-position":"center center","background-size":"auto","background-attachment":"scroll","background-type":"","background-media":"","overlay-type":"","overlay-color":"","overlay-gradient":""}},"ast-content-background-meta":{"desktop":{"background-color":"var(--ast-global-color-5)","background-image":"","background-repeat":"repeat","background-position":"center center","background-size":"auto","background-attachment":"scroll","background-type":"","background-media":"","overlay-type":"","overlay-color":"","overlay-gradient":""},"tablet":{"background-color":"var(--ast-global-color-5)","background-image":"","background-repeat":"repeat","background-position":"center center","background-size":"auto","background-attachment":"scroll","background-type":"","background-media":"","overlay-type":"","overlay-color":"","overlay-gradient":""},"mobile":{"background-color":"var(--ast-global-color-5)","background-image":"","background-repeat":"repeat","background-position":"center center","background-size":"auto","background-attachment":"scroll","background-type":"","background-media":"","overlay-type":"","overlay-color":"","overlay-gradient":""}}},"product_brand":[],"product_cat":[117,113],"product_tag":[],"class_list":{"0":"post-1512","1":"product","2":"type-product","3":"status-publish","4":"has-post-thumbnail","6":"product_cat-patologi","7":"product_cat-laboratorier","8":"desktop-align-center","9":"tablet-align-left","10":"mobile-align-left","11":"ast-product-gallery-layout-horizontal-slider","12":"ast-product-tabs-layout-accordion","14":"first","15":"instock","16":"shipping-taxable","17":"product-type-simple"},"_links":{"self":[{"href":"https:\/\/kavikahealthcare.fi\/sv\/wp-json\/wp\/v2\/product\/1512","targetHints":{"allow":["GET"]}}],"collection":[{"href":"https:\/\/kavikahealthcare.fi\/sv\/wp-json\/wp\/v2\/product"}],"about":[{"href":"https:\/\/kavikahealthcare.fi\/sv\/wp-json\/wp\/v2\/types\/product"}],"replies":[{"embeddable":true,"href":"https:\/\/kavikahealthcare.fi\/sv\/wp-json\/wp\/v2\/comments?post=1512"}],"wp:featuredmedia":[{"embeddable":true,"href":"https:\/\/kavikahealthcare.fi\/sv\/wp-json\/wp\/v2\/media\/3080"}],"wp:attachment":[{"href":"https:\/\/kavikahealthcare.fi\/sv\/wp-json\/wp\/v2\/media?parent=1512"}],"wp:term":[{"taxonomy":"product_brand","embeddable":true,"href":"https:\/\/kavikahealthcare.fi\/sv\/wp-json\/wp\/v2\/product_brand?post=1512"},{"taxonomy":"product_cat","embeddable":true,"href":"https:\/\/kavikahealthcare.fi\/sv\/wp-json\/wp\/v2\/product_cat?post=1512"},{"taxonomy":"product_tag","embeddable":true,"href":"https:\/\/kavikahealthcare.fi\/sv\/wp-json\/wp\/v2\/product_tag?post=1512"}],"curies":[{"name":"wp","href":"https:\/\/api.w.org\/{rel}","templated":true}]}}