{"id":1509,"date":"2023-06-08T11:59:41","date_gmt":"2023-06-08T08:59:41","guid":{"rendered":"https:\/\/kavikahealthcare.fi\/?post_type=product&#038;p=1509"},"modified":"2025-06-03T09:54:26","modified_gmt":"2025-06-03T06:54:26","slug":"golvskap","status":"publish","type":"product","link":"https:\/\/kavikahealthcare.fi\/sv\/produkt\/golvskap\/","title":{"rendered":"Golvsk\u00e5p"},"content":{"rendered":"<h2>Golvsk\u00e5p 5090<\/h2>\n<p>Golvsk\u00e5p tillverkas i rostfritt st\u00e5l enligt kundens m\u00e5tt. De standardm\u00e5tt som vanligtvis anv\u00e4nds finns angivna i de tekniska specifikationerna. Hyllornas h\u00f6jd kan justeras i intervaller om 50 mm, och extra hyllor kan best\u00e4llas vid behov. Hyllalternativen i rostfritt st\u00e5l inkluderar planhyllor och perforerade hyllor.<\/p>\n<p>Sk\u00e5pd\u00f6rrarna har en dubbelstruktur och kan utrustas med ett vanligt l\u00e5s eller ett huvudnyckell\u00e5s. Vi levererar \u00e4ven sk\u00e5p som \u00e4r kompatibla med iLOQ och utrustade med l\u00e5sbult.<\/p>\n<p>Beroende p\u00e5 utrymmet kan sk\u00e5pen tillverkas med ett sluttande tak och inv\u00e4ndig v\u00e4ggbekl\u00e4dnad. F\u00f6r renrum rekommenderar vi sk\u00e5p med en helt dubbelv\u00e4ggig konstruktion och rundade h\u00f6rn, vilket g\u00f6r dem l\u00e4tta att reng\u00f6ra och desinficera genom avtorkning.<\/p>\n<h6><a href=\"https:\/\/kavikahealthcare.fi\/wp-content\/uploads\/2024\/10\/Wall-cabinets-and-Floor-cabinets_Produkt-card_20241018.pdf\" target=\"_blank\" rel=\"noopener\"><strong>Produktkort och Teknisk information<\/strong><\/a><\/h6>\n","protected":false},"excerpt":{"rendered":"<p>Golvsk\u00e5p 5090 Golvsk\u00e5p tillverkas i rostfritt st\u00e5l enligt kundens m\u00e5tt. De standardm\u00e5tt som vanligtvis anv\u00e4nds finns angivna i de tekniska specifikationerna. Hyllornas h\u00f6jd kan justeras i intervaller om 50 mm, och extra hyllor kan best\u00e4llas vid behov. Hyllalternativen i rostfritt st\u00e5l inkluderar planhyllor och perforerade hyllor. Sk\u00e5pd\u00f6rrarna har en dubbelstruktur [&hellip;]<\/p>\n","protected":false},"featured_media":3006,"comment_status":"closed","ping_status":"closed","template":"","meta":{"site-sidebar-layout":"default","site-content-layout":"default","ast-site-content-layout":"default","site-content-style":"default","site-sidebar-style":"default","ast-global-header-display":"","ast-banner-title-visibility":"","ast-main-header-display":"","ast-hfb-above-header-display":"","ast-hfb-below-header-display":"","ast-hfb-mobile-header-display":"","site-post-title":"","ast-breadcrumbs-content":"","ast-featured-img":"","footer-sml-layout":"","theme-transparent-header-meta":"default","adv-header-id-meta":"","stick-header-meta":"default","header-above-stick-meta":"","header-main-stick-meta":"","header-below-stick-meta":"","astra-migrate-meta-layouts":"set","ast-page-background-enabled":"default","ast-page-background-meta":{"desktop":{"background-color":"var(--ast-global-color-4)","background-image":"","background-repeat":"repeat","background-position":"center center","background-size":"auto","background-attachment":"scroll","background-type":"","background-media":"","overlay-type":"","overlay-color":"","overlay-gradient":""},"tablet":{"background-color":"","background-image":"","background-repeat":"repeat","background-position":"center center","background-size":"auto","background-attachment":"scroll","background-type":"","background-media":"","overlay-type":"","overlay-color":"","overlay-gradient":""},"mobile":{"background-color":"","background-image":"","background-repeat":"repeat","background-position":"center center","background-size":"auto","background-attachment":"scroll","background-type":"","background-media":"","overlay-type":"","overlay-color":"","overlay-gradient":""}},"ast-content-background-meta":{"desktop":{"background-color":"var(--ast-global-color-5)","background-image":"","background-repeat":"repeat","background-position":"center center","background-size":"auto","background-attachment":"scroll","background-type":"","background-media":"","overlay-type":"","overlay-color":"","overlay-gradient":""},"tablet":{"background-color":"var(--ast-global-color-5)","background-image":"","background-repeat":"repeat","background-position":"center center","background-size":"auto","background-attachment":"scroll","background-type":"","background-media":"","overlay-type":"","overlay-color":"","overlay-gradient":""},"mobile":{"background-color":"var(--ast-global-color-5)","background-image":"","background-repeat":"repeat","background-position":"center center","background-size":"auto","background-attachment":"scroll","background-type":"","background-media":"","overlay-type":"","overlay-color":"","overlay-gradient":""}}},"product_brand":[],"product_cat":[117,119],"product_tag":[],"class_list":{"0":"post-1509","1":"product","2":"type-product","3":"status-publish","4":"has-post-thumbnail","6":"product_cat-patologi","7":"product_cat-renrum","8":"desktop-align-center","9":"tablet-align-left","10":"mobile-align-left","11":"ast-product-gallery-layout-horizontal-slider","12":"ast-product-tabs-layout-accordion","14":"first","15":"instock","16":"shipping-taxable","17":"product-type-simple"},"_links":{"self":[{"href":"https:\/\/kavikahealthcare.fi\/sv\/wp-json\/wp\/v2\/product\/1509","targetHints":{"allow":["GET"]}}],"collection":[{"href":"https:\/\/kavikahealthcare.fi\/sv\/wp-json\/wp\/v2\/product"}],"about":[{"href":"https:\/\/kavikahealthcare.fi\/sv\/wp-json\/wp\/v2\/types\/product"}],"replies":[{"embeddable":true,"href":"https:\/\/kavikahealthcare.fi\/sv\/wp-json\/wp\/v2\/comments?post=1509"}],"wp:featuredmedia":[{"embeddable":true,"href":"https:\/\/kavikahealthcare.fi\/sv\/wp-json\/wp\/v2\/media\/3006"}],"wp:attachment":[{"href":"https:\/\/kavikahealthcare.fi\/sv\/wp-json\/wp\/v2\/media?parent=1509"}],"wp:term":[{"taxonomy":"product_brand","embeddable":true,"href":"https:\/\/kavikahealthcare.fi\/sv\/wp-json\/wp\/v2\/product_brand?post=1509"},{"taxonomy":"product_cat","embeddable":true,"href":"https:\/\/kavikahealthcare.fi\/sv\/wp-json\/wp\/v2\/product_cat?post=1509"},{"taxonomy":"product_tag","embeddable":true,"href":"https:\/\/kavikahealthcare.fi\/sv\/wp-json\/wp\/v2\/product_tag?post=1509"}],"curies":[{"name":"wp","href":"https:\/\/api.w.org\/{rel}","templated":true}]}}