{"id":1500,"date":"2023-06-08T12:00:00","date_gmt":"2023-06-08T09:00:00","guid":{"rendered":"https:\/\/kavikahealthcare.fi\/?post_type=product&#038;p=1500"},"modified":"2025-06-03T09:54:24","modified_gmt":"2025-06-03T06:54:24","slug":"obduktionsbord-och-dissektionsbord","status":"publish","type":"product","link":"https:\/\/kavikahealthcare.fi\/sv\/produkt\/obduktionsbord-och-dissektionsbord\/","title":{"rendered":"Obduktionsbord och dissektionsbord"},"content":{"rendered":"<h2>Obduktionsbord och dissektionsbord<\/h2>\n<p>Obduktions- och dissektionsbord designas och tillverkas alltid p\u00e5 best\u00e4llning med h\u00e4nsyn till kundens behov och utrymme.<\/p>\n<p>Obduktionsbordets struktur kan best\u00e5 av en eller tv\u00e5 moduler och inkluderar n\u00f6dv\u00e4ndiga handfat, kranar, tillbeh\u00f6r samt anslutningar. I designprocessen har s\u00e4rskild uppm\u00e4rksamhet \u00e4gnats \u00e5t ergonomi och h\u00f6g hygien. Alla bord \u00e4r h\u00f6j- och s\u00e4nkbara, och flyttbara bord har ett batteridrivet h\u00f6jdjusteringssystem. Obduktionsbordet kan kombineras med en lutning p\u00e5 10 grader \u00e5t b\u00e5da h\u00e5llen.<\/p>\n<p>Arbetsytan p\u00e5 obduktionsbordet kan, beroende p\u00e5 kundens behov, inneh\u00e5lla djupa fyrkantiga blodsp\u00e5r, kroppsst\u00f6d eller perforerade plattor. Alla bord har serviceluckor som m\u00f6jligg\u00f6r enkel underh\u00e5ll vid behov. Det rekommenderas att installera en vattenl\u00e4ckagedetektor p\u00e5 borden som \u00e4r ansluten till fastighetsautomation och placerad vid enheternas botten med vatten- och avloppsanslutningar. Obehagliga lukter kan minimeras med ventilation. Luftutsug placeras ofta runt obduktionsenheten eller under de perforerade plattorna.<\/p>\n<p>Obduktionsrummets inredning kan kompletteras med spolstationer, dragsk\u00e5p med bord och vagnar.<\/p>\n<h6><a href=\"https:\/\/kavikahealthcare.fi\/wp-content\/uploads\/2024\/10\/Autopsy-tables-and-Dissection-tables_Produkt-card_20241018.pdf\" target=\"_blank\" rel=\"noopener\"><strong>Produktkort och Teknisk information<\/strong><\/a><\/h6>\n","protected":false},"excerpt":{"rendered":"<p>Obduktionsbord och dissektionsbord Obduktions- och dissektionsbord designas och tillverkas alltid p\u00e5 best\u00e4llning med h\u00e4nsyn till kundens behov och utrymme. Obduktionsbordets struktur kan best\u00e5 av en eller tv\u00e5 moduler och inkluderar n\u00f6dv\u00e4ndiga handfat, kranar, tillbeh\u00f6r samt anslutningar. I designprocessen har s\u00e4rskild uppm\u00e4rksamhet \u00e4gnats \u00e5t ergonomi och h\u00f6g hygien. Alla bord \u00e4r [&hellip;]<\/p>\n","protected":false},"featured_media":3102,"comment_status":"closed","ping_status":"closed","template":"","meta":{"site-sidebar-layout":"default","site-content-layout":"default","ast-site-content-layout":"default","site-content-style":"default","site-sidebar-style":"default","ast-global-header-display":"","ast-banner-title-visibility":"","ast-main-header-display":"","ast-hfb-above-header-display":"","ast-hfb-below-header-display":"","ast-hfb-mobile-header-display":"","site-post-title":"","ast-breadcrumbs-content":"","ast-featured-img":"","footer-sml-layout":"","theme-transparent-header-meta":"default","adv-header-id-meta":"","stick-header-meta":"default","header-above-stick-meta":"","header-main-stick-meta":"","header-below-stick-meta":"","astra-migrate-meta-layouts":"set","ast-page-background-enabled":"default","ast-page-background-meta":{"desktop":{"background-color":"var(--ast-global-color-4)","background-image":"","background-repeat":"repeat","background-position":"center center","background-size":"auto","background-attachment":"scroll","background-type":"","background-media":"","overlay-type":"","overlay-color":"","overlay-gradient":""},"tablet":{"background-color":"","background-image":"","background-repeat":"repeat","background-position":"center center","background-size":"auto","background-attachment":"scroll","background-type":"","background-media":"","overlay-type":"","overlay-color":"","overlay-gradient":""},"mobile":{"background-color":"","background-image":"","background-repeat":"repeat","background-position":"center center","background-size":"auto","background-attachment":"scroll","background-type":"","background-media":"","overlay-type":"","overlay-color":"","overlay-gradient":""}},"ast-content-background-meta":{"desktop":{"background-color":"var(--ast-global-color-5)","background-image":"","background-repeat":"repeat","background-position":"center center","background-size":"auto","background-attachment":"scroll","background-type":"","background-media":"","overlay-type":"","overlay-color":"","overlay-gradient":""},"tablet":{"background-color":"var(--ast-global-color-5)","background-image":"","background-repeat":"repeat","background-position":"center center","background-size":"auto","background-attachment":"scroll","background-type":"","background-media":"","overlay-type":"","overlay-color":"","overlay-gradient":""},"mobile":{"background-color":"var(--ast-global-color-5)","background-image":"","background-repeat":"repeat","background-position":"center center","background-size":"auto","background-attachment":"scroll","background-type":"","background-media":"","overlay-type":"","overlay-color":"","overlay-gradient":""}}},"product_brand":[],"product_cat":[117],"product_tag":[],"class_list":{"0":"post-1500","1":"product","2":"type-product","3":"status-publish","4":"has-post-thumbnail","6":"product_cat-patologi","7":"desktop-align-center","8":"tablet-align-left","9":"mobile-align-left","10":"ast-product-gallery-layout-horizontal-slider","11":"ast-product-tabs-layout-accordion","13":"first","14":"instock","15":"shipping-taxable","16":"product-type-simple"},"_links":{"self":[{"href":"https:\/\/kavikahealthcare.fi\/sv\/wp-json\/wp\/v2\/product\/1500","targetHints":{"allow":["GET"]}}],"collection":[{"href":"https:\/\/kavikahealthcare.fi\/sv\/wp-json\/wp\/v2\/product"}],"about":[{"href":"https:\/\/kavikahealthcare.fi\/sv\/wp-json\/wp\/v2\/types\/product"}],"replies":[{"embeddable":true,"href":"https:\/\/kavikahealthcare.fi\/sv\/wp-json\/wp\/v2\/comments?post=1500"}],"wp:featuredmedia":[{"embeddable":true,"href":"https:\/\/kavikahealthcare.fi\/sv\/wp-json\/wp\/v2\/media\/3102"}],"wp:attachment":[{"href":"https:\/\/kavikahealthcare.fi\/sv\/wp-json\/wp\/v2\/media?parent=1500"}],"wp:term":[{"taxonomy":"product_brand","embeddable":true,"href":"https:\/\/kavikahealthcare.fi\/sv\/wp-json\/wp\/v2\/product_brand?post=1500"},{"taxonomy":"product_cat","embeddable":true,"href":"https:\/\/kavikahealthcare.fi\/sv\/wp-json\/wp\/v2\/product_cat?post=1500"},{"taxonomy":"product_tag","embeddable":true,"href":"https:\/\/kavikahealthcare.fi\/sv\/wp-json\/wp\/v2\/product_tag?post=1500"}],"curies":[{"name":"wp","href":"https:\/\/api.w.org\/{rel}","templated":true}]}}