{"id":4876,"date":"2025-03-14T12:34:14","date_gmt":"2025-03-14T10:34:14","guid":{"rendered":"https:\/\/kavikahealthcare.fi\/tuote\/mikrotomipoydat\/"},"modified":"2025-03-14T12:48:22","modified_gmt":"2025-03-14T10:48:22","slug":"mikrotomtische","status":"publish","type":"product","link":"https:\/\/kavikahealthcare.fi\/de\/produkt\/mikrotomtische\/","title":{"rendered":"Mikrotomtische"},"content":{"rendered":"<h2 data-start=\"0\" data-end=\"20\"><strong data-start=\"0\" data-end=\"18\">Mikrotomtische<\/strong><\/h2>\n<p data-start=\"22\" data-end=\"344\">Der Mikrotomtisch ist speziell f\u00fcr die Verwendung mit Wasserbad- und Rotationsmikrotomen in pathologischen Laboren konzipiert. Seine robuste Konstruktion gew\u00e4hrleistet eine absolut stabile Arbeitsfl\u00e4che und verhindert jegliche Schwingungen oder Vibrationen, die durch den Betrieb des Mikrotoms verursacht werden k\u00f6nnten.<\/p>\n<p data-start=\"346\" data-end=\"663\">Das Tischgestell besteht aus rostfreiem Edelstahl mit einer Materialst\u00e4rke von mindestens 2 mm. Alle Verbindungen sind mit verschwei\u00dften Eckwinkeln und Verst\u00e4rkungsrohren verst\u00e4rkt, um maximale Stabilit\u00e4t zu gew\u00e4hrleisten. Die Schwei\u00dfn\u00e4hte sind durchgehend verschwei\u00dft, glatt geschliffen und hygienisch verarbeitet.<\/p>\n<p data-start=\"665\" data-end=\"1015\" data-is-last-node=\"\" data-is-only-node=\"\">Die Arbeitsfl\u00e4che besteht aus einer langlebigen, vollst\u00e4ndig kantenversiegelten Laminatbeschichtung, wobei alle Ecken und Kanten sorgf\u00e4ltig abgerundet sind, um Sicherheit und eine einfache Reinigung zu gew\u00e4hrleisten. Dieser hochwertige Mikrotomtisch erf\u00fcllt selbst die h\u00f6chsten ergonomischen und langlebigkeitsbezogenen Anforderungen im Laborbetrieb.<\/p>\n<h6><a href=\"https:\/\/kavikahealthcare.fi\/wp-content\/uploads\/2025\/03\/Microtome-tables_Product-card_20250313.pdf\" target=\"_blank\" rel=\"noopener\"><strong>Produktdatenblatt und Technische Daten<\/strong><\/a><\/h6>\n<p>&nbsp;<\/p>\n<h6><\/h6>\n","protected":false},"excerpt":{"rendered":"<p>Mikrotomtische Der Mikrotomtisch ist speziell f\u00fcr die Verwendung mit Wasserbad- und Rotationsmikrotomen in pathologischen Laboren konzipiert. Seine robuste Konstruktion gew\u00e4hrleistet eine absolut stabile Arbeitsfl\u00e4che und verhindert jegliche Schwingungen oder Vibrationen, die durch den Betrieb des Mikrotoms verursacht werden k\u00f6nnten. Das Tischgestell besteht aus rostfreiem Edelstahl mit einer Materialst\u00e4rke von mindestens [&hellip;]<\/p>\n","protected":false},"featured_media":4864,"comment_status":"closed","ping_status":"closed","template":"","meta":{"site-sidebar-layout":"default","site-content-layout":"","ast-site-content-layout":"default","site-content-style":"default","site-sidebar-style":"default","ast-global-header-display":"","ast-banner-title-visibility":"","ast-main-header-display":"","ast-hfb-above-header-display":"","ast-hfb-below-header-display":"","ast-hfb-mobile-header-display":"","site-post-title":"","ast-breadcrumbs-content":"","ast-featured-img":"","footer-sml-layout":"","theme-transparent-header-meta":"default","adv-header-id-meta":"","stick-header-meta":"default","header-above-stick-meta":"","header-main-stick-meta":"","header-below-stick-meta":"","astra-migrate-meta-layouts":"set","ast-page-background-enabled":"default","ast-page-background-meta":{"desktop":{"background-color":"var(--ast-global-color-4)","background-image":"","background-repeat":"repeat","background-position":"center center","background-size":"auto","background-attachment":"scroll","background-type":"","background-media":"","overlay-type":"","overlay-color":"","overlay-gradient":""},"tablet":{"background-color":"","background-image":"","background-repeat":"repeat","background-position":"center center","background-size":"auto","background-attachment":"scroll","background-type":"","background-media":"","overlay-type":"","overlay-color":"","overlay-gradient":""},"mobile":{"background-color":"","background-image":"","background-repeat":"repeat","background-position":"center center","background-size":"auto","background-attachment":"scroll","background-type":"","background-media":"","overlay-type":"","overlay-color":"","overlay-gradient":""}},"ast-content-background-meta":{"desktop":{"background-color":"var(--ast-global-color-5)","background-image":"","background-repeat":"repeat","background-position":"center center","background-size":"auto","background-attachment":"scroll","background-type":"","background-media":"","overlay-type":"","overlay-color":"","overlay-gradient":""},"tablet":{"background-color":"var(--ast-global-color-5)","background-image":"","background-repeat":"repeat","background-position":"center center","background-size":"auto","background-attachment":"scroll","background-type":"","background-media":"","overlay-type":"","overlay-color":"","overlay-gradient":""},"mobile":{"background-color":"var(--ast-global-color-5)","background-image":"","background-repeat":"repeat","background-position":"center center","background-size":"auto","background-attachment":"scroll","background-type":"","background-media":"","overlay-type":"","overlay-color":"","overlay-gradient":""}}},"product_brand":[],"product_cat":[112],"product_tag":[],"class_list":{"0":"post-4876","1":"product","2":"type-product","3":"status-publish","4":"has-post-thumbnail","6":"product_cat-labor","7":"desktop-align-center","8":"tablet-align-left","9":"mobile-align-left","10":"ast-product-gallery-layout-horizontal-slider","11":"ast-product-gallery-with-no-image","12":"ast-product-tabs-layout-accordion","14":"first","15":"instock","16":"shipping-taxable","17":"product-type-simple"},"_links":{"self":[{"href":"https:\/\/kavikahealthcare.fi\/de\/wp-json\/wp\/v2\/product\/4876","targetHints":{"allow":["GET"]}}],"collection":[{"href":"https:\/\/kavikahealthcare.fi\/de\/wp-json\/wp\/v2\/product"}],"about":[{"href":"https:\/\/kavikahealthcare.fi\/de\/wp-json\/wp\/v2\/types\/product"}],"replies":[{"embeddable":true,"href":"https:\/\/kavikahealthcare.fi\/de\/wp-json\/wp\/v2\/comments?post=4876"}],"wp:featuredmedia":[{"embeddable":true,"href":"https:\/\/kavikahealthcare.fi\/de\/wp-json\/wp\/v2\/media\/4864"}],"wp:attachment":[{"href":"https:\/\/kavikahealthcare.fi\/de\/wp-json\/wp\/v2\/media?parent=4876"}],"wp:term":[{"taxonomy":"product_brand","embeddable":true,"href":"https:\/\/kavikahealthcare.fi\/de\/wp-json\/wp\/v2\/product_brand?post=4876"},{"taxonomy":"product_cat","embeddable":true,"href":"https:\/\/kavikahealthcare.fi\/de\/wp-json\/wp\/v2\/product_cat?post=4876"},{"taxonomy":"product_tag","embeddable":true,"href":"https:\/\/kavikahealthcare.fi\/de\/wp-json\/wp\/v2\/product_tag?post=4876"}],"curies":[{"name":"wp","href":"https:\/\/api.w.org\/{rel}","templated":true}]}}