{"id":4089,"date":"2024-10-17T18:06:45","date_gmt":"2024-10-17T15:06:45","guid":{"rendered":"https:\/\/kavikahealthcare.fi\/tuote\/lapiantoluukut\/"},"modified":"2024-10-25T08:49:25","modified_gmt":"2024-10-25T05:49:25","slug":"durchreichschleusen","status":"publish","type":"product","link":"https:\/\/kavikahealthcare.fi\/de\/produkt\/durchreichschleusen\/","title":{"rendered":"Durchreichschleusen"},"content":{"rendered":"<h2>Durchreichschleusen<\/h2>\n<p>Durchreichschleusen aus Edelstahl sind f\u00fcr viele Anwendungen geeignet, zum Beispiel f\u00fcr den Transfer von Proben aus der Probennahmetoilette ins Labor. Durchreichschleusen k\u00f6nnen auch in eine gegen die Wand gestellte Kavika-Abzugshaube eingebaut werden.<\/p>\n<p>Durchreichschleusen bestehen aus zwei Teilen, die bei der Montage auf beiden Seiten der Wand eingebaut und anschlie\u00dfend mit Montagemasse verklebt werden.<\/p>\n<p>Werkstoff und Griffe der T\u00fcren der Durchreichschleuse k\u00f6nnen an den vorhandenen Raum angepasst werden. Ggf. k\u00f6nnen die T\u00fcren mit einer Verriegelung versehen werden.<\/p>\n<p>Der optionale Probensensor und Leuchtmelder melden, wenn sich eine Probe in der Durchreichschleuse befindet.<\/p>\n<p>Durchreichschleusen k\u00f6nnen auch mit nach oben \u00f6ffnenden Schiebet\u00fcren gefertigt werden.<\/p>\n<h6><a href=\"https:\/\/kavikahealthcare.fi\/wp-content\/uploads\/2024\/10\/Pass-trough-hatches_Produkt-card_20241018.pdf\" target=\"_blank\" rel=\"noopener\"><strong>Produktdatenblatt und Technische Daten<\/strong><\/a><\/h6>\n","protected":false},"excerpt":{"rendered":"<p>Durchreichschleusen Durchreichschleusen aus Edelstahl sind f\u00fcr viele Anwendungen geeignet, zum Beispiel f\u00fcr den Transfer von Proben aus der Probennahmetoilette ins Labor. Durchreichschleusen k\u00f6nnen auch in eine gegen die Wand gestellte Kavika-Abzugshaube eingebaut werden. Durchreichschleusen bestehen aus zwei Teilen, die bei der Montage auf beiden Seiten der Wand eingebaut und anschlie\u00dfend [&hellip;]<\/p>\n","protected":false},"featured_media":2989,"comment_status":"closed","ping_status":"closed","template":"","meta":{"site-sidebar-layout":"default","site-content-layout":"","ast-site-content-layout":"default","site-content-style":"default","site-sidebar-style":"default","ast-global-header-display":"","ast-banner-title-visibility":"","ast-main-header-display":"","ast-hfb-above-header-display":"","ast-hfb-below-header-display":"","ast-hfb-mobile-header-display":"","site-post-title":"","ast-breadcrumbs-content":"","ast-featured-img":"","footer-sml-layout":"","theme-transparent-header-meta":"default","adv-header-id-meta":"","stick-header-meta":"default","header-above-stick-meta":"","header-main-stick-meta":"","header-below-stick-meta":"","astra-migrate-meta-layouts":"set","ast-page-background-enabled":"default","ast-page-background-meta":{"desktop":{"background-color":"var(--ast-global-color-4)","background-image":"","background-repeat":"repeat","background-position":"center center","background-size":"auto","background-attachment":"scroll","background-type":"","background-media":"","overlay-type":"","overlay-color":"","overlay-gradient":""},"tablet":{"background-color":"","background-image":"","background-repeat":"repeat","background-position":"center center","background-size":"auto","background-attachment":"scroll","background-type":"","background-media":"","overlay-type":"","overlay-color":"","overlay-gradient":""},"mobile":{"background-color":"","background-image":"","background-repeat":"repeat","background-position":"center center","background-size":"auto","background-attachment":"scroll","background-type":"","background-media":"","overlay-type":"","overlay-color":"","overlay-gradient":""}},"ast-content-background-meta":{"desktop":{"background-color":"var(--ast-global-color-5)","background-image":"","background-repeat":"repeat","background-position":"center center","background-size":"auto","background-attachment":"scroll","background-type":"","background-media":"","overlay-type":"","overlay-color":"","overlay-gradient":""},"tablet":{"background-color":"var(--ast-global-color-5)","background-image":"","background-repeat":"repeat","background-position":"center center","background-size":"auto","background-attachment":"scroll","background-type":"","background-media":"","overlay-type":"","overlay-color":"","overlay-gradient":""},"mobile":{"background-color":"var(--ast-global-color-5)","background-image":"","background-repeat":"repeat","background-position":"center center","background-size":"auto","background-attachment":"scroll","background-type":"","background-media":"","overlay-type":"","overlay-color":"","overlay-gradient":""}}},"product_brand":[],"product_cat":[112,114,118],"product_tag":[],"class_list":{"0":"post-4089","1":"product","2":"type-product","3":"status-publish","4":"has-post-thumbnail","6":"product_cat-labor","7":"product_cat-operationssaal","8":"product_cat-reinraum","9":"desktop-align-center","10":"tablet-align-left","11":"mobile-align-left","12":"ast-product-gallery-layout-horizontal-slider","13":"ast-product-tabs-layout-accordion","15":"first","16":"instock","17":"shipping-taxable","18":"product-type-simple"},"_links":{"self":[{"href":"https:\/\/kavikahealthcare.fi\/de\/wp-json\/wp\/v2\/product\/4089","targetHints":{"allow":["GET"]}}],"collection":[{"href":"https:\/\/kavikahealthcare.fi\/de\/wp-json\/wp\/v2\/product"}],"about":[{"href":"https:\/\/kavikahealthcare.fi\/de\/wp-json\/wp\/v2\/types\/product"}],"replies":[{"embeddable":true,"href":"https:\/\/kavikahealthcare.fi\/de\/wp-json\/wp\/v2\/comments?post=4089"}],"wp:featuredmedia":[{"embeddable":true,"href":"https:\/\/kavikahealthcare.fi\/de\/wp-json\/wp\/v2\/media\/2989"}],"wp:attachment":[{"href":"https:\/\/kavikahealthcare.fi\/de\/wp-json\/wp\/v2\/media?parent=4089"}],"wp:term":[{"taxonomy":"product_brand","embeddable":true,"href":"https:\/\/kavikahealthcare.fi\/de\/wp-json\/wp\/v2\/product_brand?post=4089"},{"taxonomy":"product_cat","embeddable":true,"href":"https:\/\/kavikahealthcare.fi\/de\/wp-json\/wp\/v2\/product_cat?post=4089"},{"taxonomy":"product_tag","embeddable":true,"href":"https:\/\/kavikahealthcare.fi\/de\/wp-json\/wp\/v2\/product_tag?post=4089"}],"curies":[{"name":"wp","href":"https:\/\/api.w.org\/{rel}","templated":true}]}}