{"id":3632,"date":"2024-09-12T10:42:51","date_gmt":"2024-09-12T07:42:51","guid":{"rendered":"https:\/\/kavikahealthcare.fi\/tuote\/tavara-alustat\/"},"modified":"2024-10-17T14:18:35","modified_gmt":"2024-10-17T11:18:35","slug":"warenplattformen","status":"publish","type":"product","link":"https:\/\/kavikahealthcare.fi\/de\/produkt\/warenplattformen\/","title":{"rendered":"Warenplattformen"},"content":{"rendered":"<h2>Warenplattformen<\/h2>\n<p>Warenplattformen werden mit einem Rahmen aus Vierkantrohren hergestellt, die Standardr\u00e4der sind Manner Tango 125 mm.<\/p>\n<p><strong>TA54P<\/strong> 503 x 403 x 176<br \/>\n<strong>TA85P<\/strong> 785 x 503 x 176<\/p>\n<p><strong>Verf\u00fcgbare Zubeh\u00f6rteile:<\/strong><\/p>\n<ul>\n<li>Sp\u00fclmaschinenfeste R\u00e4der<\/li>\n<li>Antistatische R\u00e4der<\/li>\n<li>Autoklavenbest\u00e4ndige R\u00e4der<\/li>\n<li>Zuggriff<\/li>\n<\/ul>\n","protected":false},"excerpt":{"rendered":"<p>Warenplattformen Warenplattformen werden mit einem Rahmen aus Vierkantrohren hergestellt, die Standardr\u00e4der sind Manner Tango 125 mm. TA54P 503 x 403 x 176 TA85P 785 x 503 x 176 Verf\u00fcgbare Zubeh\u00f6rteile: Sp\u00fclmaschinenfeste R\u00e4der Antistatische R\u00e4der Autoklavenbest\u00e4ndige R\u00e4der Zuggriff<\/p>\n","protected":false},"featured_media":3434,"comment_status":"closed","ping_status":"closed","template":"","meta":{"site-sidebar-layout":"default","site-content-layout":"","ast-site-content-layout":"default","site-content-style":"default","site-sidebar-style":"default","ast-global-header-display":"","ast-banner-title-visibility":"","ast-main-header-display":"","ast-hfb-above-header-display":"","ast-hfb-below-header-display":"","ast-hfb-mobile-header-display":"","site-post-title":"","ast-breadcrumbs-content":"","ast-featured-img":"","footer-sml-layout":"","theme-transparent-header-meta":"default","adv-header-id-meta":"","stick-header-meta":"default","header-above-stick-meta":"","header-main-stick-meta":"","header-below-stick-meta":"","astra-migrate-meta-layouts":"set","ast-page-background-enabled":"default","ast-page-background-meta":{"desktop":{"background-color":"var(--ast-global-color-4)","background-image":"","background-repeat":"repeat","background-position":"center center","background-size":"auto","background-attachment":"scroll","background-type":"","background-media":"","overlay-type":"","overlay-color":"","overlay-gradient":""},"tablet":{"background-color":"","background-image":"","background-repeat":"repeat","background-position":"center center","background-size":"auto","background-attachment":"scroll","background-type":"","background-media":"","overlay-type":"","overlay-color":"","overlay-gradient":""},"mobile":{"background-color":"","background-image":"","background-repeat":"repeat","background-position":"center center","background-size":"auto","background-attachment":"scroll","background-type":"","background-media":"","overlay-type":"","overlay-color":"","overlay-gradient":""}},"ast-content-background-meta":{"desktop":{"background-color":"var(--ast-global-color-5)","background-image":"","background-repeat":"repeat","background-position":"center center","background-size":"auto","background-attachment":"scroll","background-type":"","background-media":"","overlay-type":"","overlay-color":"","overlay-gradient":""},"tablet":{"background-color":"var(--ast-global-color-5)","background-image":"","background-repeat":"repeat","background-position":"center center","background-size":"auto","background-attachment":"scroll","background-type":"","background-media":"","overlay-type":"","overlay-color":"","overlay-gradient":""},"mobile":{"background-color":"var(--ast-global-color-5)","background-image":"","background-repeat":"repeat","background-position":"center center","background-size":"auto","background-attachment":"scroll","background-type":"","background-media":"","overlay-type":"","overlay-color":"","overlay-gradient":""}}},"product_brand":[],"product_cat":[120],"product_tag":[],"class_list":{"0":"post-3632","1":"product","2":"type-product","3":"status-publish","4":"has-post-thumbnail","6":"product_cat-wagen","7":"desktop-align-center","8":"tablet-align-left","9":"mobile-align-left","10":"ast-product-gallery-layout-horizontal-slider","11":"ast-product-gallery-with-no-image","12":"ast-product-tabs-layout-accordion","14":"first","15":"instock","16":"shipping-taxable","17":"product-type-simple"},"_links":{"self":[{"href":"https:\/\/kavikahealthcare.fi\/de\/wp-json\/wp\/v2\/product\/3632","targetHints":{"allow":["GET"]}}],"collection":[{"href":"https:\/\/kavikahealthcare.fi\/de\/wp-json\/wp\/v2\/product"}],"about":[{"href":"https:\/\/kavikahealthcare.fi\/de\/wp-json\/wp\/v2\/types\/product"}],"replies":[{"embeddable":true,"href":"https:\/\/kavikahealthcare.fi\/de\/wp-json\/wp\/v2\/comments?post=3632"}],"wp:featuredmedia":[{"embeddable":true,"href":"https:\/\/kavikahealthcare.fi\/de\/wp-json\/wp\/v2\/media\/3434"}],"wp:attachment":[{"href":"https:\/\/kavikahealthcare.fi\/de\/wp-json\/wp\/v2\/media?parent=3632"}],"wp:term":[{"taxonomy":"product_brand","embeddable":true,"href":"https:\/\/kavikahealthcare.fi\/de\/wp-json\/wp\/v2\/product_brand?post=3632"},{"taxonomy":"product_cat","embeddable":true,"href":"https:\/\/kavikahealthcare.fi\/de\/wp-json\/wp\/v2\/product_cat?post=3632"},{"taxonomy":"product_tag","embeddable":true,"href":"https:\/\/kavikahealthcare.fi\/de\/wp-json\/wp\/v2\/product_tag?post=3632"}],"curies":[{"name":"wp","href":"https:\/\/api.w.org\/{rel}","templated":true}]}}