{"id":3613,"date":"2024-09-12T09:42:39","date_gmt":"2024-09-12T06:42:39","guid":{"rendered":"https:\/\/kavikahealthcare.fi\/tuote\/tarvikevaunut-terasovilla\/"},"modified":"2026-04-01T09:44:46","modified_gmt":"2026-04-01T06:44:46","slug":"zubehoerwagen-mit-stahltueren","status":"publish","type":"product","link":"https:\/\/kavikahealthcare.fi\/de\/produkt\/zubehoerwagen-mit-stahltueren\/","title":{"rendered":"ZUBEH\u00d6RWAGEN mit Stahlt\u00fcren"},"content":{"rendered":"<h2>ZUBEH\u00d6RWAGEN mit Stahlt\u00fcren<\/h2>\n<p>Der Standard-Zubeh\u00f6rwagen mit Stahl T\u00fcren ist in zwei Gr\u00f6\u00dfen erh\u00e4ltlich. Der Wagen eignet sich als steriler Versorgungswagen. Er verf\u00fcgt \u00fcber abnehmbare F\u00fchrungen, ist abschlie\u00dfbar, hat eine dichte Konstruktion und ist sp\u00fclmaschinenfest. Der Wagen ist standardm\u00e4\u00dfig mit gr\u00f6\u00dferen 250 mm R\u00e4dern ausgestattet, die eine einfachere Mobilit\u00e4t erm\u00f6glichen. Der Innenraum kann f\u00fcr K\u00f6rbe oder Regale angepasst werden; K\u00f6rbe oder Regale sind nicht im Lieferumfang des Wagens enthalten.<\/p>\n<p>Die Wagen werden komplett montiert und betriebsbereit geliefert. Die Wagen verf\u00fcgen \u00fcber einen stabilen und langlebigen geschwei\u00dften Rahmen aus quadratischen Rohren. Alle Konstruktionen sind darauf ausgelegt, scharfe und schneidende Kanten zu eliminieren und eine einfache Reinigung der Oberfl\u00e4chen zu gew\u00e4hrleisten.<\/p>\n<h6><a href=\"https:\/\/kavikahealthcare.fi\/wp-content\/uploads\/2026\/04\/Supply-trolleys-with-steel-doors_Product-card_20260331.pdf\" target=\"_blank\" rel=\"noopener\"><strong>Produktdatenblatt und Technische Daten<\/strong><\/a><\/h6>\n","protected":false},"excerpt":{"rendered":"<p>ZUBEH\u00d6RWAGEN mit Stahlt\u00fcren Der Standard-Zubeh\u00f6rwagen mit Stahl T\u00fcren ist in zwei Gr\u00f6\u00dfen erh\u00e4ltlich. Der Wagen eignet sich als steriler Versorgungswagen. Er verf\u00fcgt \u00fcber abnehmbare F\u00fchrungen, ist abschlie\u00dfbar, hat eine dichte Konstruktion und ist sp\u00fclmaschinenfest. Der Wagen ist standardm\u00e4\u00dfig mit gr\u00f6\u00dferen 250 mm R\u00e4dern ausgestattet, die eine einfachere Mobilit\u00e4t erm\u00f6glichen. Der [&hellip;]<\/p>\n","protected":false},"featured_media":3418,"comment_status":"closed","ping_status":"closed","template":"","meta":{"site-sidebar-layout":"default","site-content-layout":"","ast-site-content-layout":"default","site-content-style":"default","site-sidebar-style":"default","ast-global-header-display":"","ast-banner-title-visibility":"","ast-main-header-display":"","ast-hfb-above-header-display":"","ast-hfb-below-header-display":"","ast-hfb-mobile-header-display":"","site-post-title":"","ast-breadcrumbs-content":"","ast-featured-img":"","footer-sml-layout":"","theme-transparent-header-meta":"default","adv-header-id-meta":"","stick-header-meta":"default","header-above-stick-meta":"","header-main-stick-meta":"","header-below-stick-meta":"","astra-migrate-meta-layouts":"set","ast-page-background-enabled":"default","ast-page-background-meta":{"desktop":{"background-color":"var(--ast-global-color-4)","background-image":"","background-repeat":"repeat","background-position":"center center","background-size":"auto","background-attachment":"scroll","background-type":"","background-media":"","overlay-type":"","overlay-color":"","overlay-gradient":""},"tablet":{"background-color":"","background-image":"","background-repeat":"repeat","background-position":"center center","background-size":"auto","background-attachment":"scroll","background-type":"","background-media":"","overlay-type":"","overlay-color":"","overlay-gradient":""},"mobile":{"background-color":"","background-image":"","background-repeat":"repeat","background-position":"center center","background-size":"auto","background-attachment":"scroll","background-type":"","background-media":"","overlay-type":"","overlay-color":"","overlay-gradient":""}},"ast-content-background-meta":{"desktop":{"background-color":"var(--ast-global-color-5)","background-image":"","background-repeat":"repeat","background-position":"center center","background-size":"auto","background-attachment":"scroll","background-type":"","background-media":"","overlay-type":"","overlay-color":"","overlay-gradient":""},"tablet":{"background-color":"var(--ast-global-color-5)","background-image":"","background-repeat":"repeat","background-position":"center center","background-size":"auto","background-attachment":"scroll","background-type":"","background-media":"","overlay-type":"","overlay-color":"","overlay-gradient":""},"mobile":{"background-color":"var(--ast-global-color-5)","background-image":"","background-repeat":"repeat","background-position":"center center","background-size":"auto","background-attachment":"scroll","background-type":"","background-media":"","overlay-type":"","overlay-color":"","overlay-gradient":""}}},"product_brand":[],"product_cat":[120],"product_tag":[],"class_list":{"0":"post-3613","1":"product","2":"type-product","3":"status-publish","4":"has-post-thumbnail","6":"product_cat-wagen","7":"desktop-align-center","8":"tablet-align-left","9":"mobile-align-left","10":"ast-product-gallery-layout-horizontal-slider","11":"ast-product-tabs-layout-accordion","13":"first","14":"instock","15":"shipping-taxable","16":"product-type-simple"},"_links":{"self":[{"href":"https:\/\/kavikahealthcare.fi\/de\/wp-json\/wp\/v2\/product\/3613","targetHints":{"allow":["GET"]}}],"collection":[{"href":"https:\/\/kavikahealthcare.fi\/de\/wp-json\/wp\/v2\/product"}],"about":[{"href":"https:\/\/kavikahealthcare.fi\/de\/wp-json\/wp\/v2\/types\/product"}],"replies":[{"embeddable":true,"href":"https:\/\/kavikahealthcare.fi\/de\/wp-json\/wp\/v2\/comments?post=3613"}],"wp:featuredmedia":[{"embeddable":true,"href":"https:\/\/kavikahealthcare.fi\/de\/wp-json\/wp\/v2\/media\/3418"}],"wp:attachment":[{"href":"https:\/\/kavikahealthcare.fi\/de\/wp-json\/wp\/v2\/media?parent=3613"}],"wp:term":[{"taxonomy":"product_brand","embeddable":true,"href":"https:\/\/kavikahealthcare.fi\/de\/wp-json\/wp\/v2\/product_brand?post=3613"},{"taxonomy":"product_cat","embeddable":true,"href":"https:\/\/kavikahealthcare.fi\/de\/wp-json\/wp\/v2\/product_cat?post=3613"},{"taxonomy":"product_tag","embeddable":true,"href":"https:\/\/kavikahealthcare.fi\/de\/wp-json\/wp\/v2\/product_tag?post=3613"}],"curies":[{"name":"wp","href":"https:\/\/api.w.org\/{rel}","templated":true}]}}