{"id":3602,"date":"2024-09-12T09:22:17","date_gmt":"2024-09-12T06:22:17","guid":{"rendered":"https:\/\/kavikahealthcare.fi\/tuote\/tarvikevaunut-lasiovilla\/"},"modified":"2024-10-25T22:13:10","modified_gmt":"2024-10-25T19:13:10","slug":"zubehoerwagen-mit-glastueren","status":"publish","type":"product","link":"https:\/\/kavikahealthcare.fi\/de\/produkt\/zubehoerwagen-mit-glastueren\/","title":{"rendered":"ZUBEH\u00d6RWAGEN mit Glast\u00fcren"},"content":{"rendered":"<h2>ZUBEH\u00d6RWAGEN mit Glast\u00fcren<\/h2>\n<p>Wagen werden komplett montiert und betriebsbereit geliefert. Die Wagen verf\u00fcgen \u00fcber einen stabilen und langlebigen geschwei\u00dften Rahmen aus quadratischen Rohren. Alle Konstruktionen sind darauf ausgelegt, scharfe und schneidende Kanten zu eliminieren und eine einfache Reinigung der Oberfl\u00e4chen zu gew\u00e4hrleisten.<\/p>\n<p>Der Standard-Zubeh\u00f6rwagen mit Glast\u00fcren ist in ein- und zweispaltigen Ausf\u00fchrungen erh\u00e4ltlich. Der Wagen verf\u00fcgt \u00fcber abnehmbare F\u00fchrungen und Sto\u00dfschutz. Die vertikalen St\u00fctzen sind f\u00fcr K\u00f6rbe mit den Ma\u00dfen 400&#215;600 mm ausgelegt, die nicht im Lieferumfang des Wagens enthalten sind. Als Standard verwenden wir wartungsfreie Manner Tango 125 mm R\u00e4der, von denen 2 von 4 abschlie\u00dfbar sind.<\/p>\n<h6><a href=\"https:\/\/kavikahealthcare.fi\/wp-content\/uploads\/2024\/10\/Supply-trolleys-with-class-doors_Product-card_20241018.pdf\" target=\"_blank\" rel=\"noopener\"><strong>Produktdatenblatt und Technische Daten<\/strong><\/a><\/h6>\n","protected":false},"excerpt":{"rendered":"<p>ZUBEH\u00d6RWAGEN mit Glast\u00fcren Wagen werden komplett montiert und betriebsbereit geliefert. Die Wagen verf\u00fcgen \u00fcber einen stabilen und langlebigen geschwei\u00dften Rahmen aus quadratischen Rohren. Alle Konstruktionen sind darauf ausgelegt, scharfe und schneidende Kanten zu eliminieren und eine einfache Reinigung der Oberfl\u00e4chen zu gew\u00e4hrleisten. Der Standard-Zubeh\u00f6rwagen mit Glast\u00fcren ist in ein- und [&hellip;]<\/p>\n","protected":false},"featured_media":3150,"comment_status":"closed","ping_status":"closed","template":"","meta":{"site-sidebar-layout":"default","site-content-layout":"","ast-site-content-layout":"default","site-content-style":"default","site-sidebar-style":"default","ast-global-header-display":"","ast-banner-title-visibility":"","ast-main-header-display":"","ast-hfb-above-header-display":"","ast-hfb-below-header-display":"","ast-hfb-mobile-header-display":"","site-post-title":"","ast-breadcrumbs-content":"","ast-featured-img":"","footer-sml-layout":"","theme-transparent-header-meta":"default","adv-header-id-meta":"","stick-header-meta":"default","header-above-stick-meta":"","header-main-stick-meta":"","header-below-stick-meta":"","astra-migrate-meta-layouts":"set","ast-page-background-enabled":"default","ast-page-background-meta":{"desktop":{"background-color":"var(--ast-global-color-4)","background-image":"","background-repeat":"repeat","background-position":"center center","background-size":"auto","background-attachment":"scroll","background-type":"","background-media":"","overlay-type":"","overlay-color":"","overlay-gradient":""},"tablet":{"background-color":"","background-image":"","background-repeat":"repeat","background-position":"center center","background-size":"auto","background-attachment":"scroll","background-type":"","background-media":"","overlay-type":"","overlay-color":"","overlay-gradient":""},"mobile":{"background-color":"","background-image":"","background-repeat":"repeat","background-position":"center center","background-size":"auto","background-attachment":"scroll","background-type":"","background-media":"","overlay-type":"","overlay-color":"","overlay-gradient":""}},"ast-content-background-meta":{"desktop":{"background-color":"var(--ast-global-color-5)","background-image":"","background-repeat":"repeat","background-position":"center center","background-size":"auto","background-attachment":"scroll","background-type":"","background-media":"","overlay-type":"","overlay-color":"","overlay-gradient":""},"tablet":{"background-color":"var(--ast-global-color-5)","background-image":"","background-repeat":"repeat","background-position":"center center","background-size":"auto","background-attachment":"scroll","background-type":"","background-media":"","overlay-type":"","overlay-color":"","overlay-gradient":""},"mobile":{"background-color":"var(--ast-global-color-5)","background-image":"","background-repeat":"repeat","background-position":"center center","background-size":"auto","background-attachment":"scroll","background-type":"","background-media":"","overlay-type":"","overlay-color":"","overlay-gradient":""}}},"product_brand":[],"product_cat":[120],"product_tag":[],"class_list":{"0":"post-3602","1":"product","2":"type-product","3":"status-publish","4":"has-post-thumbnail","6":"product_cat-wagen","7":"desktop-align-center","8":"tablet-align-left","9":"mobile-align-left","10":"ast-product-gallery-layout-horizontal-slider","11":"ast-product-tabs-layout-accordion","13":"first","14":"instock","15":"shipping-taxable","16":"product-type-simple"},"_links":{"self":[{"href":"https:\/\/kavikahealthcare.fi\/de\/wp-json\/wp\/v2\/product\/3602","targetHints":{"allow":["GET"]}}],"collection":[{"href":"https:\/\/kavikahealthcare.fi\/de\/wp-json\/wp\/v2\/product"}],"about":[{"href":"https:\/\/kavikahealthcare.fi\/de\/wp-json\/wp\/v2\/types\/product"}],"replies":[{"embeddable":true,"href":"https:\/\/kavikahealthcare.fi\/de\/wp-json\/wp\/v2\/comments?post=3602"}],"wp:featuredmedia":[{"embeddable":true,"href":"https:\/\/kavikahealthcare.fi\/de\/wp-json\/wp\/v2\/media\/3150"}],"wp:attachment":[{"href":"https:\/\/kavikahealthcare.fi\/de\/wp-json\/wp\/v2\/media?parent=3602"}],"wp:term":[{"taxonomy":"product_brand","embeddable":true,"href":"https:\/\/kavikahealthcare.fi\/de\/wp-json\/wp\/v2\/product_brand?post=3602"},{"taxonomy":"product_cat","embeddable":true,"href":"https:\/\/kavikahealthcare.fi\/de\/wp-json\/wp\/v2\/product_cat?post=3602"},{"taxonomy":"product_tag","embeddable":true,"href":"https:\/\/kavikahealthcare.fi\/de\/wp-json\/wp\/v2\/product_tag?post=3602"}],"curies":[{"name":"wp","href":"https:\/\/api.w.org\/{rel}","templated":true}]}}