{"id":3595,"date":"2024-09-12T09:04:15","date_gmt":"2024-09-12T06:04:15","guid":{"rendered":"https:\/\/kavikahealthcare.fi\/tuote\/tarvikevaunut-avovaunu\/"},"modified":"2024-10-25T21:31:16","modified_gmt":"2024-10-25T18:31:16","slug":"zubehoerwagen-offene-wagen","status":"publish","type":"product","link":"https:\/\/kavikahealthcare.fi\/de\/produkt\/zubehoerwagen-offene-wagen\/","title":{"rendered":"ZUBEH\u00d6RWAGEN offene Wagen"},"content":{"rendered":"<div class=\"flex-shrink-0 flex flex-col relative items-end\">\n<div>\n<div class=\"pt-0\">\n<div class=\"gizmo-bot-avatar flex h-8 w-8 items-center justify-center overflow-hidden rounded-full\">\n<h2>ZUBEH\u00d6RWAGEN offene Wagen<\/h2>\n<\/div>\n<\/div>\n<\/div>\n<\/div>\n<div class=\"group\/conversation-turn relative flex w-full min-w-0 flex-col agent-turn\">\n<div class=\"flex-col gap-1 md:gap-3\">\n<div class=\"flex max-w-full flex-col flex-grow\">\n<div class=\"min-h-[20px] text-message flex w-full flex-col items-end gap-2 whitespace-normal break-words [.text-message+&amp;]:mt-5\" dir=\"auto\" data-message-author-role=\"assistant\" data-message-id=\"da3eb2e4-467c-4349-b118-2b649c442595\">\n<div class=\"flex w-full flex-col gap-1 empty:hidden first:pt-[3px]\">\n<div class=\"markdown prose w-full break-words dark:prose-invert light\">\n<p>Wagen werden komplett montiert und betriebsbereit geliefert. Die Wagen verf\u00fcgen \u00fcber einen stabilen und langlebigen geschwei\u00dften Rahmen aus quadratischen Rohren. Alle Konstruktionen sind darauf ausgelegt, scharfe und schneidende Kanten zu eliminieren und eine einfache Reinigung der Oberfl\u00e4chen zu gew\u00e4hrleisten.<\/p>\n<p>Standard offene Wagen sind in ein-, zwei- und dreispaltigen Ausf\u00fchrungen erh\u00e4ltlich. Eine Staubschutzhaube ist oben auf dem Wagen angebracht. Die vertikalen St\u00fctzen sind f\u00fcr K\u00f6rbe mit den Ma\u00dfen 400&#215;600 mm ausgelegt, die nicht im Lieferumfang des Wagens enthalten sind. Als Standard verwenden wir wartungsfreie Manner Tango 125 mm R\u00e4der, von denen 2 von 4 abschlie\u00dfbar sind.<\/p>\n<\/div>\n<\/div>\n<\/div>\n<\/div>\n<\/div>\n<\/div>\n<h6><a href=\"https:\/\/kavikahealthcare.fi\/wp-content\/uploads\/2024\/10\/Supply-trolleys-open_Produkt-card_20241018.pdf\" target=\"_blank\" rel=\"noopener\"><strong>Produktdatenblatt und Technische Daten<\/strong><\/a><\/h6>\n","protected":false},"excerpt":{"rendered":"<p>ZUBEH\u00d6RWAGEN offene Wagen Wagen werden komplett montiert und betriebsbereit geliefert. Die Wagen verf\u00fcgen \u00fcber einen stabilen und langlebigen geschwei\u00dften Rahmen aus quadratischen Rohren. Alle Konstruktionen sind darauf ausgelegt, scharfe und schneidende Kanten zu eliminieren und eine einfache Reinigung der Oberfl\u00e4chen zu gew\u00e4hrleisten. Standard offene Wagen sind in ein-, zwei- und [&hellip;]<\/p>\n","protected":false},"featured_media":3592,"comment_status":"closed","ping_status":"closed","template":"","meta":{"site-sidebar-layout":"default","site-content-layout":"","ast-site-content-layout":"default","site-content-style":"default","site-sidebar-style":"default","ast-global-header-display":"","ast-banner-title-visibility":"","ast-main-header-display":"","ast-hfb-above-header-display":"","ast-hfb-below-header-display":"","ast-hfb-mobile-header-display":"","site-post-title":"","ast-breadcrumbs-content":"","ast-featured-img":"","footer-sml-layout":"","theme-transparent-header-meta":"default","adv-header-id-meta":"","stick-header-meta":"default","header-above-stick-meta":"","header-main-stick-meta":"","header-below-stick-meta":"","astra-migrate-meta-layouts":"set","ast-page-background-enabled":"default","ast-page-background-meta":{"desktop":{"background-color":"var(--ast-global-color-4)","background-image":"","background-repeat":"repeat","background-position":"center center","background-size":"auto","background-attachment":"scroll","background-type":"","background-media":"","overlay-type":"","overlay-color":"","overlay-gradient":""},"tablet":{"background-color":"","background-image":"","background-repeat":"repeat","background-position":"center center","background-size":"auto","background-attachment":"scroll","background-type":"","background-media":"","overlay-type":"","overlay-color":"","overlay-gradient":""},"mobile":{"background-color":"","background-image":"","background-repeat":"repeat","background-position":"center center","background-size":"auto","background-attachment":"scroll","background-type":"","background-media":"","overlay-type":"","overlay-color":"","overlay-gradient":""}},"ast-content-background-meta":{"desktop":{"background-color":"var(--ast-global-color-5)","background-image":"","background-repeat":"repeat","background-position":"center center","background-size":"auto","background-attachment":"scroll","background-type":"","background-media":"","overlay-type":"","overlay-color":"","overlay-gradient":""},"tablet":{"background-color":"var(--ast-global-color-5)","background-image":"","background-repeat":"repeat","background-position":"center center","background-size":"auto","background-attachment":"scroll","background-type":"","background-media":"","overlay-type":"","overlay-color":"","overlay-gradient":""},"mobile":{"background-color":"var(--ast-global-color-5)","background-image":"","background-repeat":"repeat","background-position":"center center","background-size":"auto","background-attachment":"scroll","background-type":"","background-media":"","overlay-type":"","overlay-color":"","overlay-gradient":""}}},"product_brand":[],"product_cat":[120],"product_tag":[],"class_list":{"0":"post-3595","1":"product","2":"type-product","3":"status-publish","4":"has-post-thumbnail","6":"product_cat-wagen","7":"desktop-align-center","8":"tablet-align-left","9":"mobile-align-left","10":"ast-product-gallery-layout-horizontal-slider","11":"ast-product-tabs-layout-accordion","13":"first","14":"instock","15":"shipping-taxable","16":"product-type-simple"},"_links":{"self":[{"href":"https:\/\/kavikahealthcare.fi\/de\/wp-json\/wp\/v2\/product\/3595","targetHints":{"allow":["GET"]}}],"collection":[{"href":"https:\/\/kavikahealthcare.fi\/de\/wp-json\/wp\/v2\/product"}],"about":[{"href":"https:\/\/kavikahealthcare.fi\/de\/wp-json\/wp\/v2\/types\/product"}],"replies":[{"embeddable":true,"href":"https:\/\/kavikahealthcare.fi\/de\/wp-json\/wp\/v2\/comments?post=3595"}],"wp:featuredmedia":[{"embeddable":true,"href":"https:\/\/kavikahealthcare.fi\/de\/wp-json\/wp\/v2\/media\/3592"}],"wp:attachment":[{"href":"https:\/\/kavikahealthcare.fi\/de\/wp-json\/wp\/v2\/media?parent=3595"}],"wp:term":[{"taxonomy":"product_brand","embeddable":true,"href":"https:\/\/kavikahealthcare.fi\/de\/wp-json\/wp\/v2\/product_brand?post=3595"},{"taxonomy":"product_cat","embeddable":true,"href":"https:\/\/kavikahealthcare.fi\/de\/wp-json\/wp\/v2\/product_cat?post=3595"},{"taxonomy":"product_tag","embeddable":true,"href":"https:\/\/kavikahealthcare.fi\/de\/wp-json\/wp\/v2\/product_tag?post=3595"}],"curies":[{"name":"wp","href":"https:\/\/api.w.org\/{rel}","templated":true}]}}