{"id":3584,"date":"2024-09-12T08:49:24","date_gmt":"2024-09-12T05:49:24","guid":{"rendered":"https:\/\/kavikahealthcare.fi\/tuote\/instrumenttivaunut\/"},"modified":"2024-10-25T08:55:28","modified_gmt":"2024-10-25T05:55:28","slug":"instrumentenwagen","status":"publish","type":"product","link":"https:\/\/kavikahealthcare.fi\/de\/produkt\/instrumentenwagen\/","title":{"rendered":"Instrumentenwagen"},"content":{"rendered":"<h2>Instrumentenwagen<\/h2>\n<p>Die Instrumentenwagen werden je nach Verwendungszweck entweder aus rostfreiem oder s\u00e4urebest\u00e4ndigem Stahl hergestellt.<\/p>\n<p>Der Wagen verf\u00fcgt \u00fcber eine Ablage f\u00fcr Instrumente, einen Schiebeb\u00fcgel sowie einen elektrischen Hub mit Akku.<\/p>\n<p>Die Wagen werden einsatzbereit montiert geliefert. Sie haben einen stabilen und langlebigen, aus Vierkantrohr geschwei\u00dften Rahmen. Bei allen Konstruktionen wurde darauf geachtet, scharfe und schneidende Kanten zu vermeiden und die Oberfl\u00e4chen leicht zu reinigen. Als Standardrollen verwenden wir wartungsfreie Manner Tango 125 mm Rollen, von denen 2\/4 feststellbar sind.<\/p>\n<h6><a href=\"https:\/\/kavikahealthcare.fi\/wp-content\/uploads\/2024\/10\/Instrument-trolleys_Produkt-card_20241018.pdf\" target=\"_blank\" rel=\"noopener\"><strong>Produktdatenblatt und Technische Daten<\/strong><\/a><\/h6>\n","protected":false},"excerpt":{"rendered":"<p>Instrumentenwagen Die Instrumentenwagen werden je nach Verwendungszweck entweder aus rostfreiem oder s\u00e4urebest\u00e4ndigem Stahl hergestellt. Der Wagen verf\u00fcgt \u00fcber eine Ablage f\u00fcr Instrumente, einen Schiebeb\u00fcgel sowie einen elektrischen Hub mit Akku. Die Wagen werden einsatzbereit montiert geliefert. Sie haben einen stabilen und langlebigen, aus Vierkantrohr geschwei\u00dften Rahmen. Bei allen Konstruktionen wurde [&hellip;]<\/p>\n","protected":false},"featured_media":3402,"comment_status":"closed","ping_status":"closed","template":"","meta":{"site-sidebar-layout":"default","site-content-layout":"","ast-site-content-layout":"default","site-content-style":"default","site-sidebar-style":"default","ast-global-header-display":"","ast-banner-title-visibility":"","ast-main-header-display":"","ast-hfb-above-header-display":"","ast-hfb-below-header-display":"","ast-hfb-mobile-header-display":"","site-post-title":"","ast-breadcrumbs-content":"","ast-featured-img":"","footer-sml-layout":"","theme-transparent-header-meta":"default","adv-header-id-meta":"","stick-header-meta":"default","header-above-stick-meta":"","header-main-stick-meta":"","header-below-stick-meta":"","astra-migrate-meta-layouts":"set","ast-page-background-enabled":"default","ast-page-background-meta":{"desktop":{"background-color":"var(--ast-global-color-4)","background-image":"","background-repeat":"repeat","background-position":"center center","background-size":"auto","background-attachment":"scroll","background-type":"","background-media":"","overlay-type":"","overlay-color":"","overlay-gradient":""},"tablet":{"background-color":"","background-image":"","background-repeat":"repeat","background-position":"center center","background-size":"auto","background-attachment":"scroll","background-type":"","background-media":"","overlay-type":"","overlay-color":"","overlay-gradient":""},"mobile":{"background-color":"","background-image":"","background-repeat":"repeat","background-position":"center center","background-size":"auto","background-attachment":"scroll","background-type":"","background-media":"","overlay-type":"","overlay-color":"","overlay-gradient":""}},"ast-content-background-meta":{"desktop":{"background-color":"var(--ast-global-color-5)","background-image":"","background-repeat":"repeat","background-position":"center center","background-size":"auto","background-attachment":"scroll","background-type":"","background-media":"","overlay-type":"","overlay-color":"","overlay-gradient":""},"tablet":{"background-color":"var(--ast-global-color-5)","background-image":"","background-repeat":"repeat","background-position":"center center","background-size":"auto","background-attachment":"scroll","background-type":"","background-media":"","overlay-type":"","overlay-color":"","overlay-gradient":""},"mobile":{"background-color":"var(--ast-global-color-5)","background-image":"","background-repeat":"repeat","background-position":"center center","background-size":"auto","background-attachment":"scroll","background-type":"","background-media":"","overlay-type":"","overlay-color":"","overlay-gradient":""}}},"product_brand":[],"product_cat":[120],"product_tag":[],"class_list":{"0":"post-3584","1":"product","2":"type-product","3":"status-publish","4":"has-post-thumbnail","6":"product_cat-wagen","7":"desktop-align-center","8":"tablet-align-left","9":"mobile-align-left","10":"ast-product-gallery-layout-horizontal-slider","11":"ast-product-gallery-with-no-image","12":"ast-product-tabs-layout-accordion","14":"first","15":"instock","16":"shipping-taxable","17":"product-type-simple"},"_links":{"self":[{"href":"https:\/\/kavikahealthcare.fi\/de\/wp-json\/wp\/v2\/product\/3584","targetHints":{"allow":["GET"]}}],"collection":[{"href":"https:\/\/kavikahealthcare.fi\/de\/wp-json\/wp\/v2\/product"}],"about":[{"href":"https:\/\/kavikahealthcare.fi\/de\/wp-json\/wp\/v2\/types\/product"}],"replies":[{"embeddable":true,"href":"https:\/\/kavikahealthcare.fi\/de\/wp-json\/wp\/v2\/comments?post=3584"}],"wp:featuredmedia":[{"embeddable":true,"href":"https:\/\/kavikahealthcare.fi\/de\/wp-json\/wp\/v2\/media\/3402"}],"wp:attachment":[{"href":"https:\/\/kavikahealthcare.fi\/de\/wp-json\/wp\/v2\/media?parent=3584"}],"wp:term":[{"taxonomy":"product_brand","embeddable":true,"href":"https:\/\/kavikahealthcare.fi\/de\/wp-json\/wp\/v2\/product_brand?post=3584"},{"taxonomy":"product_cat","embeddable":true,"href":"https:\/\/kavikahealthcare.fi\/de\/wp-json\/wp\/v2\/product_cat?post=3584"},{"taxonomy":"product_tag","embeddable":true,"href":"https:\/\/kavikahealthcare.fi\/de\/wp-json\/wp\/v2\/product_tag?post=3584"}],"curies":[{"name":"wp","href":"https:\/\/api.w.org\/{rel}","templated":true}]}}