{"id":3568,"date":"2024-09-12T08:21:25","date_gmt":"2024-09-12T05:21:25","guid":{"rendered":"https:\/\/kavikahealthcare.fi\/tuote\/hyllyvaunut\/"},"modified":"2024-10-25T09:01:25","modified_gmt":"2024-10-25T06:01:25","slug":"regalwagen","status":"publish","type":"product","link":"https:\/\/kavikahealthcare.fi\/de\/produkt\/regalwagen\/","title":{"rendered":"Regalwagen"},"content":{"rendered":"<h2>Regalwagen<\/h2>\n<p>Die Regalwagen werden je nach Verwendungszweck entweder aus rostfreiem oder s\u00e4urebest\u00e4ndigem Stahl hergestellt.<\/p>\n<p>Standardwagen sind mit festen oder h\u00f6henverstellbaren Regalen erh\u00e4ltlich.<\/p>\n<p>Die Anzahl der Regale wird stets nach den Bed\u00fcrfnissen des Kunden angepasst. Die Wagen werden einsatzbereit montiert geliefert. Sie verf\u00fcgen \u00fcber einen robusten und langlebigen, aus Vierkantrohr geschwei\u00dften Rahmen. Bei allen Konstruktionen wurde darauf geachtet, scharfe und schneidende Kanten zu vermeiden und die Oberfl\u00e4chen leicht zu reinigen. Als Standardrollen verwenden wir wartungsfreie Manner Tango 125 mm Rollen, von denen 2\/4 feststellbar sind.<\/p>\n<h6><a href=\"https:\/\/kavikahealthcare.fi\/wp-content\/uploads\/2024\/10\/Shelf-trolleys_Produkt-card_20241018.pdf\" target=\"_blank\" rel=\"noopener\"><strong>Produktdatenblatt und Technische Daten<\/strong><\/a><\/h6>\n","protected":false},"excerpt":{"rendered":"<p>Regalwagen Die Regalwagen werden je nach Verwendungszweck entweder aus rostfreiem oder s\u00e4urebest\u00e4ndigem Stahl hergestellt. Standardwagen sind mit festen oder h\u00f6henverstellbaren Regalen erh\u00e4ltlich. Die Anzahl der Regale wird stets nach den Bed\u00fcrfnissen des Kunden angepasst. Die Wagen werden einsatzbereit montiert geliefert. Sie verf\u00fcgen \u00fcber einen robusten und langlebigen, aus Vierkantrohr geschwei\u00dften [&hellip;]<\/p>\n","protected":false},"featured_media":3398,"comment_status":"closed","ping_status":"closed","template":"","meta":{"site-sidebar-layout":"default","site-content-layout":"","ast-site-content-layout":"default","site-content-style":"default","site-sidebar-style":"default","ast-global-header-display":"","ast-banner-title-visibility":"","ast-main-header-display":"","ast-hfb-above-header-display":"","ast-hfb-below-header-display":"","ast-hfb-mobile-header-display":"","site-post-title":"","ast-breadcrumbs-content":"","ast-featured-img":"","footer-sml-layout":"","theme-transparent-header-meta":"default","adv-header-id-meta":"","stick-header-meta":"default","header-above-stick-meta":"","header-main-stick-meta":"","header-below-stick-meta":"","astra-migrate-meta-layouts":"set","ast-page-background-enabled":"default","ast-page-background-meta":{"desktop":{"background-color":"var(--ast-global-color-4)","background-image":"","background-repeat":"repeat","background-position":"center center","background-size":"auto","background-attachment":"scroll","background-type":"","background-media":"","overlay-type":"","overlay-color":"","overlay-gradient":""},"tablet":{"background-color":"","background-image":"","background-repeat":"repeat","background-position":"center center","background-size":"auto","background-attachment":"scroll","background-type":"","background-media":"","overlay-type":"","overlay-color":"","overlay-gradient":""},"mobile":{"background-color":"","background-image":"","background-repeat":"repeat","background-position":"center center","background-size":"auto","background-attachment":"scroll","background-type":"","background-media":"","overlay-type":"","overlay-color":"","overlay-gradient":""}},"ast-content-background-meta":{"desktop":{"background-color":"var(--ast-global-color-5)","background-image":"","background-repeat":"repeat","background-position":"center center","background-size":"auto","background-attachment":"scroll","background-type":"","background-media":"","overlay-type":"","overlay-color":"","overlay-gradient":""},"tablet":{"background-color":"var(--ast-global-color-5)","background-image":"","background-repeat":"repeat","background-position":"center center","background-size":"auto","background-attachment":"scroll","background-type":"","background-media":"","overlay-type":"","overlay-color":"","overlay-gradient":""},"mobile":{"background-color":"var(--ast-global-color-5)","background-image":"","background-repeat":"repeat","background-position":"center center","background-size":"auto","background-attachment":"scroll","background-type":"","background-media":"","overlay-type":"","overlay-color":"","overlay-gradient":""}}},"product_brand":[],"product_cat":[120],"product_tag":[],"class_list":{"0":"post-3568","1":"product","2":"type-product","3":"status-publish","4":"has-post-thumbnail","6":"product_cat-wagen","7":"desktop-align-center","8":"tablet-align-left","9":"mobile-align-left","10":"ast-product-gallery-layout-horizontal-slider","11":"ast-product-tabs-layout-accordion","13":"first","14":"instock","15":"shipping-taxable","16":"product-type-simple"},"_links":{"self":[{"href":"https:\/\/kavikahealthcare.fi\/de\/wp-json\/wp\/v2\/product\/3568","targetHints":{"allow":["GET"]}}],"collection":[{"href":"https:\/\/kavikahealthcare.fi\/de\/wp-json\/wp\/v2\/product"}],"about":[{"href":"https:\/\/kavikahealthcare.fi\/de\/wp-json\/wp\/v2\/types\/product"}],"replies":[{"embeddable":true,"href":"https:\/\/kavikahealthcare.fi\/de\/wp-json\/wp\/v2\/comments?post=3568"}],"wp:featuredmedia":[{"embeddable":true,"href":"https:\/\/kavikahealthcare.fi\/de\/wp-json\/wp\/v2\/media\/3398"}],"wp:attachment":[{"href":"https:\/\/kavikahealthcare.fi\/de\/wp-json\/wp\/v2\/media?parent=3568"}],"wp:term":[{"taxonomy":"product_brand","embeddable":true,"href":"https:\/\/kavikahealthcare.fi\/de\/wp-json\/wp\/v2\/product_brand?post=3568"},{"taxonomy":"product_cat","embeddable":true,"href":"https:\/\/kavikahealthcare.fi\/de\/wp-json\/wp\/v2\/product_cat?post=3568"},{"taxonomy":"product_tag","embeddable":true,"href":"https:\/\/kavikahealthcare.fi\/de\/wp-json\/wp\/v2\/product_tag?post=3568"}],"curies":[{"name":"wp","href":"https:\/\/api.w.org\/{rel}","templated":true}]}}