{"id":3548,"date":"2024-09-11T20:35:09","date_gmt":"2024-09-11T17:35:09","guid":{"rendered":"https:\/\/kavikahealthcare.fi\/tuote\/tasovaunu\/"},"modified":"2024-10-25T23:03:30","modified_gmt":"2024-10-25T20:03:30","slug":"plattformwagen","status":"publish","type":"product","link":"https:\/\/kavikahealthcare.fi\/de\/produkt\/plattformwagen\/","title":{"rendered":"Plattformwagen"},"content":{"rendered":"<h2>Plattformwagen<\/h2>\n<div class=\"flex-shrink-0 flex flex-col relative items-end\">\n<div>\n<div class=\"pt-0\">\n<div class=\"gizmo-bot-avatar flex h-8 w-8 items-center justify-center overflow-hidden rounded-full\">\n<div class=\"relative p-1 rounded-sm flex items-center justify-center bg-token-main-surface-primary text-token-text-primary h-8 w-8\"><span style=\"font-size: 16px;\">Plattformwagenwerden entweder aus rostfreiem oder s\u00e4urebest\u00e4ndigem Stahl je nach Verwendungszweck hergestellt.<\/span><\/div>\n<\/div>\n<\/div>\n<\/div>\n<\/div>\n<div class=\"group\/conversation-turn relative flex w-full min-w-0 flex-col agent-turn\">\n<div class=\"flex-col gap-1 md:gap-3\">\n<div class=\"flex max-w-full flex-col flex-grow\">\n<div class=\"min-h-8 text-message flex w-full flex-col items-end gap-2 whitespace-normal break-words [.text-message+&amp;]:mt-5\" dir=\"auto\" data-message-author-role=\"assistant\" data-message-id=\"0c45be65-49a8-4d84-bb1f-a569ffa985c6\" data-message-model-slug=\"gpt-4o-mini\">\n<div class=\"flex w-full flex-col gap-1 empty:hidden first:pt-[3px]\">\n<div class=\"markdown prose w-full break-words dark:prose-invert light\">\n<p>Standardwagen sind in verschiedenen Gr\u00f6\u00dfen mit zwei oder drei Ebenen erh\u00e4ltlich, mit oder ohne Griff.<\/p>\n<p>Die Wagen werden komplett montiert und betriebsbereit geliefert. Die Wagen verf\u00fcgen \u00fcber einen stabilen und langlebigen geschwei\u00dften Rahmen aus rundem Rohr. Alle Konstruktionen sind darauf ausgelegt, scharfe und schneidende Kanten zu eliminieren und eine einfache Reinigung der Oberfl\u00e4chen zu gew\u00e4hrleisten. Als Standard verwenden wir wartungsfreie Manner Tango 125 mm R\u00e4der, von denen 2 von 4 abschlie\u00dfbar sind.<\/p>\n<p>F\u00fcr den zweistufigen Wagen ist eine manuelle oder elektrische H\u00f6henverstellung als Zubeh\u00f6r erh\u00e4ltlich.<\/p>\n<p><span style=\"font-size: 16px;\">Plattformwagenwerden <\/span>k\u00f6nnen auch f\u00fcr Reinr\u00e4ume mit elektrolytisch polierter Oberfl\u00e4che hergestellt werden, wobei H\u00f6henverstellung und perforierte Ebenen als zus\u00e4tzliche Ausstattungen erh\u00e4ltlich sind.<\/p>\n<\/div>\n<\/div>\n<\/div>\n<\/div>\n<\/div>\n<\/div>\n<h6><a href=\"https:\/\/kavikahealthcare.fi\/wp-content\/uploads\/2024\/10\/Flatbed-trolleys_Produkt-card_20241018.pdf\" target=\"_blank\" rel=\"noopener\"><strong>Produktdatenblatt und Technische Daten<\/strong><\/a><\/h6>\n","protected":false},"excerpt":{"rendered":"<p>Plattformwagen Plattformwagenwerden entweder aus rostfreiem oder s\u00e4urebest\u00e4ndigem Stahl je nach Verwendungszweck hergestellt. Standardwagen sind in verschiedenen Gr\u00f6\u00dfen mit zwei oder drei Ebenen erh\u00e4ltlich, mit oder ohne Griff. Die Wagen werden komplett montiert und betriebsbereit geliefert. Die Wagen verf\u00fcgen \u00fcber einen stabilen und langlebigen geschwei\u00dften Rahmen aus rundem Rohr. Alle Konstruktionen [&hellip;]<\/p>\n","protected":false},"featured_media":3426,"comment_status":"closed","ping_status":"closed","template":"","meta":{"site-sidebar-layout":"default","site-content-layout":"","ast-site-content-layout":"default","site-content-style":"default","site-sidebar-style":"default","ast-global-header-display":"","ast-banner-title-visibility":"","ast-main-header-display":"","ast-hfb-above-header-display":"","ast-hfb-below-header-display":"","ast-hfb-mobile-header-display":"","site-post-title":"","ast-breadcrumbs-content":"","ast-featured-img":"","footer-sml-layout":"","theme-transparent-header-meta":"default","adv-header-id-meta":"","stick-header-meta":"default","header-above-stick-meta":"","header-main-stick-meta":"","header-below-stick-meta":"","astra-migrate-meta-layouts":"set","ast-page-background-enabled":"default","ast-page-background-meta":{"desktop":{"background-color":"var(--ast-global-color-4)","background-image":"","background-repeat":"repeat","background-position":"center center","background-size":"auto","background-attachment":"scroll","background-type":"","background-media":"","overlay-type":"","overlay-color":"","overlay-gradient":""},"tablet":{"background-color":"","background-image":"","background-repeat":"repeat","background-position":"center center","background-size":"auto","background-attachment":"scroll","background-type":"","background-media":"","overlay-type":"","overlay-color":"","overlay-gradient":""},"mobile":{"background-color":"","background-image":"","background-repeat":"repeat","background-position":"center center","background-size":"auto","background-attachment":"scroll","background-type":"","background-media":"","overlay-type":"","overlay-color":"","overlay-gradient":""}},"ast-content-background-meta":{"desktop":{"background-color":"var(--ast-global-color-5)","background-image":"","background-repeat":"repeat","background-position":"center center","background-size":"auto","background-attachment":"scroll","background-type":"","background-media":"","overlay-type":"","overlay-color":"","overlay-gradient":""},"tablet":{"background-color":"var(--ast-global-color-5)","background-image":"","background-repeat":"repeat","background-position":"center center","background-size":"auto","background-attachment":"scroll","background-type":"","background-media":"","overlay-type":"","overlay-color":"","overlay-gradient":""},"mobile":{"background-color":"var(--ast-global-color-5)","background-image":"","background-repeat":"repeat","background-position":"center center","background-size":"auto","background-attachment":"scroll","background-type":"","background-media":"","overlay-type":"","overlay-color":"","overlay-gradient":""}}},"product_brand":[],"product_cat":[120],"product_tag":[],"class_list":{"0":"post-3548","1":"product","2":"type-product","3":"status-publish","4":"has-post-thumbnail","6":"product_cat-wagen","7":"desktop-align-center","8":"tablet-align-left","9":"mobile-align-left","10":"ast-product-gallery-layout-horizontal-slider","11":"ast-product-tabs-layout-accordion","13":"first","14":"instock","15":"shipping-taxable","16":"product-type-simple"},"_links":{"self":[{"href":"https:\/\/kavikahealthcare.fi\/de\/wp-json\/wp\/v2\/product\/3548","targetHints":{"allow":["GET"]}}],"collection":[{"href":"https:\/\/kavikahealthcare.fi\/de\/wp-json\/wp\/v2\/product"}],"about":[{"href":"https:\/\/kavikahealthcare.fi\/de\/wp-json\/wp\/v2\/types\/product"}],"replies":[{"embeddable":true,"href":"https:\/\/kavikahealthcare.fi\/de\/wp-json\/wp\/v2\/comments?post=3548"}],"wp:featuredmedia":[{"embeddable":true,"href":"https:\/\/kavikahealthcare.fi\/de\/wp-json\/wp\/v2\/media\/3426"}],"wp:attachment":[{"href":"https:\/\/kavikahealthcare.fi\/de\/wp-json\/wp\/v2\/media?parent=3548"}],"wp:term":[{"taxonomy":"product_brand","embeddable":true,"href":"https:\/\/kavikahealthcare.fi\/de\/wp-json\/wp\/v2\/product_brand?post=3548"},{"taxonomy":"product_cat","embeddable":true,"href":"https:\/\/kavikahealthcare.fi\/de\/wp-json\/wp\/v2\/product_cat?post=3548"},{"taxonomy":"product_tag","embeddable":true,"href":"https:\/\/kavikahealthcare.fi\/de\/wp-json\/wp\/v2\/product_tag?post=3548"}],"curies":[{"name":"wp","href":"https:\/\/api.w.org\/{rel}","templated":true}]}}