{"id":2706,"date":"2023-12-08T09:05:24","date_gmt":"2023-12-08T07:05:24","guid":{"rendered":"https:\/\/kavikahealthcare.fi\/?post_type=product&#038;p=2706"},"modified":"2025-06-03T09:53:56","modified_gmt":"2025-06-03T06:53:56","slug":"probenreinigungsstation","status":"publish","type":"product","link":"https:\/\/kavikahealthcare.fi\/de\/produkt\/probenreinigungsstation\/","title":{"rendered":"Probenreinigungsstation"},"content":{"rendered":"<h2>Probenreinigungsstation<\/h2>\n<p>Die Probenreinigungsstation ist f\u00fcr das Sp\u00fclen, die Vorbehandlung und die Aufbereitung verschiedener Proben vorgesehen, wie beispielsweise die Bearbeitung von Gewebeproben im Pathologielabor.<\/p>\n<p>Die Probenreinigungsstation wurde entwickelt, um den Schutz des Bedieners, die Arbeitsbedingungen und die Ergonomie zu verbessern. Die h\u00f6henverstellbare Arbeitsfl\u00e4che kann ergonomisch auf die optimale Arbeitsposition f\u00fcr Personen unterschiedlicher Gr\u00f6\u00dfe eingestellt werden. Die Verwendung des Fu\u00dfpedals erleichtert auch die Arbeit beim Einsatz der leistungsstarken Sp\u00fclung und des optional erh\u00e4ltlichen Formalinhahns. Im Arbeitsbereich befindet sich die erforderliche Armatur und Duschvorrichtung zum Sp\u00fclen von Proben und der Arbeitsfl\u00e4che. Eine kontinuierliche Sp\u00fclung kann auch auf die Arbeitsfl\u00e4che aufgebracht werden. Die L\u00fcftungsl\u00f6sung entspricht den Abzugshauben.<\/p>\n<p>Der Arbeitsraum der Probenreinigungsstation kann effektiv mit der Sp\u00fclfunktion gereinigt werden. Als Zubeh\u00f6r gibt es ein automatisches Reinigungsprogramm und eine UV-Desinfektion.<\/p>\n<p>Die Standardausstattung und die verf\u00fcgbaren Zusatzausstattungen sind in den technischen Daten aufgef\u00fchrt.<\/p>\n<p>&nbsp;<\/p>\n","protected":false},"excerpt":{"rendered":"<p>Probenreinigungsstation Die Probenreinigungsstation ist f\u00fcr das Sp\u00fclen, die Vorbehandlung und die Aufbereitung verschiedener Proben vorgesehen, wie beispielsweise die Bearbeitung von Gewebeproben im Pathologielabor. Die Probenreinigungsstation wurde entwickelt, um den Schutz des Bedieners, die Arbeitsbedingungen und die Ergonomie zu verbessern. Die h\u00f6henverstellbare Arbeitsfl\u00e4che kann ergonomisch auf die optimale Arbeitsposition f\u00fcr Personen [&hellip;]<\/p>\n","protected":false},"featured_media":3034,"comment_status":"closed","ping_status":"closed","template":"","meta":{"site-sidebar-layout":"default","site-content-layout":"","ast-site-content-layout":"default","site-content-style":"default","site-sidebar-style":"default","ast-global-header-display":"","ast-banner-title-visibility":"","ast-main-header-display":"","ast-hfb-above-header-display":"","ast-hfb-below-header-display":"","ast-hfb-mobile-header-display":"","site-post-title":"","ast-breadcrumbs-content":"","ast-featured-img":"","footer-sml-layout":"","theme-transparent-header-meta":"default","adv-header-id-meta":"","stick-header-meta":"default","header-above-stick-meta":"","header-main-stick-meta":"","header-below-stick-meta":"","astra-migrate-meta-layouts":"set","ast-page-background-enabled":"default","ast-page-background-meta":{"desktop":{"background-color":"var(--ast-global-color-4)","background-image":"","background-repeat":"repeat","background-position":"center center","background-size":"auto","background-attachment":"scroll","background-type":"","background-media":"","overlay-type":"","overlay-color":"","overlay-gradient":""},"tablet":{"background-color":"","background-image":"","background-repeat":"repeat","background-position":"center center","background-size":"auto","background-attachment":"scroll","background-type":"","background-media":"","overlay-type":"","overlay-color":"","overlay-gradient":""},"mobile":{"background-color":"","background-image":"","background-repeat":"repeat","background-position":"center center","background-size":"auto","background-attachment":"scroll","background-type":"","background-media":"","overlay-type":"","overlay-color":"","overlay-gradient":""}},"ast-content-background-meta":{"desktop":{"background-color":"var(--ast-global-color-5)","background-image":"","background-repeat":"repeat","background-position":"center center","background-size":"auto","background-attachment":"scroll","background-type":"","background-media":"","overlay-type":"","overlay-color":"","overlay-gradient":""},"tablet":{"background-color":"var(--ast-global-color-5)","background-image":"","background-repeat":"repeat","background-position":"center center","background-size":"auto","background-attachment":"scroll","background-type":"","background-media":"","overlay-type":"","overlay-color":"","overlay-gradient":""},"mobile":{"background-color":"var(--ast-global-color-5)","background-image":"","background-repeat":"repeat","background-position":"center center","background-size":"auto","background-attachment":"scroll","background-type":"","background-media":"","overlay-type":"","overlay-color":"","overlay-gradient":""}}},"product_brand":[],"product_cat":[116,112,114],"product_tag":[],"class_list":{"0":"post-2706","1":"product","2":"type-product","3":"status-publish","4":"has-post-thumbnail","6":"product_cat-pathologie","7":"product_cat-labor","8":"product_cat-operationssaal","9":"desktop-align-center","10":"tablet-align-left","11":"mobile-align-left","12":"ast-product-gallery-layout-horizontal-slider","13":"ast-product-tabs-layout-accordion","15":"first","16":"instock","17":"shipping-taxable","18":"product-type-simple"},"_links":{"self":[{"href":"https:\/\/kavikahealthcare.fi\/de\/wp-json\/wp\/v2\/product\/2706","targetHints":{"allow":["GET"]}}],"collection":[{"href":"https:\/\/kavikahealthcare.fi\/de\/wp-json\/wp\/v2\/product"}],"about":[{"href":"https:\/\/kavikahealthcare.fi\/de\/wp-json\/wp\/v2\/types\/product"}],"replies":[{"embeddable":true,"href":"https:\/\/kavikahealthcare.fi\/de\/wp-json\/wp\/v2\/comments?post=2706"}],"wp:featuredmedia":[{"embeddable":true,"href":"https:\/\/kavikahealthcare.fi\/de\/wp-json\/wp\/v2\/media\/3034"}],"wp:attachment":[{"href":"https:\/\/kavikahealthcare.fi\/de\/wp-json\/wp\/v2\/media?parent=2706"}],"wp:term":[{"taxonomy":"product_brand","embeddable":true,"href":"https:\/\/kavikahealthcare.fi\/de\/wp-json\/wp\/v2\/product_brand?post=2706"},{"taxonomy":"product_cat","embeddable":true,"href":"https:\/\/kavikahealthcare.fi\/de\/wp-json\/wp\/v2\/product_cat?post=2706"},{"taxonomy":"product_tag","embeddable":true,"href":"https:\/\/kavikahealthcare.fi\/de\/wp-json\/wp\/v2\/product_tag?post=2706"}],"curies":[{"name":"wp","href":"https:\/\/api.w.org\/{rel}","templated":true}]}}