{"id":2687,"date":"2023-12-07T15:56:09","date_gmt":"2023-12-07T13:56:09","guid":{"rendered":"https:\/\/kavikahealthcare.fi\/?post_type=product&#038;p=2687"},"modified":"2025-06-03T09:53:58","modified_gmt":"2025-06-03T06:53:58","slug":"verpackungstisch","status":"publish","type":"product","link":"https:\/\/kavikahealthcare.fi\/de\/produkt\/verpackungstisch\/","title":{"rendered":"Verpackungstisch"},"content":{"rendered":"<h2>Verpackungstisch<\/h2>\n<p>Der Verpackungstisch eignet sich hervorragend f\u00fcr die Instrumentenpflege und das Verpacken sterilisierter Utensilien. Als Materialien werden rostfreier Stahl f\u00fcr den Rahmen und wahlweise Komposit oder Laminate f\u00fcr die Arbeitsfl\u00e4che verwendet. Die Rostfrei-Stahlteile k\u00f6nnen pulverbeschichtet werden, und die Farbe des Komposits und des Lamins ist w\u00e4hlbar.<\/p>\n<p>Besondere Aufmerksamkeit wurde auf eine gute Arbeitsergonomie bei der Planung gelegt. Der h\u00f6henverstellbare Verpackungstisch kann auf eine optimale Arbeitsh\u00f6he eingestellt werden. Die Ergonomie wurde auch bei der Platzierung und Einstellm\u00f6glichkeiten von Drucker- und Aufbewahrungsregalen sowie Tastatur- und Monitorplattformen ber\u00fccksichtigt.<\/p>\n<p>Als Zusatzoption k\u00f6nnen dimmbare Leuchten sowohl auf und seitlich des Tisches installiert werden. Technische Anschl\u00fcsse wie Daten, Steckdosen und Druckluft sind optionale Extras, deren Menge und Position je nach den Anforderungen der Gesamteinheit individuell gestaltet werden k\u00f6nnen.<\/p>\n<h6><a href=\"https:\/\/kavikahealthcare.fi\/wp-content\/uploads\/2024\/10\/Packing-tables_Produkt-card_20241018.pdf\" target=\"_blank\" rel=\"noopener\"><strong>Produktdatenblatt und Technische Daten<\/strong><\/a><\/h6>\n","protected":false},"excerpt":{"rendered":"<p>Verpackungstisch Der Verpackungstisch eignet sich hervorragend f\u00fcr die Instrumentenpflege und das Verpacken sterilisierter Utensilien. Als Materialien werden rostfreier Stahl f\u00fcr den Rahmen und wahlweise Komposit oder Laminate f\u00fcr die Arbeitsfl\u00e4che verwendet. Die Rostfrei-Stahlteile k\u00f6nnen pulverbeschichtet werden, und die Farbe des Komposits und des Lamins ist w\u00e4hlbar. Besondere Aufmerksamkeit wurde auf [&hellip;]<\/p>\n","protected":false},"featured_media":3089,"comment_status":"closed","ping_status":"closed","template":"","meta":{"site-sidebar-layout":"default","site-content-layout":"","ast-site-content-layout":"default","site-content-style":"default","site-sidebar-style":"default","ast-global-header-display":"","ast-banner-title-visibility":"","ast-main-header-display":"","ast-hfb-above-header-display":"","ast-hfb-below-header-display":"","ast-hfb-mobile-header-display":"","site-post-title":"","ast-breadcrumbs-content":"","ast-featured-img":"","footer-sml-layout":"","theme-transparent-header-meta":"default","adv-header-id-meta":"","stick-header-meta":"default","header-above-stick-meta":"","header-main-stick-meta":"","header-below-stick-meta":"","astra-migrate-meta-layouts":"set","ast-page-background-enabled":"default","ast-page-background-meta":{"desktop":{"background-color":"var(--ast-global-color-4)","background-image":"","background-repeat":"repeat","background-position":"center center","background-size":"auto","background-attachment":"scroll","background-type":"","background-media":"","overlay-type":"","overlay-color":"","overlay-gradient":""},"tablet":{"background-color":"","background-image":"","background-repeat":"repeat","background-position":"center center","background-size":"auto","background-attachment":"scroll","background-type":"","background-media":"","overlay-type":"","overlay-color":"","overlay-gradient":""},"mobile":{"background-color":"","background-image":"","background-repeat":"repeat","background-position":"center center","background-size":"auto","background-attachment":"scroll","background-type":"","background-media":"","overlay-type":"","overlay-color":"","overlay-gradient":""}},"ast-content-background-meta":{"desktop":{"background-color":"var(--ast-global-color-5)","background-image":"","background-repeat":"repeat","background-position":"center center","background-size":"auto","background-attachment":"scroll","background-type":"","background-media":"","overlay-type":"","overlay-color":"","overlay-gradient":""},"tablet":{"background-color":"var(--ast-global-color-5)","background-image":"","background-repeat":"repeat","background-position":"center center","background-size":"auto","background-attachment":"scroll","background-type":"","background-media":"","overlay-type":"","overlay-color":"","overlay-gradient":""},"mobile":{"background-color":"var(--ast-global-color-5)","background-image":"","background-repeat":"repeat","background-position":"center center","background-size":"auto","background-attachment":"scroll","background-type":"","background-media":"","overlay-type":"","overlay-color":"","overlay-gradient":""}}},"product_brand":[],"product_cat":[122],"product_tag":[],"class_list":{"0":"post-2687","1":"product","2":"type-product","3":"status-publish","4":"has-post-thumbnail","6":"product_cat-gerateaufbereitung","7":"desktop-align-center","8":"tablet-align-left","9":"mobile-align-left","10":"ast-product-gallery-layout-horizontal-slider","11":"ast-product-tabs-layout-accordion","13":"first","14":"instock","15":"shipping-taxable","16":"product-type-simple"},"_links":{"self":[{"href":"https:\/\/kavikahealthcare.fi\/de\/wp-json\/wp\/v2\/product\/2687","targetHints":{"allow":["GET"]}}],"collection":[{"href":"https:\/\/kavikahealthcare.fi\/de\/wp-json\/wp\/v2\/product"}],"about":[{"href":"https:\/\/kavikahealthcare.fi\/de\/wp-json\/wp\/v2\/types\/product"}],"replies":[{"embeddable":true,"href":"https:\/\/kavikahealthcare.fi\/de\/wp-json\/wp\/v2\/comments?post=2687"}],"wp:featuredmedia":[{"embeddable":true,"href":"https:\/\/kavikahealthcare.fi\/de\/wp-json\/wp\/v2\/media\/3089"}],"wp:attachment":[{"href":"https:\/\/kavikahealthcare.fi\/de\/wp-json\/wp\/v2\/media?parent=2687"}],"wp:term":[{"taxonomy":"product_brand","embeddable":true,"href":"https:\/\/kavikahealthcare.fi\/de\/wp-json\/wp\/v2\/product_brand?post=2687"},{"taxonomy":"product_cat","embeddable":true,"href":"https:\/\/kavikahealthcare.fi\/de\/wp-json\/wp\/v2\/product_cat?post=2687"},{"taxonomy":"product_tag","embeddable":true,"href":"https:\/\/kavikahealthcare.fi\/de\/wp-json\/wp\/v2\/product_tag?post=2687"}],"curies":[{"name":"wp","href":"https:\/\/api.w.org\/{rel}","templated":true}]}}