{"id":1970,"date":"2023-06-08T12:00:20","date_gmt":"2023-06-08T09:00:20","guid":{"rendered":"https:\/\/kavikahealthcare.fi\/?post_type=product&#038;p=1970"},"modified":"2025-06-03T09:54:23","modified_gmt":"2025-06-03T06:54:23","slug":"wandregale","status":"publish","type":"product","link":"https:\/\/kavikahealthcare.fi\/de\/produkt\/wandregale\/","title":{"rendered":"Wandregale"},"content":{"rendered":"<h2>Wandregale 5020<\/h2>\n<p>Die Wandschr\u00e4nke werden nach den Ma\u00dfen des Kunden und innerhalb der in den technischen Daten angegebenen Ma\u00dfangaben gefertigt.<\/p>\n<p>Die Regaleinheiten verf\u00fcgen \u00fcber eine stufenlose H\u00f6henverstellung. Die Edelstahl-Regaloptionen umfassen Flachregale, Lochblechregale und Gitterrostregale.<\/p>\n<h6><a href=\"https:\/\/kavikahealthcare.fi\/wp-content\/uploads\/2024\/10\/Wall-racks-and-Floor-racks_Produkt-card_20241018.pdf\" target=\"_blank\" rel=\"noopener\"><strong>Produktdatenblatt und Technische Daten<\/strong><\/a><\/h6>\n","protected":false},"excerpt":{"rendered":"<p>Wandregale 5020 Die Wandschr\u00e4nke werden nach den Ma\u00dfen des Kunden und innerhalb der in den technischen Daten angegebenen Ma\u00dfangaben gefertigt. Die Regaleinheiten verf\u00fcgen \u00fcber eine stufenlose H\u00f6henverstellung. Die Edelstahl-Regaloptionen umfassen Flachregale, Lochblechregale und Gitterrostregale. Produktdatenblatt und Technische Daten<\/p>\n","protected":false},"featured_media":3043,"comment_status":"closed","ping_status":"closed","template":"","meta":{"site-sidebar-layout":"default","site-content-layout":"default","ast-site-content-layout":"default","site-content-style":"default","site-sidebar-style":"default","ast-global-header-display":"","ast-banner-title-visibility":"","ast-main-header-display":"","ast-hfb-above-header-display":"","ast-hfb-below-header-display":"","ast-hfb-mobile-header-display":"","site-post-title":"","ast-breadcrumbs-content":"","ast-featured-img":"","footer-sml-layout":"","theme-transparent-header-meta":"default","adv-header-id-meta":"","stick-header-meta":"default","header-above-stick-meta":"","header-main-stick-meta":"","header-below-stick-meta":"","astra-migrate-meta-layouts":"set","ast-page-background-enabled":"default","ast-page-background-meta":{"desktop":{"background-color":"var(--ast-global-color-4)","background-image":"","background-repeat":"repeat","background-position":"center center","background-size":"auto","background-attachment":"scroll","background-type":"","background-media":"","overlay-type":"","overlay-color":"","overlay-gradient":""},"tablet":{"background-color":"","background-image":"","background-repeat":"repeat","background-position":"center center","background-size":"auto","background-attachment":"scroll","background-type":"","background-media":"","overlay-type":"","overlay-color":"","overlay-gradient":""},"mobile":{"background-color":"","background-image":"","background-repeat":"repeat","background-position":"center center","background-size":"auto","background-attachment":"scroll","background-type":"","background-media":"","overlay-type":"","overlay-color":"","overlay-gradient":""}},"ast-content-background-meta":{"desktop":{"background-color":"var(--ast-global-color-5)","background-image":"","background-repeat":"repeat","background-position":"center center","background-size":"auto","background-attachment":"scroll","background-type":"","background-media":"","overlay-type":"","overlay-color":"","overlay-gradient":""},"tablet":{"background-color":"var(--ast-global-color-5)","background-image":"","background-repeat":"repeat","background-position":"center center","background-size":"auto","background-attachment":"scroll","background-type":"","background-media":"","overlay-type":"","overlay-color":"","overlay-gradient":""},"mobile":{"background-color":"var(--ast-global-color-5)","background-image":"","background-repeat":"repeat","background-position":"center center","background-size":"auto","background-attachment":"scroll","background-type":"","background-media":"","overlay-type":"","overlay-color":"","overlay-gradient":""}}},"product_brand":[],"product_cat":[116,112,118,122],"product_tag":[],"class_list":{"0":"post-1970","1":"product","2":"type-product","3":"status-publish","4":"has-post-thumbnail","6":"product_cat-pathologie","7":"product_cat-labor","8":"product_cat-reinraum","9":"product_cat-gerateaufbereitung","10":"desktop-align-center","11":"tablet-align-left","12":"mobile-align-left","13":"ast-product-gallery-layout-horizontal-slider","14":"ast-product-gallery-with-no-image","15":"ast-product-tabs-layout-accordion","17":"first","18":"instock","19":"shipping-taxable","20":"product-type-simple"},"_links":{"self":[{"href":"https:\/\/kavikahealthcare.fi\/de\/wp-json\/wp\/v2\/product\/1970","targetHints":{"allow":["GET"]}}],"collection":[{"href":"https:\/\/kavikahealthcare.fi\/de\/wp-json\/wp\/v2\/product"}],"about":[{"href":"https:\/\/kavikahealthcare.fi\/de\/wp-json\/wp\/v2\/types\/product"}],"replies":[{"embeddable":true,"href":"https:\/\/kavikahealthcare.fi\/de\/wp-json\/wp\/v2\/comments?post=1970"}],"wp:featuredmedia":[{"embeddable":true,"href":"https:\/\/kavikahealthcare.fi\/de\/wp-json\/wp\/v2\/media\/3043"}],"wp:attachment":[{"href":"https:\/\/kavikahealthcare.fi\/de\/wp-json\/wp\/v2\/media?parent=1970"}],"wp:term":[{"taxonomy":"product_brand","embeddable":true,"href":"https:\/\/kavikahealthcare.fi\/de\/wp-json\/wp\/v2\/product_brand?post=1970"},{"taxonomy":"product_cat","embeddable":true,"href":"https:\/\/kavikahealthcare.fi\/de\/wp-json\/wp\/v2\/product_cat?post=1970"},{"taxonomy":"product_tag","embeddable":true,"href":"https:\/\/kavikahealthcare.fi\/de\/wp-json\/wp\/v2\/product_tag?post=1970"}],"curies":[{"name":"wp","href":"https:\/\/api.w.org\/{rel}","templated":true}]}}