{"id":1688,"date":"2023-06-08T11:58:44","date_gmt":"2023-06-08T08:58:44","guid":{"rendered":"https:\/\/kavikahealthcare.fi\/?post_type=product&#038;p=1688"},"modified":"2025-06-03T09:54:28","modified_gmt":"2025-06-03T06:54:28","slug":"schranklaborspuelen","status":"publish","type":"product","link":"https:\/\/kavikahealthcare.fi\/de\/produkt\/schranklaborspuelen\/","title":{"rendered":"Schranklaborsp\u00fclen"},"content":{"rendered":"<h2>Schranklaborsp\u00fcle 3076, 3076\/V, ber\u00fchrungslos<\/h2>\n<p>Schranklaborsp\u00fclen werden zur Beseitigung von festen und fl\u00fcssigen Abf\u00e4llen in die Kanalisation verwendet. Nierenschalen und Flaschen zum Beispiel k\u00f6nnen hier entleert werden.<\/p>\n<p>Die Innenfl\u00e4che der Schranklaborsp\u00fcle ist glatt und so zusammengesetzt, dass die ordnungsgem\u00e4\u00dfe Beseitigung der Verschmutzungen sichergestellt ist. Aus dem Sp\u00fclring unter dem Sp\u00fcllochkante flie\u00dft das Wasser gleichm\u00e4\u00dfig in das Becken. Die Wassersp\u00fclung wird mittels eines Handsp\u00fclventils ausgel\u00f6st. Die Schranksp\u00fcle wird auch mit einer D\u00fcse mit Fu\u00dfbet\u00e4tigung f\u00fcr die einfache Reinigung von Beh\u00e4ltern hergestellt.<\/p>\n<p>Der Sp\u00fclbereich der Schranklaborsp\u00fclen 3075\/V und 3076\/V ist abgeschr\u00e4gt, um das Leeren von Beh\u00e4ltern zu vereinfachen und die Ergonomie zu verbessern.<\/p>\n<h6><a href=\"https:\/\/kavikahealthcare.fi\/wp-content\/uploads\/2025\/02\/Slop-closets_Product-card_20241018.pdf\" target=\"_blank\" rel=\"noopener\"><strong>Produktdatenblatt und Technische Daten<\/strong><\/a><\/h6>\n<p>&nbsp;<\/p>\n<h5>Maintenance videos<\/h5>\n<h6><a href=\"https:\/\/youtu.be\/uvr78H2Veks\" target=\"_blank\" rel=\"noopener\">Cleaning the flushing valve and piston<\/a><a href=\"https:\/\/youtu.be\/dh-s-47LCW8\" target=\"_blank\" rel=\"noopener\"><br \/>\n<\/a><a href=\"https:\/\/youtu.be\/677Se98zEgw\" target=\"_blank\" rel=\"noopener\">Adjustment of flushing time and flow<\/a><a href=\"https:\/\/youtu.be\/dh-s-47LCW8\" target=\"_blank\" rel=\"noopener\"><br \/>\n<\/a><a href=\"https:\/\/youtu.be\/dh-s-47LCW8\" target=\"_blank\" rel=\"noopener\">Spindle replacement and cleaning the mud separator<\/a><\/h6>\n","protected":false},"excerpt":{"rendered":"<p>Schranklaborsp\u00fcle 3076, 3076\/V, ber\u00fchrungslos Schranklaborsp\u00fclen werden zur Beseitigung von festen und fl\u00fcssigen Abf\u00e4llen in die Kanalisation verwendet. Nierenschalen und Flaschen zum Beispiel k\u00f6nnen hier entleert werden. Die Innenfl\u00e4che der Schranklaborsp\u00fcle ist glatt und so zusammengesetzt, dass die ordnungsgem\u00e4\u00dfe Beseitigung der Verschmutzungen sichergestellt ist. Aus dem Sp\u00fclring unter dem Sp\u00fcllochkante flie\u00dft [&hellip;]<\/p>\n","protected":false},"featured_media":2949,"comment_status":"closed","ping_status":"closed","template":"","meta":{"site-sidebar-layout":"default","site-content-layout":"default","ast-site-content-layout":"default","site-content-style":"default","site-sidebar-style":"default","ast-global-header-display":"","ast-banner-title-visibility":"","ast-main-header-display":"","ast-hfb-above-header-display":"","ast-hfb-below-header-display":"","ast-hfb-mobile-header-display":"","site-post-title":"","ast-breadcrumbs-content":"","ast-featured-img":"","footer-sml-layout":"","theme-transparent-header-meta":"default","adv-header-id-meta":"","stick-header-meta":"default","header-above-stick-meta":"","header-main-stick-meta":"","header-below-stick-meta":"","astra-migrate-meta-layouts":"set","ast-page-background-enabled":"default","ast-page-background-meta":{"desktop":{"background-color":"var(--ast-global-color-4)","background-image":"","background-repeat":"repeat","background-position":"center center","background-size":"auto","background-attachment":"scroll","background-type":"","background-media":"","overlay-type":"","overlay-color":"","overlay-gradient":""},"tablet":{"background-color":"","background-image":"","background-repeat":"repeat","background-position":"center center","background-size":"auto","background-attachment":"scroll","background-type":"","background-media":"","overlay-type":"","overlay-color":"","overlay-gradient":""},"mobile":{"background-color":"","background-image":"","background-repeat":"repeat","background-position":"center center","background-size":"auto","background-attachment":"scroll","background-type":"","background-media":"","overlay-type":"","overlay-color":"","overlay-gradient":""}},"ast-content-background-meta":{"desktop":{"background-color":"var(--ast-global-color-5)","background-image":"","background-repeat":"repeat","background-position":"center center","background-size":"auto","background-attachment":"scroll","background-type":"","background-media":"","overlay-type":"","overlay-color":"","overlay-gradient":""},"tablet":{"background-color":"var(--ast-global-color-5)","background-image":"","background-repeat":"repeat","background-position":"center center","background-size":"auto","background-attachment":"scroll","background-type":"","background-media":"","overlay-type":"","overlay-color":"","overlay-gradient":""},"mobile":{"background-color":"var(--ast-global-color-5)","background-image":"","background-repeat":"repeat","background-position":"center center","background-size":"auto","background-attachment":"scroll","background-type":"","background-media":"","overlay-type":"","overlay-color":"","overlay-gradient":""}}},"product_brand":[],"product_cat":[116,122],"product_tag":[],"class_list":{"0":"post-1688","1":"product","2":"type-product","3":"status-publish","4":"has-post-thumbnail","6":"product_cat-pathologie","7":"product_cat-gerateaufbereitung","8":"desktop-align-center","9":"tablet-align-left","10":"mobile-align-left","11":"ast-product-gallery-layout-horizontal-slider","12":"ast-product-tabs-layout-accordion","14":"first","15":"instock","16":"shipping-taxable","17":"product-type-simple"},"_links":{"self":[{"href":"https:\/\/kavikahealthcare.fi\/de\/wp-json\/wp\/v2\/product\/1688","targetHints":{"allow":["GET"]}}],"collection":[{"href":"https:\/\/kavikahealthcare.fi\/de\/wp-json\/wp\/v2\/product"}],"about":[{"href":"https:\/\/kavikahealthcare.fi\/de\/wp-json\/wp\/v2\/types\/product"}],"replies":[{"embeddable":true,"href":"https:\/\/kavikahealthcare.fi\/de\/wp-json\/wp\/v2\/comments?post=1688"}],"wp:featuredmedia":[{"embeddable":true,"href":"https:\/\/kavikahealthcare.fi\/de\/wp-json\/wp\/v2\/media\/2949"}],"wp:attachment":[{"href":"https:\/\/kavikahealthcare.fi\/de\/wp-json\/wp\/v2\/media?parent=1688"}],"wp:term":[{"taxonomy":"product_brand","embeddable":true,"href":"https:\/\/kavikahealthcare.fi\/de\/wp-json\/wp\/v2\/product_brand?post=1688"},{"taxonomy":"product_cat","embeddable":true,"href":"https:\/\/kavikahealthcare.fi\/de\/wp-json\/wp\/v2\/product_cat?post=1688"},{"taxonomy":"product_tag","embeddable":true,"href":"https:\/\/kavikahealthcare.fi\/de\/wp-json\/wp\/v2\/product_tag?post=1688"}],"curies":[{"name":"wp","href":"https:\/\/api.w.org\/{rel}","templated":true}]}}