{"id":1531,"date":"2023-06-14T10:38:04","date_gmt":"2023-06-14T07:38:04","guid":{"rendered":"https:\/\/kavikahealthcare.fi\/?post_type=product&#038;p=1531"},"modified":"2025-06-03T09:54:00","modified_gmt":"2025-06-03T06:54:00","slug":"trockenschrank","status":"publish","type":"product","link":"https:\/\/kavikahealthcare.fi\/de\/produkt\/trockenschrank\/","title":{"rendered":"Trockenschrank"},"content":{"rendered":"<h2>Trockenschrank<\/h2>\n<p>Der Schrank dient in forensischen Anwendungen zum Trocknen von Material vor der DNA-Analyse. Der Schrank ist mit abnehmbaren Haken ausgestattet, an denen das Material aufgeh\u00e4ngt werden kann.<\/p>\n<p>W\u00e4hrend der Trockungsphase str\u00f6mt die Zuluft im Schrank je nach Trockengut mit einer Geschwindigkeit von 40 bis 100 L\/Sek. zum Luftauslass, bevor sie dort austritt. Die L\u00fcftungssteuerung regelt \u00fcber Sensoren den Luftstrom im Schrank und h\u00e4lt den Druck auf dem gleichen Wert wie die Umgebung au\u00dferhalb des Schranks. Die L\u00fcftungssteuerung ist nicht im Lieferumfang des Schranks enthalten.<\/p>\n<p>Der Schrank ist mit einer Waschfunktion ausgestattet. Das kalte und warme Wasser wird von den D\u00fcsen im Schrankdach gespr\u00fcht. Der Abfluss befindet sich am Boden des Schranks. Kalt- und Warmwasserarmaturen sind im Lieferumfangs des Schranks enthalten.<\/p>\n<h6><a href=\"https:\/\/kavikahealthcare.fi\/wp-content\/uploads\/2024\/10\/Slow-flow-through-cabinets_Produkt-card_20241018.pdf\" target=\"_blank\" rel=\"noopener\"><strong>Produktdatenblatt und Technische Daten<\/strong><\/a><\/h6>\n","protected":false},"excerpt":{"rendered":"<p>Trockenschrank Der Schrank dient in forensischen Anwendungen zum Trocknen von Material vor der DNA-Analyse. Der Schrank ist mit abnehmbaren Haken ausgestattet, an denen das Material aufgeh\u00e4ngt werden kann. W\u00e4hrend der Trockungsphase str\u00f6mt die Zuluft im Schrank je nach Trockengut mit einer Geschwindigkeit von 40 bis 100 L\/Sek. zum Luftauslass, bevor [&hellip;]<\/p>\n","protected":false},"featured_media":2910,"comment_status":"closed","ping_status":"closed","template":"","meta":{"site-sidebar-layout":"default","site-content-layout":"default","ast-site-content-layout":"default","site-content-style":"default","site-sidebar-style":"default","ast-global-header-display":"","ast-banner-title-visibility":"","ast-main-header-display":"","ast-hfb-above-header-display":"","ast-hfb-below-header-display":"","ast-hfb-mobile-header-display":"","site-post-title":"","ast-breadcrumbs-content":"","ast-featured-img":"","footer-sml-layout":"","theme-transparent-header-meta":"default","adv-header-id-meta":"","stick-header-meta":"default","header-above-stick-meta":"","header-main-stick-meta":"","header-below-stick-meta":"","astra-migrate-meta-layouts":"set","ast-page-background-enabled":"default","ast-page-background-meta":{"desktop":{"background-color":"var(--ast-global-color-4)","background-image":"","background-repeat":"repeat","background-position":"center center","background-size":"auto","background-attachment":"scroll","background-type":"","background-media":"","overlay-type":"","overlay-color":"","overlay-gradient":""},"tablet":{"background-color":"","background-image":"","background-repeat":"repeat","background-position":"center center","background-size":"auto","background-attachment":"scroll","background-type":"","background-media":"","overlay-type":"","overlay-color":"","overlay-gradient":""},"mobile":{"background-color":"","background-image":"","background-repeat":"repeat","background-position":"center center","background-size":"auto","background-attachment":"scroll","background-type":"","background-media":"","overlay-type":"","overlay-color":"","overlay-gradient":""}},"ast-content-background-meta":{"desktop":{"background-color":"var(--ast-global-color-5)","background-image":"","background-repeat":"repeat","background-position":"center center","background-size":"auto","background-attachment":"scroll","background-type":"","background-media":"","overlay-type":"","overlay-color":"","overlay-gradient":""},"tablet":{"background-color":"var(--ast-global-color-5)","background-image":"","background-repeat":"repeat","background-position":"center center","background-size":"auto","background-attachment":"scroll","background-type":"","background-media":"","overlay-type":"","overlay-color":"","overlay-gradient":""},"mobile":{"background-color":"var(--ast-global-color-5)","background-image":"","background-repeat":"repeat","background-position":"center center","background-size":"auto","background-attachment":"scroll","background-type":"","background-media":"","overlay-type":"","overlay-color":"","overlay-gradient":""}}},"product_brand":[],"product_cat":[112],"product_tag":[],"class_list":{"0":"post-1531","1":"product","2":"type-product","3":"status-publish","4":"has-post-thumbnail","6":"product_cat-labor","7":"desktop-align-center","8":"tablet-align-left","9":"mobile-align-left","10":"ast-product-gallery-layout-horizontal-slider","11":"ast-product-tabs-layout-accordion","13":"first","14":"instock","15":"shipping-taxable","16":"product-type-simple"},"_links":{"self":[{"href":"https:\/\/kavikahealthcare.fi\/de\/wp-json\/wp\/v2\/product\/1531","targetHints":{"allow":["GET"]}}],"collection":[{"href":"https:\/\/kavikahealthcare.fi\/de\/wp-json\/wp\/v2\/product"}],"about":[{"href":"https:\/\/kavikahealthcare.fi\/de\/wp-json\/wp\/v2\/types\/product"}],"replies":[{"embeddable":true,"href":"https:\/\/kavikahealthcare.fi\/de\/wp-json\/wp\/v2\/comments?post=1531"}],"wp:featuredmedia":[{"embeddable":true,"href":"https:\/\/kavikahealthcare.fi\/de\/wp-json\/wp\/v2\/media\/2910"}],"wp:attachment":[{"href":"https:\/\/kavikahealthcare.fi\/de\/wp-json\/wp\/v2\/media?parent=1531"}],"wp:term":[{"taxonomy":"product_brand","embeddable":true,"href":"https:\/\/kavikahealthcare.fi\/de\/wp-json\/wp\/v2\/product_brand?post=1531"},{"taxonomy":"product_cat","embeddable":true,"href":"https:\/\/kavikahealthcare.fi\/de\/wp-json\/wp\/v2\/product_cat?post=1531"},{"taxonomy":"product_tag","embeddable":true,"href":"https:\/\/kavikahealthcare.fi\/de\/wp-json\/wp\/v2\/product_tag?post=1531"}],"curies":[{"name":"wp","href":"https:\/\/api.w.org\/{rel}","templated":true}]}}