{"id":1529,"date":"2023-06-08T11:59:19","date_gmt":"2023-06-08T08:59:19","guid":{"rendered":"https:\/\/kavikahealthcare.fi\/?post_type=product&#038;p=1529"},"modified":"2026-04-01T09:41:53","modified_gmt":"2026-04-01T06:41:53","slug":"laborspuelen","status":"publish","type":"product","link":"https:\/\/kavikahealthcare.fi\/de\/produkt\/laborspuelen\/","title":{"rendered":"Laborsp\u00fclen"},"content":{"rendered":"<h2>Laborsp\u00fclen<\/h2>\n<p>Die Laborsp\u00fcle 3180 ist ein Sp\u00fclbecken zur Wandmontage mit Randsp\u00fclung, das hervorragend f\u00fcr Labore und zur Sp\u00fclung von Exkretionen, kleinen Gewebefragmenten usw. in den Abfluss geeignet ist. Das Sp\u00fclbecken wird mittels einer Selbstschlussarmatur bet\u00e4tigt.<\/p>\n<p>Die Laborsp\u00fclen 3181 und 3182 werden auf dem Sp\u00fclbecken, dem Arbeitstisch oder dem Laborabzug montiert. Zus\u00e4tzlich zur mechanischen Sp\u00fclung kann auch ein ber\u00fchrungsloses System verwendet werden.<\/p>\n<p>Zur Beseitigung von gr\u00f6\u00dferen festen und fl\u00fcssigen Abf\u00e4llen wird eine Schranklaborsp\u00fcle empfohlen.<\/p>\n<h6><a href=\"https:\/\/kavikahealthcare.fi\/wp-content\/uploads\/2026\/04\/Slop-sinks_Product-card_20260330.pdf\" target=\"_blank\" rel=\"noopener\"><strong>Produktdatenblatt und Technische Daten<\/strong><\/a><\/h6>\n","protected":false},"excerpt":{"rendered":"<p>Laborsp\u00fclen Die Laborsp\u00fcle 3180 ist ein Sp\u00fclbecken zur Wandmontage mit Randsp\u00fclung, das hervorragend f\u00fcr Labore und zur Sp\u00fclung von Exkretionen, kleinen Gewebefragmenten usw. in den Abfluss geeignet ist. Das Sp\u00fclbecken wird mittels einer Selbstschlussarmatur bet\u00e4tigt. Die Laborsp\u00fclen 3181 und 3182 werden auf dem Sp\u00fclbecken, dem Arbeitstisch oder dem Laborabzug montiert. [&hellip;]<\/p>\n","protected":false},"featured_media":4742,"comment_status":"closed","ping_status":"closed","template":"","meta":{"site-sidebar-layout":"default","site-content-layout":"default","ast-site-content-layout":"default","site-content-style":"default","site-sidebar-style":"default","ast-global-header-display":"","ast-banner-title-visibility":"","ast-main-header-display":"","ast-hfb-above-header-display":"","ast-hfb-below-header-display":"","ast-hfb-mobile-header-display":"","site-post-title":"","ast-breadcrumbs-content":"","ast-featured-img":"","footer-sml-layout":"","theme-transparent-header-meta":"default","adv-header-id-meta":"","stick-header-meta":"default","header-above-stick-meta":"","header-main-stick-meta":"","header-below-stick-meta":"","astra-migrate-meta-layouts":"set","ast-page-background-enabled":"default","ast-page-background-meta":{"desktop":{"background-color":"var(--ast-global-color-4)","background-image":"","background-repeat":"repeat","background-position":"center center","background-size":"auto","background-attachment":"scroll","background-type":"","background-media":"","overlay-type":"","overlay-color":"","overlay-gradient":""},"tablet":{"background-color":"","background-image":"","background-repeat":"repeat","background-position":"center center","background-size":"auto","background-attachment":"scroll","background-type":"","background-media":"","overlay-type":"","overlay-color":"","overlay-gradient":""},"mobile":{"background-color":"","background-image":"","background-repeat":"repeat","background-position":"center center","background-size":"auto","background-attachment":"scroll","background-type":"","background-media":"","overlay-type":"","overlay-color":"","overlay-gradient":""}},"ast-content-background-meta":{"desktop":{"background-color":"var(--ast-global-color-5)","background-image":"","background-repeat":"repeat","background-position":"center center","background-size":"auto","background-attachment":"scroll","background-type":"","background-media":"","overlay-type":"","overlay-color":"","overlay-gradient":""},"tablet":{"background-color":"var(--ast-global-color-5)","background-image":"","background-repeat":"repeat","background-position":"center center","background-size":"auto","background-attachment":"scroll","background-type":"","background-media":"","overlay-type":"","overlay-color":"","overlay-gradient":""},"mobile":{"background-color":"var(--ast-global-color-5)","background-image":"","background-repeat":"repeat","background-position":"center center","background-size":"auto","background-attachment":"scroll","background-type":"","background-media":"","overlay-type":"","overlay-color":"","overlay-gradient":""}}},"product_brand":[],"product_cat":[116,112],"product_tag":[],"class_list":{"0":"post-1529","1":"product","2":"type-product","3":"status-publish","4":"has-post-thumbnail","6":"product_cat-pathologie","7":"product_cat-labor","8":"desktop-align-center","9":"tablet-align-left","10":"mobile-align-left","11":"ast-product-gallery-layout-horizontal-slider","12":"ast-product-tabs-layout-accordion","14":"first","15":"instock","16":"shipping-taxable","17":"product-type-simple"},"_links":{"self":[{"href":"https:\/\/kavikahealthcare.fi\/de\/wp-json\/wp\/v2\/product\/1529","targetHints":{"allow":["GET"]}}],"collection":[{"href":"https:\/\/kavikahealthcare.fi\/de\/wp-json\/wp\/v2\/product"}],"about":[{"href":"https:\/\/kavikahealthcare.fi\/de\/wp-json\/wp\/v2\/types\/product"}],"replies":[{"embeddable":true,"href":"https:\/\/kavikahealthcare.fi\/de\/wp-json\/wp\/v2\/comments?post=1529"}],"wp:featuredmedia":[{"embeddable":true,"href":"https:\/\/kavikahealthcare.fi\/de\/wp-json\/wp\/v2\/media\/4742"}],"wp:attachment":[{"href":"https:\/\/kavikahealthcare.fi\/de\/wp-json\/wp\/v2\/media?parent=1529"}],"wp:term":[{"taxonomy":"product_brand","embeddable":true,"href":"https:\/\/kavikahealthcare.fi\/de\/wp-json\/wp\/v2\/product_brand?post=1529"},{"taxonomy":"product_cat","embeddable":true,"href":"https:\/\/kavikahealthcare.fi\/de\/wp-json\/wp\/v2\/product_cat?post=1529"},{"taxonomy":"product_tag","embeddable":true,"href":"https:\/\/kavikahealthcare.fi\/de\/wp-json\/wp\/v2\/product_tag?post=1529"}],"curies":[{"name":"wp","href":"https:\/\/api.w.org\/{rel}","templated":true}]}}