{"id":1525,"date":"2023-06-08T11:57:34","date_gmt":"2023-06-08T08:57:34","guid":{"rendered":"https:\/\/kavikahealthcare.fi\/?post_type=product&#038;p=1525"},"modified":"2025-06-03T09:54:30","modified_gmt":"2025-06-03T06:54:30","slug":"spueltischplatten-und-arbeitstischplatten","status":"publish","type":"product","link":"https:\/\/kavikahealthcare.fi\/de\/produkt\/spueltischplatten-und-arbeitstischplatten\/","title":{"rendered":"Sp\u00fcltischplatten und Arbeitstischplatten"},"content":{"rendered":"<h2><strong>Sp\u00fcltischplatten 5000\/P und Arbeitstischplatten 5000\/T<\/strong><\/h2>\n<p>Sp\u00fcl- und Arbeitstischplatten werden je nach Verwendungszweck entweder aus rostfreiem oder s\u00e4urebest\u00e4ndigem Stahl hergestellt. Bei allen Konstruktionen wurde darauf geachtet, scharfe und schneidende Kanten zu vermeiden und die Oberfl\u00e4chen leicht zu reinigen.<\/p>\n<h6><strong>Sp\u00fcltischplatte 5000\/P<\/strong><\/h6>\n<p>Hergestellt mit einem Sp\u00fcltischrand. Die Becken k\u00f6nnen frei platziert werden, entweder einzeln, paarweise oder als Beckenserie. Die Tischplatten sind auch mit R\u00fcckw\u00e4nden in verschiedenen H\u00f6hen erh\u00e4ltlich.<\/p>\n<h6><strong>Arbeitstischplatte 5000\/T<\/strong><\/h6>\n<p>Normalerweise mit einer geraden Kante, dem sogenannten AT-Rand, hergestellt, kann aber bei Bedarf auch mit einem Sp\u00fcltischrand gefertigt werden. Die Tischplatten sind auch mit R\u00fcckw\u00e4nden in verschiedenen H\u00f6hen erh\u00e4ltlich.<\/p>\n","protected":false},"excerpt":{"rendered":"<p>Sp\u00fcltischplatten 5000\/P und Arbeitstischplatten 5000\/T Sp\u00fcl- und Arbeitstischplatten werden je nach Verwendungszweck entweder aus rostfreiem oder s\u00e4urebest\u00e4ndigem Stahl hergestellt. Bei allen Konstruktionen wurde darauf geachtet, scharfe und schneidende Kanten zu vermeiden und die Oberfl\u00e4chen leicht zu reinigen. Sp\u00fcltischplatte 5000\/P Hergestellt mit einem Sp\u00fcltischrand. Die Becken k\u00f6nnen frei platziert werden, entweder [&hellip;]<\/p>\n","protected":false},"featured_media":2863,"comment_status":"closed","ping_status":"closed","template":"","meta":{"site-sidebar-layout":"default","site-content-layout":"default","ast-site-content-layout":"default","site-content-style":"default","site-sidebar-style":"default","ast-global-header-display":"","ast-banner-title-visibility":"","ast-main-header-display":"","ast-hfb-above-header-display":"","ast-hfb-below-header-display":"","ast-hfb-mobile-header-display":"","site-post-title":"","ast-breadcrumbs-content":"","ast-featured-img":"","footer-sml-layout":"","theme-transparent-header-meta":"default","adv-header-id-meta":"","stick-header-meta":"default","header-above-stick-meta":"","header-main-stick-meta":"","header-below-stick-meta":"","astra-migrate-meta-layouts":"set","ast-page-background-enabled":"default","ast-page-background-meta":{"desktop":{"background-color":"var(--ast-global-color-4)","background-image":"","background-repeat":"repeat","background-position":"center center","background-size":"auto","background-attachment":"scroll","background-type":"","background-media":"","overlay-type":"","overlay-color":"","overlay-gradient":""},"tablet":{"background-color":"","background-image":"","background-repeat":"repeat","background-position":"center center","background-size":"auto","background-attachment":"scroll","background-type":"","background-media":"","overlay-type":"","overlay-color":"","overlay-gradient":""},"mobile":{"background-color":"","background-image":"","background-repeat":"repeat","background-position":"center center","background-size":"auto","background-attachment":"scroll","background-type":"","background-media":"","overlay-type":"","overlay-color":"","overlay-gradient":""}},"ast-content-background-meta":{"desktop":{"background-color":"var(--ast-global-color-5)","background-image":"","background-repeat":"repeat","background-position":"center center","background-size":"auto","background-attachment":"scroll","background-type":"","background-media":"","overlay-type":"","overlay-color":"","overlay-gradient":""},"tablet":{"background-color":"var(--ast-global-color-5)","background-image":"","background-repeat":"repeat","background-position":"center center","background-size":"auto","background-attachment":"scroll","background-type":"","background-media":"","overlay-type":"","overlay-color":"","overlay-gradient":""},"mobile":{"background-color":"var(--ast-global-color-5)","background-image":"","background-repeat":"repeat","background-position":"center center","background-size":"auto","background-attachment":"scroll","background-type":"","background-media":"","overlay-type":"","overlay-color":"","overlay-gradient":""}}},"product_brand":[],"product_cat":[116,112,122],"product_tag":[],"class_list":{"0":"post-1525","1":"product","2":"type-product","3":"status-publish","4":"has-post-thumbnail","6":"product_cat-pathologie","7":"product_cat-labor","8":"product_cat-gerateaufbereitung","9":"desktop-align-center","10":"tablet-align-left","11":"mobile-align-left","12":"ast-product-gallery-layout-horizontal-slider","13":"ast-product-tabs-layout-accordion","15":"first","16":"instock","17":"shipping-taxable","18":"product-type-simple"},"_links":{"self":[{"href":"https:\/\/kavikahealthcare.fi\/de\/wp-json\/wp\/v2\/product\/1525","targetHints":{"allow":["GET"]}}],"collection":[{"href":"https:\/\/kavikahealthcare.fi\/de\/wp-json\/wp\/v2\/product"}],"about":[{"href":"https:\/\/kavikahealthcare.fi\/de\/wp-json\/wp\/v2\/types\/product"}],"replies":[{"embeddable":true,"href":"https:\/\/kavikahealthcare.fi\/de\/wp-json\/wp\/v2\/comments?post=1525"}],"wp:featuredmedia":[{"embeddable":true,"href":"https:\/\/kavikahealthcare.fi\/de\/wp-json\/wp\/v2\/media\/2863"}],"wp:attachment":[{"href":"https:\/\/kavikahealthcare.fi\/de\/wp-json\/wp\/v2\/media?parent=1525"}],"wp:term":[{"taxonomy":"product_brand","embeddable":true,"href":"https:\/\/kavikahealthcare.fi\/de\/wp-json\/wp\/v2\/product_brand?post=1525"},{"taxonomy":"product_cat","embeddable":true,"href":"https:\/\/kavikahealthcare.fi\/de\/wp-json\/wp\/v2\/product_cat?post=1525"},{"taxonomy":"product_tag","embeddable":true,"href":"https:\/\/kavikahealthcare.fi\/de\/wp-json\/wp\/v2\/product_tag?post=1525"}],"curies":[{"name":"wp","href":"https:\/\/api.w.org\/{rel}","templated":true}]}}