{"id":1523,"date":"2023-06-08T11:38:06","date_gmt":"2023-06-08T08:38:06","guid":{"rendered":"https:\/\/kavikahealthcare.fi\/?post_type=product&#038;p=1523"},"modified":"2025-06-03T09:54:31","modified_gmt":"2025-06-03T06:54:31","slug":"spueltische-und-arbeitstische","status":"publish","type":"product","link":"https:\/\/kavikahealthcare.fi\/de\/produkt\/spueltische-und-arbeitstische\/","title":{"rendered":"Sp\u00fcltische und Arbeitstische"},"content":{"rendered":"<h2>Sp\u00fcltische 5030\/P und Arbeitstische 5030\/T<\/h2>\n<div class=\"flex-shrink-0 flex flex-col relative items-end\">\n<div>\n<div class=\"pt-0\">\n<div class=\"gizmo-bot-avatar flex h-8 w-8 items-center justify-center overflow-hidden rounded-full\">\n<div class=\"relative p-1 rounded-sm flex items-center justify-center bg-token-main-surface-primary text-token-text-primary h-8 w-8\"><\/div>\n<\/div>\n<\/div>\n<\/div>\n<\/div>\n<div class=\"group\/conversation-turn relative flex w-full min-w-0 flex-col agent-turn\">\n<div class=\"flex-col gap-1 md:gap-3\">\n<div class=\"flex max-w-full flex-col flex-grow\">\n<div class=\"min-h-8 text-message flex w-full flex-col items-end gap-2 whitespace-normal break-words [.text-message+&amp;]:mt-5\" dir=\"auto\" data-message-author-role=\"assistant\" data-message-id=\"8fc245b6-c031-41d1-9e6c-47b775688f60\" data-message-model-slug=\"gpt-4o\">\n<div class=\"flex w-full flex-col gap-1 empty:hidden first:pt-[3px]\">\n<p class=\"markdown prose w-full break-words dark:prose-invert light\">Sp\u00fcltische und Arbeitstische werden je nach Verwendungszweck sowohl aus Edelstahl als auch aus s\u00e4urebest\u00e4ndigem Stahl gefertigt. Besondere Betonung wurde auf die Beseitigung scharfer Kanten und die einfache Reinigung der Oberfl\u00e4chen gelegt. Eine erh\u00f6hte R\u00fcckkante und ein Kantenprofil k\u00f6nnen an den Tischen angebracht werden. Profile, Sp\u00fclen, Befestigungen unter der Sp\u00fclenabdeckung und Schutzhauben k\u00f6nnen je nach Verwendungszweck gestaltet werden. Eine manuell oder elektrisch betriebene h\u00f6henverstellbare Option f\u00fcr den Sp\u00fcl- und Arbeitstisch ist ebenfalls verf\u00fcgbar. Im Sp\u00fcltisch befindet sich ein Teleskopablauf. Bei der Planung sollten die flexiblen Wasseranschl\u00fcsse und die Empfehlung einer maximalen Beckentiefe von 200 mm ber\u00fccksichtigt werden.<\/p>\n<h6><a href=\"https:\/\/kavikahealthcare.fi\/wp-content\/uploads\/2024\/10\/Sink-tables-and-Work-tables_Produkt-card_20241018.pdf\" target=\"_blank\" rel=\"noopener\"><strong>Produktdatenblatt und Technische Daten<\/strong><\/a><\/h6>\n<\/div>\n<\/div>\n<\/div>\n<\/div>\n<\/div>\n","protected":false},"excerpt":{"rendered":"<p>Sp\u00fcltische 5030\/P und Arbeitstische 5030\/T Sp\u00fcltische und Arbeitstische werden je nach Verwendungszweck sowohl aus Edelstahl als auch aus s\u00e4urebest\u00e4ndigem Stahl gefertigt. Besondere Betonung wurde auf die Beseitigung scharfer Kanten und die einfache Reinigung der Oberfl\u00e4chen gelegt. Eine erh\u00f6hte R\u00fcckkante und ein Kantenprofil k\u00f6nnen an den Tischen angebracht werden. Profile, Sp\u00fclen, [&hellip;]<\/p>\n","protected":false},"featured_media":2843,"comment_status":"closed","ping_status":"closed","template":"","meta":{"site-sidebar-layout":"default","site-content-layout":"default","ast-site-content-layout":"default","site-content-style":"default","site-sidebar-style":"default","ast-global-header-display":"","ast-banner-title-visibility":"","ast-main-header-display":"","ast-hfb-above-header-display":"","ast-hfb-below-header-display":"","ast-hfb-mobile-header-display":"","site-post-title":"","ast-breadcrumbs-content":"","ast-featured-img":"","footer-sml-layout":"","theme-transparent-header-meta":"default","adv-header-id-meta":"","stick-header-meta":"default","header-above-stick-meta":"","header-main-stick-meta":"","header-below-stick-meta":"","astra-migrate-meta-layouts":"set","ast-page-background-enabled":"default","ast-page-background-meta":{"desktop":{"background-color":"var(--ast-global-color-4)","background-image":"","background-repeat":"repeat","background-position":"center center","background-size":"auto","background-attachment":"scroll","background-type":"","background-media":"","overlay-type":"","overlay-color":"","overlay-gradient":""},"tablet":{"background-color":"","background-image":"","background-repeat":"repeat","background-position":"center center","background-size":"auto","background-attachment":"scroll","background-type":"","background-media":"","overlay-type":"","overlay-color":"","overlay-gradient":""},"mobile":{"background-color":"","background-image":"","background-repeat":"repeat","background-position":"center center","background-size":"auto","background-attachment":"scroll","background-type":"","background-media":"","overlay-type":"","overlay-color":"","overlay-gradient":""}},"ast-content-background-meta":{"desktop":{"background-color":"var(--ast-global-color-5)","background-image":"","background-repeat":"repeat","background-position":"center center","background-size":"auto","background-attachment":"scroll","background-type":"","background-media":"","overlay-type":"","overlay-color":"","overlay-gradient":""},"tablet":{"background-color":"var(--ast-global-color-5)","background-image":"","background-repeat":"repeat","background-position":"center center","background-size":"auto","background-attachment":"scroll","background-type":"","background-media":"","overlay-type":"","overlay-color":"","overlay-gradient":""},"mobile":{"background-color":"var(--ast-global-color-5)","background-image":"","background-repeat":"repeat","background-position":"center center","background-size":"auto","background-attachment":"scroll","background-type":"","background-media":"","overlay-type":"","overlay-color":"","overlay-gradient":""}}},"product_brand":[],"product_cat":[116,112,118,122],"product_tag":[],"class_list":{"0":"post-1523","1":"product","2":"type-product","3":"status-publish","4":"has-post-thumbnail","6":"product_cat-pathologie","7":"product_cat-labor","8":"product_cat-reinraum","9":"product_cat-gerateaufbereitung","10":"desktop-align-center","11":"tablet-align-left","12":"mobile-align-left","13":"ast-product-gallery-layout-horizontal-slider","14":"ast-product-tabs-layout-accordion","16":"first","17":"instock","18":"shipping-taxable","19":"product-type-simple"},"_links":{"self":[{"href":"https:\/\/kavikahealthcare.fi\/de\/wp-json\/wp\/v2\/product\/1523","targetHints":{"allow":["GET"]}}],"collection":[{"href":"https:\/\/kavikahealthcare.fi\/de\/wp-json\/wp\/v2\/product"}],"about":[{"href":"https:\/\/kavikahealthcare.fi\/de\/wp-json\/wp\/v2\/types\/product"}],"replies":[{"embeddable":true,"href":"https:\/\/kavikahealthcare.fi\/de\/wp-json\/wp\/v2\/comments?post=1523"}],"wp:featuredmedia":[{"embeddable":true,"href":"https:\/\/kavikahealthcare.fi\/de\/wp-json\/wp\/v2\/media\/2843"}],"wp:attachment":[{"href":"https:\/\/kavikahealthcare.fi\/de\/wp-json\/wp\/v2\/media?parent=1523"}],"wp:term":[{"taxonomy":"product_brand","embeddable":true,"href":"https:\/\/kavikahealthcare.fi\/de\/wp-json\/wp\/v2\/product_brand?post=1523"},{"taxonomy":"product_cat","embeddable":true,"href":"https:\/\/kavikahealthcare.fi\/de\/wp-json\/wp\/v2\/product_cat?post=1523"},{"taxonomy":"product_tag","embeddable":true,"href":"https:\/\/kavikahealthcare.fi\/de\/wp-json\/wp\/v2\/product_tag?post=1523"}],"curies":[{"name":"wp","href":"https:\/\/api.w.org\/{rel}","templated":true}]}}