{"id":1521,"date":"2023-06-08T12:02:54","date_gmt":"2023-06-08T09:02:54","guid":{"rendered":"https:\/\/kavikahealthcare.fi\/?post_type=product&#038;p=1521"},"modified":"2025-06-03T09:54:12","modified_gmt":"2025-06-03T06:54:12","slug":"durchreichschraenke","status":"publish","type":"product","link":"https:\/\/kavikahealthcare.fi\/de\/produkt\/durchreichschraenke\/","title":{"rendered":"Durchreichschr\u00e4nke"},"content":{"rendered":"<h2>Durchreichschr\u00e4nke<\/h2>\n<p>Durchreichschr\u00e4nke werden speziell nach Kundenspezifikationen gefertigt. Schr\u00e4nke aus Edelstahl sind besonders f\u00fcr Anwendungen mit extremen Hygieneanforderungen geeignet, z. B. Operationss\u00e4le, in denen der Arbeits- und Betriebssicherheit sowie der Funktionalit\u00e4t ein besonders hoher Stellenwert zukommen.<\/p>\n<p>W\u00e4hrend des Entwicklungsverfahrens wird die Hygiene durch die Vereinfachung der Strukturen zur Ableitung von Verunreinigungen und die Verwendung abgerundeter Formen im Inneren des Schranks ber\u00fccksichtigt. Alle Oberfl\u00e4chen sind leicht sauber zu wischen.<\/p>\n<p>Durchreichschr\u00e4nke besitzen \u00fcblicherweise 1, 2 oder 4 F\u00e4cher. Je nach Verwendungszweck k\u00f6nnen die F\u00e4cher mit Einlegeb\u00f6den und K\u00f6rben ausgestattet werden. Anstelle der Durchreich-Einlegeb\u00f6den k\u00f6nnen die Schr\u00e4nke auch f\u00fcr Rollwagen vorgesehen sein.<\/p>\n<h6><a href=\"https:\/\/kavikahealthcare.fi\/wp-content\/uploads\/2025\/03\/Pass-through-cabinets_Product-card_20241018.pdf\" target=\"_blank\" rel=\"noopener\"><strong>Produktdatenblatt und Technische Daten<\/strong><\/a><\/h6>\n","protected":false},"excerpt":{"rendered":"<p>Durchreichschr\u00e4nke Durchreichschr\u00e4nke werden speziell nach Kundenspezifikationen gefertigt. Schr\u00e4nke aus Edelstahl sind besonders f\u00fcr Anwendungen mit extremen Hygieneanforderungen geeignet, z. B. Operationss\u00e4le, in denen der Arbeits- und Betriebssicherheit sowie der Funktionalit\u00e4t ein besonders hoher Stellenwert zukommen. W\u00e4hrend des Entwicklungsverfahrens wird die Hygiene durch die Vereinfachung der Strukturen zur Ableitung von Verunreinigungen [&hellip;]<\/p>\n","protected":false},"featured_media":2973,"comment_status":"closed","ping_status":"closed","template":"","meta":{"site-sidebar-layout":"default","site-content-layout":"default","ast-site-content-layout":"default","site-content-style":"default","site-sidebar-style":"default","ast-global-header-display":"","ast-banner-title-visibility":"","ast-main-header-display":"","ast-hfb-above-header-display":"","ast-hfb-below-header-display":"","ast-hfb-mobile-header-display":"","site-post-title":"","ast-breadcrumbs-content":"","ast-featured-img":"","footer-sml-layout":"","theme-transparent-header-meta":"default","adv-header-id-meta":"","stick-header-meta":"default","header-above-stick-meta":"","header-main-stick-meta":"","header-below-stick-meta":"","astra-migrate-meta-layouts":"set","ast-page-background-enabled":"default","ast-page-background-meta":{"desktop":{"background-color":"var(--ast-global-color-4)","background-image":"","background-repeat":"repeat","background-position":"center center","background-size":"auto","background-attachment":"scroll","background-type":"","background-media":"","overlay-type":"","overlay-color":"","overlay-gradient":""},"tablet":{"background-color":"","background-image":"","background-repeat":"repeat","background-position":"center center","background-size":"auto","background-attachment":"scroll","background-type":"","background-media":"","overlay-type":"","overlay-color":"","overlay-gradient":""},"mobile":{"background-color":"","background-image":"","background-repeat":"repeat","background-position":"center center","background-size":"auto","background-attachment":"scroll","background-type":"","background-media":"","overlay-type":"","overlay-color":"","overlay-gradient":""}},"ast-content-background-meta":{"desktop":{"background-color":"var(--ast-global-color-5)","background-image":"","background-repeat":"repeat","background-position":"center center","background-size":"auto","background-attachment":"scroll","background-type":"","background-media":"","overlay-type":"","overlay-color":"","overlay-gradient":""},"tablet":{"background-color":"var(--ast-global-color-5)","background-image":"","background-repeat":"repeat","background-position":"center center","background-size":"auto","background-attachment":"scroll","background-type":"","background-media":"","overlay-type":"","overlay-color":"","overlay-gradient":""},"mobile":{"background-color":"var(--ast-global-color-5)","background-image":"","background-repeat":"repeat","background-position":"center center","background-size":"auto","background-attachment":"scroll","background-type":"","background-media":"","overlay-type":"","overlay-color":"","overlay-gradient":""}}},"product_brand":[],"product_cat":[112,114,118],"product_tag":[],"class_list":{"0":"post-1521","1":"product","2":"type-product","3":"status-publish","4":"has-post-thumbnail","6":"product_cat-labor","7":"product_cat-operationssaal","8":"product_cat-reinraum","9":"desktop-align-center","10":"tablet-align-left","11":"mobile-align-left","12":"ast-product-gallery-layout-horizontal-slider","13":"ast-product-tabs-layout-accordion","15":"first","16":"instock","17":"shipping-taxable","18":"product-type-simple"},"_links":{"self":[{"href":"https:\/\/kavikahealthcare.fi\/de\/wp-json\/wp\/v2\/product\/1521","targetHints":{"allow":["GET"]}}],"collection":[{"href":"https:\/\/kavikahealthcare.fi\/de\/wp-json\/wp\/v2\/product"}],"about":[{"href":"https:\/\/kavikahealthcare.fi\/de\/wp-json\/wp\/v2\/types\/product"}],"replies":[{"embeddable":true,"href":"https:\/\/kavikahealthcare.fi\/de\/wp-json\/wp\/v2\/comments?post=1521"}],"wp:featuredmedia":[{"embeddable":true,"href":"https:\/\/kavikahealthcare.fi\/de\/wp-json\/wp\/v2\/media\/2973"}],"wp:attachment":[{"href":"https:\/\/kavikahealthcare.fi\/de\/wp-json\/wp\/v2\/media?parent=1521"}],"wp:term":[{"taxonomy":"product_brand","embeddable":true,"href":"https:\/\/kavikahealthcare.fi\/de\/wp-json\/wp\/v2\/product_brand?post=1521"},{"taxonomy":"product_cat","embeddable":true,"href":"https:\/\/kavikahealthcare.fi\/de\/wp-json\/wp\/v2\/product_cat?post=1521"},{"taxonomy":"product_tag","embeddable":true,"href":"https:\/\/kavikahealthcare.fi\/de\/wp-json\/wp\/v2\/product_tag?post=1521"}],"curies":[{"name":"wp","href":"https:\/\/api.w.org\/{rel}","templated":true}]}}