{"id":1517,"date":"2023-06-08T12:00:53","date_gmt":"2023-06-08T09:00:53","guid":{"rendered":"https:\/\/kavikahealthcare.fi\/?post_type=product&#038;p=1517"},"modified":"2025-06-03T09:54:20","modified_gmt":"2025-06-03T06:54:20","slug":"apuwagen","status":"publish","type":"product","link":"https:\/\/kavikahealthcare.fi\/de\/produkt\/apuwagen\/","title":{"rendered":"Apuwagen"},"content":{"rendered":"<h2>Apuwagen APU3 \/ APU3K<\/h2>\n<p>Die Hilfswagen sind praktische kleine Wagen, die in Zusammenarbeit mit Pflegekr\u00e4ften entworfen wurden.<\/p>\n<p>Der APU3-Wagen ist ein kompakter Hilfswagen mit drei Ebenen, ideal f\u00fcr die einfache Aufbewahrung oder den Transport kleiner Mengen an Gegenst\u00e4nden. Er verf\u00fcgt \u00fcber eine praktische Schienenleiste, zum Beispiel f\u00fcr einen Desinfektionsmittelhalter.<\/p>\n<p>Der APU3K-Wagen besteht aus zwei K\u00f6rben und einer Tischfl\u00e4che. In den K\u00f6rben k\u00f6nnen die ben\u00f6tigten Werkzeuge transportiert werden, und die Tischfl\u00e4che dient als gute Vorbereitungsfl\u00e4che, beispielsweise f\u00fcr Katheterisierungszubeh\u00f6r.<\/p>\n<p>Die Wagen werden vollst\u00e4ndig montiert und einsatzbereit geliefert. Sie verf\u00fcgen \u00fcber einen stabilen und langlebigen, geschwei\u00dften Rahmen aus Rundrohren. Bei allen Konstruktionen wurde darauf geachtet, scharfe und schneidende Kanten zu eliminieren und die Oberfl\u00e4chen leicht zu reinigen. Als Standardr\u00e4der verwenden wir wartungsfreie Manner Tango R\u00e4der mit einem Durchmesser von 125 mm, von denen 2 von 4 feststellbar sind.<\/p>\n<p>Der Hilfswagen kann auch elektropoliert f\u00fcr Reinr\u00e4ume gefertigt werden.<\/p>\n<h6><a href=\"https:\/\/kavikahealthcare.fi\/wp-content\/uploads\/2024\/10\/Aputrolleys_Produkt-card_20241018.pdf\" target=\"_blank\" rel=\"noopener\"><strong>Produktdatenblatt und Technische Daten<\/strong><\/a><\/h6>\n","protected":false},"excerpt":{"rendered":"<p>Apuwagen APU3 \/ APU3K Die Hilfswagen sind praktische kleine Wagen, die in Zusammenarbeit mit Pflegekr\u00e4ften entworfen wurden. Der APU3-Wagen ist ein kompakter Hilfswagen mit drei Ebenen, ideal f\u00fcr die einfache Aufbewahrung oder den Transport kleiner Mengen an Gegenst\u00e4nden. Er verf\u00fcgt \u00fcber eine praktische Schienenleiste, zum Beispiel f\u00fcr einen Desinfektionsmittelhalter. Der [&hellip;]<\/p>\n","protected":false},"featured_media":3370,"comment_status":"closed","ping_status":"closed","template":"","meta":{"site-sidebar-layout":"default","site-content-layout":"default","ast-site-content-layout":"default","site-content-style":"default","site-sidebar-style":"default","ast-global-header-display":"","ast-banner-title-visibility":"","ast-main-header-display":"","ast-hfb-above-header-display":"","ast-hfb-below-header-display":"","ast-hfb-mobile-header-display":"","site-post-title":"","ast-breadcrumbs-content":"","ast-featured-img":"","footer-sml-layout":"","theme-transparent-header-meta":"default","adv-header-id-meta":"","stick-header-meta":"default","header-above-stick-meta":"","header-main-stick-meta":"","header-below-stick-meta":"","astra-migrate-meta-layouts":"set","ast-page-background-enabled":"default","ast-page-background-meta":{"desktop":{"background-color":"var(--ast-global-color-4)","background-image":"","background-repeat":"repeat","background-position":"center center","background-size":"auto","background-attachment":"scroll","background-type":"","background-media":"","overlay-type":"","overlay-color":"","overlay-gradient":""},"tablet":{"background-color":"","background-image":"","background-repeat":"repeat","background-position":"center center","background-size":"auto","background-attachment":"scroll","background-type":"","background-media":"","overlay-type":"","overlay-color":"","overlay-gradient":""},"mobile":{"background-color":"","background-image":"","background-repeat":"repeat","background-position":"center center","background-size":"auto","background-attachment":"scroll","background-type":"","background-media":"","overlay-type":"","overlay-color":"","overlay-gradient":""}},"ast-content-background-meta":{"desktop":{"background-color":"var(--ast-global-color-5)","background-image":"","background-repeat":"repeat","background-position":"center center","background-size":"auto","background-attachment":"scroll","background-type":"","background-media":"","overlay-type":"","overlay-color":"","overlay-gradient":""},"tablet":{"background-color":"var(--ast-global-color-5)","background-image":"","background-repeat":"repeat","background-position":"center center","background-size":"auto","background-attachment":"scroll","background-type":"","background-media":"","overlay-type":"","overlay-color":"","overlay-gradient":""},"mobile":{"background-color":"var(--ast-global-color-5)","background-image":"","background-repeat":"repeat","background-position":"center center","background-size":"auto","background-attachment":"scroll","background-type":"","background-media":"","overlay-type":"","overlay-color":"","overlay-gradient":""}}},"product_brand":[],"product_cat":[120],"product_tag":[],"class_list":{"0":"post-1517","1":"product","2":"type-product","3":"status-publish","4":"has-post-thumbnail","6":"product_cat-wagen","7":"desktop-align-center","8":"tablet-align-left","9":"mobile-align-left","10":"ast-product-gallery-layout-horizontal-slider","11":"ast-product-tabs-layout-accordion","13":"first","14":"instock","15":"shipping-taxable","16":"product-type-simple"},"_links":{"self":[{"href":"https:\/\/kavikahealthcare.fi\/de\/wp-json\/wp\/v2\/product\/1517","targetHints":{"allow":["GET"]}}],"collection":[{"href":"https:\/\/kavikahealthcare.fi\/de\/wp-json\/wp\/v2\/product"}],"about":[{"href":"https:\/\/kavikahealthcare.fi\/de\/wp-json\/wp\/v2\/types\/product"}],"replies":[{"embeddable":true,"href":"https:\/\/kavikahealthcare.fi\/de\/wp-json\/wp\/v2\/comments?post=1517"}],"wp:featuredmedia":[{"embeddable":true,"href":"https:\/\/kavikahealthcare.fi\/de\/wp-json\/wp\/v2\/media\/3370"}],"wp:attachment":[{"href":"https:\/\/kavikahealthcare.fi\/de\/wp-json\/wp\/v2\/media?parent=1517"}],"wp:term":[{"taxonomy":"product_brand","embeddable":true,"href":"https:\/\/kavikahealthcare.fi\/de\/wp-json\/wp\/v2\/product_brand?post=1517"},{"taxonomy":"product_cat","embeddable":true,"href":"https:\/\/kavikahealthcare.fi\/de\/wp-json\/wp\/v2\/product_cat?post=1517"},{"taxonomy":"product_tag","embeddable":true,"href":"https:\/\/kavikahealthcare.fi\/de\/wp-json\/wp\/v2\/product_tag?post=1517"}],"curies":[{"name":"wp","href":"https:\/\/api.w.org\/{rel}","templated":true}]}}