{"id":1515,"date":"2023-06-08T12:01:13","date_gmt":"2023-06-08T09:01:13","guid":{"rendered":"https:\/\/kavikahealthcare.fi\/?post_type=product&#038;p=1515"},"modified":"2025-06-03T09:54:18","modified_gmt":"2025-06-03T06:54:18","slug":"abzugsschraenke","status":"publish","type":"product","link":"https:\/\/kavikahealthcare.fi\/de\/produkt\/abzugsschraenke\/","title":{"rendered":"Abzugsschr\u00e4nke"},"content":{"rendered":"<h2>Abzugsschr\u00e4nke 1010 \/ 1015<\/h2>\n<p>Rostfreier oder s\u00e4urebest\u00e4ndiger Stahl wird f\u00fcr diese Serie von Laborabz\u00fcgen benutzt, um strenge Anforderungen an die Widerstandf\u00e4higkeit und die Hygiene in Laboratorien zu erf\u00fcllen.<\/p>\n<p>Die Front der Abz\u00fcge gibt es in den Varianten steil, wie \u00fcblich bei Laborabz\u00fcgen, oder geneigt wie man es von Sicherheitswerkb\u00e4nken kennt, gedacht f\u00fcr Arbeiten im Sitzen. Die Version mit der steilen Front ist besonders n\u00fctzlich bei gro\u00dfen Installationen.<\/p>\n<p>Eine weitere Option ist die H\u00f6henverstellung, einsetzbar somit auch in integrativen Bereichen. Weitere Modelle f\u00fcr den Einsatz in der forensischen Forschung, Isotopen Laboratorien oder mit extra gro\u00dfem Innenraum sind lieferbar.<\/p>\n<p>Das Material der Arbeitsplatte ist variabel und kann zum Beispiel aus Keramik sein. Mit oder ohne Becken, ganz wie gew\u00fcnscht. Als Unterbau k\u00f6nnen wahlweise Standardschr\u00e4nke oder auch Sicherheitsschr\u00e4nke integriert werden. Die Installation von den Versorgungsleitungen erfolgt in der doppelwandigen Konstruktion. Das Standard\u2013 und optionale Zubeh\u00f6r wird in den technischen Informationen aufgelistet.<\/p>\n<h6><a href=\"https:\/\/kavikahealthcare.fi\/wp-content\/uploads\/2024\/11\/Fume-cupboards_Product-card_20241018.pdf\" target=\"_blank\" rel=\"noopener\"><strong>Produktdatenblatt und Technische Daten<\/strong><\/a><\/h6>\n","protected":false},"excerpt":{"rendered":"<p>Abzugsschr\u00e4nke 1010 \/ 1015 Rostfreier oder s\u00e4urebest\u00e4ndiger Stahl wird f\u00fcr diese Serie von Laborabz\u00fcgen benutzt, um strenge Anforderungen an die Widerstandf\u00e4higkeit und die Hygiene in Laboratorien zu erf\u00fcllen. Die Front der Abz\u00fcge gibt es in den Varianten steil, wie \u00fcblich bei Laborabz\u00fcgen, oder geneigt wie man es von Sicherheitswerkb\u00e4nken kennt, [&hellip;]<\/p>\n","protected":false},"featured_media":3063,"comment_status":"closed","ping_status":"closed","template":"","meta":{"site-sidebar-layout":"default","site-content-layout":"default","ast-site-content-layout":"default","site-content-style":"default","site-sidebar-style":"default","ast-global-header-display":"","ast-banner-title-visibility":"","ast-main-header-display":"","ast-hfb-above-header-display":"","ast-hfb-below-header-display":"","ast-hfb-mobile-header-display":"","site-post-title":"","ast-breadcrumbs-content":"","ast-featured-img":"","footer-sml-layout":"","theme-transparent-header-meta":"default","adv-header-id-meta":"","stick-header-meta":"default","header-above-stick-meta":"","header-main-stick-meta":"","header-below-stick-meta":"","astra-migrate-meta-layouts":"set","ast-page-background-enabled":"default","ast-page-background-meta":{"desktop":{"background-color":"var(--ast-global-color-4)","background-image":"","background-repeat":"repeat","background-position":"center center","background-size":"auto","background-attachment":"scroll","background-type":"","background-media":"","overlay-type":"","overlay-color":"","overlay-gradient":""},"tablet":{"background-color":"","background-image":"","background-repeat":"repeat","background-position":"center center","background-size":"auto","background-attachment":"scroll","background-type":"","background-media":"","overlay-type":"","overlay-color":"","overlay-gradient":""},"mobile":{"background-color":"","background-image":"","background-repeat":"repeat","background-position":"center center","background-size":"auto","background-attachment":"scroll","background-type":"","background-media":"","overlay-type":"","overlay-color":"","overlay-gradient":""}},"ast-content-background-meta":{"desktop":{"background-color":"var(--ast-global-color-5)","background-image":"","background-repeat":"repeat","background-position":"center center","background-size":"auto","background-attachment":"scroll","background-type":"","background-media":"","overlay-type":"","overlay-color":"","overlay-gradient":""},"tablet":{"background-color":"var(--ast-global-color-5)","background-image":"","background-repeat":"repeat","background-position":"center center","background-size":"auto","background-attachment":"scroll","background-type":"","background-media":"","overlay-type":"","overlay-color":"","overlay-gradient":""},"mobile":{"background-color":"var(--ast-global-color-5)","background-image":"","background-repeat":"repeat","background-position":"center center","background-size":"auto","background-attachment":"scroll","background-type":"","background-media":"","overlay-type":"","overlay-color":"","overlay-gradient":""}}},"product_brand":[],"product_cat":[116,112],"product_tag":[],"class_list":{"0":"post-1515","1":"product","2":"type-product","3":"status-publish","4":"has-post-thumbnail","6":"product_cat-pathologie","7":"product_cat-labor","8":"desktop-align-center","9":"tablet-align-left","10":"mobile-align-left","11":"ast-product-gallery-layout-horizontal-slider","12":"ast-product-tabs-layout-accordion","14":"first","15":"instock","16":"shipping-taxable","17":"product-type-simple"},"_links":{"self":[{"href":"https:\/\/kavikahealthcare.fi\/de\/wp-json\/wp\/v2\/product\/1515","targetHints":{"allow":["GET"]}}],"collection":[{"href":"https:\/\/kavikahealthcare.fi\/de\/wp-json\/wp\/v2\/product"}],"about":[{"href":"https:\/\/kavikahealthcare.fi\/de\/wp-json\/wp\/v2\/types\/product"}],"replies":[{"embeddable":true,"href":"https:\/\/kavikahealthcare.fi\/de\/wp-json\/wp\/v2\/comments?post=1515"}],"wp:featuredmedia":[{"embeddable":true,"href":"https:\/\/kavikahealthcare.fi\/de\/wp-json\/wp\/v2\/media\/3063"}],"wp:attachment":[{"href":"https:\/\/kavikahealthcare.fi\/de\/wp-json\/wp\/v2\/media?parent=1515"}],"wp:term":[{"taxonomy":"product_brand","embeddable":true,"href":"https:\/\/kavikahealthcare.fi\/de\/wp-json\/wp\/v2\/product_brand?post=1515"},{"taxonomy":"product_cat","embeddable":true,"href":"https:\/\/kavikahealthcare.fi\/de\/wp-json\/wp\/v2\/product_cat?post=1515"},{"taxonomy":"product_tag","embeddable":true,"href":"https:\/\/kavikahealthcare.fi\/de\/wp-json\/wp\/v2\/product_tag?post=1515"}],"curies":[{"name":"wp","href":"https:\/\/api.w.org\/{rel}","templated":true}]}}