{"id":1513,"date":"2023-06-08T12:01:36","date_gmt":"2023-06-08T09:01:36","guid":{"rendered":"https:\/\/kavikahealthcare.fi\/?post_type=product&#038;p=1513"},"modified":"2025-06-03T09:54:17","modified_gmt":"2025-06-03T06:54:17","slug":"abzugstische","status":"publish","type":"product","link":"https:\/\/kavikahealthcare.fi\/de\/produkt\/abzugstische\/","title":{"rendered":"Abzugstische"},"content":{"rendered":"<h2>Abzugstische<\/h2>\n<p>Die Abzugstische werden aus Edelstahl gefertigt. Die Standardmodelle und deren Funktionen werden im Produktdatenblatt aufgef\u00fchrt. Abzugstische k\u00f6nnen auch mit kundenspezifischen Ma\u00dfen und Zubeh\u00f6r hergestellt werden.<\/p>\n<p>Im Prinzip weisen alle Abzugstischmodelle die gleichen Funktionen auf. Unter der Lochblechoberfl\u00e4che des Abzugstischs befindet sich eine L\u00fcftungskammer, die an die Luftabzugsanlage angeschlossen ist. Der erforderliche Durchsatz h\u00e4ngt von der Anwendung und der Fl\u00e4che der Abzugsoberfl\u00e4che ab. Bei L\u00fcftungsl\u00f6sungen sollte immer darauf geachtet werden, dass ein f\u00fcr den Benutzer erreichbarer Schieber vorhanden ist, mit dem das Luftvolumen an den Bedarf angepasst werden kann.<\/p>\n<p>Bei beiden Modellen kann der L\u00fcftungsanschluss sowohl unter der Tischfl\u00e4che als auch auf der Seite oder, wie bei den Standardmodellen, oberhalb des Tischs angebracht werden, je nach dem verf\u00fcgbaren Einbauraum. Einheiten wie an die L\u00fcftung angeschlossene Schr\u00e4nke k\u00f6nnen ebenfalls unter der Tischplatte angeordnet werden.<\/p>\n<h6><a href=\"https:\/\/kavikahealthcare.fi\/wp-content\/uploads\/2024\/10\/Fume-benches_Produkt-card_20241018.pdf\" target=\"_blank\" rel=\"noopener\"><strong>Produktdatenblatt und Technische Daten<\/strong><\/a><\/h6>\n","protected":false},"excerpt":{"rendered":"<p>Abzugstische Die Abzugstische werden aus Edelstahl gefertigt. Die Standardmodelle und deren Funktionen werden im Produktdatenblatt aufgef\u00fchrt. Abzugstische k\u00f6nnen auch mit kundenspezifischen Ma\u00dfen und Zubeh\u00f6r hergestellt werden. Im Prinzip weisen alle Abzugstischmodelle die gleichen Funktionen auf. Unter der Lochblechoberfl\u00e4che des Abzugstischs befindet sich eine L\u00fcftungskammer, die an die Luftabzugsanlage angeschlossen ist. [&hellip;]<\/p>\n","protected":false},"featured_media":3079,"comment_status":"closed","ping_status":"closed","template":"","meta":{"site-sidebar-layout":"default","site-content-layout":"default","ast-site-content-layout":"default","site-content-style":"default","site-sidebar-style":"default","ast-global-header-display":"","ast-banner-title-visibility":"","ast-main-header-display":"","ast-hfb-above-header-display":"","ast-hfb-below-header-display":"","ast-hfb-mobile-header-display":"","site-post-title":"","ast-breadcrumbs-content":"","ast-featured-img":"","footer-sml-layout":"","theme-transparent-header-meta":"default","adv-header-id-meta":"","stick-header-meta":"default","header-above-stick-meta":"","header-main-stick-meta":"","header-below-stick-meta":"","astra-migrate-meta-layouts":"set","ast-page-background-enabled":"default","ast-page-background-meta":{"desktop":{"background-color":"var(--ast-global-color-4)","background-image":"","background-repeat":"repeat","background-position":"center center","background-size":"auto","background-attachment":"scroll","background-type":"","background-media":"","overlay-type":"","overlay-color":"","overlay-gradient":""},"tablet":{"background-color":"","background-image":"","background-repeat":"repeat","background-position":"center center","background-size":"auto","background-attachment":"scroll","background-type":"","background-media":"","overlay-type":"","overlay-color":"","overlay-gradient":""},"mobile":{"background-color":"","background-image":"","background-repeat":"repeat","background-position":"center center","background-size":"auto","background-attachment":"scroll","background-type":"","background-media":"","overlay-type":"","overlay-color":"","overlay-gradient":""}},"ast-content-background-meta":{"desktop":{"background-color":"var(--ast-global-color-5)","background-image":"","background-repeat":"repeat","background-position":"center center","background-size":"auto","background-attachment":"scroll","background-type":"","background-media":"","overlay-type":"","overlay-color":"","overlay-gradient":""},"tablet":{"background-color":"var(--ast-global-color-5)","background-image":"","background-repeat":"repeat","background-position":"center center","background-size":"auto","background-attachment":"scroll","background-type":"","background-media":"","overlay-type":"","overlay-color":"","overlay-gradient":""},"mobile":{"background-color":"var(--ast-global-color-5)","background-image":"","background-repeat":"repeat","background-position":"center center","background-size":"auto","background-attachment":"scroll","background-type":"","background-media":"","overlay-type":"","overlay-color":"","overlay-gradient":""}}},"product_brand":[],"product_cat":[116,112],"product_tag":[],"class_list":{"0":"post-1513","1":"product","2":"type-product","3":"status-publish","4":"has-post-thumbnail","6":"product_cat-pathologie","7":"product_cat-labor","8":"desktop-align-center","9":"tablet-align-left","10":"mobile-align-left","11":"ast-product-gallery-layout-horizontal-slider","12":"ast-product-tabs-layout-accordion","14":"first","15":"instock","16":"shipping-taxable","17":"product-type-simple"},"_links":{"self":[{"href":"https:\/\/kavikahealthcare.fi\/de\/wp-json\/wp\/v2\/product\/1513","targetHints":{"allow":["GET"]}}],"collection":[{"href":"https:\/\/kavikahealthcare.fi\/de\/wp-json\/wp\/v2\/product"}],"about":[{"href":"https:\/\/kavikahealthcare.fi\/de\/wp-json\/wp\/v2\/types\/product"}],"replies":[{"embeddable":true,"href":"https:\/\/kavikahealthcare.fi\/de\/wp-json\/wp\/v2\/comments?post=1513"}],"wp:featuredmedia":[{"embeddable":true,"href":"https:\/\/kavikahealthcare.fi\/de\/wp-json\/wp\/v2\/media\/3079"}],"wp:attachment":[{"href":"https:\/\/kavikahealthcare.fi\/de\/wp-json\/wp\/v2\/media?parent=1513"}],"wp:term":[{"taxonomy":"product_brand","embeddable":true,"href":"https:\/\/kavikahealthcare.fi\/de\/wp-json\/wp\/v2\/product_brand?post=1513"},{"taxonomy":"product_cat","embeddable":true,"href":"https:\/\/kavikahealthcare.fi\/de\/wp-json\/wp\/v2\/product_cat?post=1513"},{"taxonomy":"product_tag","embeddable":true,"href":"https:\/\/kavikahealthcare.fi\/de\/wp-json\/wp\/v2\/product_tag?post=1513"}],"curies":[{"name":"wp","href":"https:\/\/api.w.org\/{rel}","templated":true}]}}