{"id":1510,"date":"2023-06-08T11:59:41","date_gmt":"2023-06-08T08:59:41","guid":{"rendered":"https:\/\/kavikahealthcare.fi\/?post_type=product&#038;p=1510"},"modified":"2025-06-03T09:54:26","modified_gmt":"2025-06-03T06:54:26","slug":"unterschraenke","status":"publish","type":"product","link":"https:\/\/kavikahealthcare.fi\/de\/produkt\/unterschraenke\/","title":{"rendered":"Unterschr\u00e4nke"},"content":{"rendered":"<h2>Unterschr\u00e4nke 5090<\/h2>\n<p>Bodenschr\u00e4nke werden aus rostfreiem Stahl nach den Ma\u00dfen des Kunden gefertigt. Die \u00fcblicherweise verwendeten Standardabmessungen sind in den technischen Daten angegeben. Die H\u00f6hen der Regalb\u00f6den sind im Abstand von 50 mm verstellbar, und bei Bedarf k\u00f6nnen zus\u00e4tzliche Regalb\u00f6den bestellt werden. Edelstahl-Regaloptionen umfassen Flachregale und Lochblechregale.<\/p>\n<p>Die Schrankt\u00fcren haben eine doppellagige Struktur und k\u00f6nnen mit einem Standard- oder Hauptschl\u00fcsselschloss ausgestattet werden. Wir liefern auch Schr\u00e4nke, die mit iLOQ kompatibel sind und mit einem Verriegelungsbolzen ausgestattet sind.<\/p>\n<p>Je nach Raum k\u00f6nnen die Schr\u00e4nke mit einem geneigten Dach und einer Innenwandverkleidung hergestellt werden. F\u00fcr Reinr\u00e4ume empfehlen wir Schr\u00e4nke mit einer vollst\u00e4ndig doppelwandigen Struktur und abgerundeten Ecken, die leicht durch Abwischen gereinigt und desinfiziert werden k\u00f6nnen.<\/p>\n<h6><a href=\"https:\/\/kavikahealthcare.fi\/wp-content\/uploads\/2024\/10\/Wall-cabinets-and-Floor-cabinets_Produkt-card_20241018.pdf\" target=\"_blank\" rel=\"noopener\"><strong>Produktdatenblatt und Technische Daten<\/strong><\/a><\/h6>\n","protected":false},"excerpt":{"rendered":"<p>Unterschr\u00e4nke 5090 Bodenschr\u00e4nke werden aus rostfreiem Stahl nach den Ma\u00dfen des Kunden gefertigt. Die \u00fcblicherweise verwendeten Standardabmessungen sind in den technischen Daten angegeben. Die H\u00f6hen der Regalb\u00f6den sind im Abstand von 50 mm verstellbar, und bei Bedarf k\u00f6nnen zus\u00e4tzliche Regalb\u00f6den bestellt werden. Edelstahl-Regaloptionen umfassen Flachregale und Lochblechregale. Die Schrankt\u00fcren haben [&hellip;]<\/p>\n","protected":false},"featured_media":3005,"comment_status":"closed","ping_status":"closed","template":"","meta":{"site-sidebar-layout":"default","site-content-layout":"default","ast-site-content-layout":"default","site-content-style":"default","site-sidebar-style":"default","ast-global-header-display":"","ast-banner-title-visibility":"","ast-main-header-display":"","ast-hfb-above-header-display":"","ast-hfb-below-header-display":"","ast-hfb-mobile-header-display":"","site-post-title":"","ast-breadcrumbs-content":"","ast-featured-img":"","footer-sml-layout":"","theme-transparent-header-meta":"default","adv-header-id-meta":"","stick-header-meta":"default","header-above-stick-meta":"","header-main-stick-meta":"","header-below-stick-meta":"","astra-migrate-meta-layouts":"set","ast-page-background-enabled":"default","ast-page-background-meta":{"desktop":{"background-color":"var(--ast-global-color-4)","background-image":"","background-repeat":"repeat","background-position":"center center","background-size":"auto","background-attachment":"scroll","background-type":"","background-media":"","overlay-type":"","overlay-color":"","overlay-gradient":""},"tablet":{"background-color":"","background-image":"","background-repeat":"repeat","background-position":"center center","background-size":"auto","background-attachment":"scroll","background-type":"","background-media":"","overlay-type":"","overlay-color":"","overlay-gradient":""},"mobile":{"background-color":"","background-image":"","background-repeat":"repeat","background-position":"center center","background-size":"auto","background-attachment":"scroll","background-type":"","background-media":"","overlay-type":"","overlay-color":"","overlay-gradient":""}},"ast-content-background-meta":{"desktop":{"background-color":"var(--ast-global-color-5)","background-image":"","background-repeat":"repeat","background-position":"center center","background-size":"auto","background-attachment":"scroll","background-type":"","background-media":"","overlay-type":"","overlay-color":"","overlay-gradient":""},"tablet":{"background-color":"var(--ast-global-color-5)","background-image":"","background-repeat":"repeat","background-position":"center center","background-size":"auto","background-attachment":"scroll","background-type":"","background-media":"","overlay-type":"","overlay-color":"","overlay-gradient":""},"mobile":{"background-color":"var(--ast-global-color-5)","background-image":"","background-repeat":"repeat","background-position":"center center","background-size":"auto","background-attachment":"scroll","background-type":"","background-media":"","overlay-type":"","overlay-color":"","overlay-gradient":""}}},"product_brand":[],"product_cat":[116,118],"product_tag":[],"class_list":{"0":"post-1510","1":"product","2":"type-product","3":"status-publish","4":"has-post-thumbnail","6":"product_cat-pathologie","7":"product_cat-reinraum","8":"desktop-align-center","9":"tablet-align-left","10":"mobile-align-left","11":"ast-product-gallery-layout-horizontal-slider","12":"ast-product-tabs-layout-accordion","14":"first","15":"instock","16":"shipping-taxable","17":"product-type-simple"},"_links":{"self":[{"href":"https:\/\/kavikahealthcare.fi\/de\/wp-json\/wp\/v2\/product\/1510","targetHints":{"allow":["GET"]}}],"collection":[{"href":"https:\/\/kavikahealthcare.fi\/de\/wp-json\/wp\/v2\/product"}],"about":[{"href":"https:\/\/kavikahealthcare.fi\/de\/wp-json\/wp\/v2\/types\/product"}],"replies":[{"embeddable":true,"href":"https:\/\/kavikahealthcare.fi\/de\/wp-json\/wp\/v2\/comments?post=1510"}],"wp:featuredmedia":[{"embeddable":true,"href":"https:\/\/kavikahealthcare.fi\/de\/wp-json\/wp\/v2\/media\/3005"}],"wp:attachment":[{"href":"https:\/\/kavikahealthcare.fi\/de\/wp-json\/wp\/v2\/media?parent=1510"}],"wp:term":[{"taxonomy":"product_brand","embeddable":true,"href":"https:\/\/kavikahealthcare.fi\/de\/wp-json\/wp\/v2\/product_brand?post=1510"},{"taxonomy":"product_cat","embeddable":true,"href":"https:\/\/kavikahealthcare.fi\/de\/wp-json\/wp\/v2\/product_cat?post=1510"},{"taxonomy":"product_tag","embeddable":true,"href":"https:\/\/kavikahealthcare.fi\/de\/wp-json\/wp\/v2\/product_tag?post=1510"}],"curies":[{"name":"wp","href":"https:\/\/api.w.org\/{rel}","templated":true}]}}