{"id":1508,"date":"2023-06-14T10:33:45","date_gmt":"2023-06-14T07:33:45","guid":{"rendered":"https:\/\/kavikahealthcare.fi\/?post_type=product&#038;p=1508"},"modified":"2025-06-03T09:54:02","modified_gmt":"2025-06-03T06:54:02","slug":"dialysespuelen","status":"publish","type":"product","link":"https:\/\/kavikahealthcare.fi\/de\/produkt\/dialysespuelen\/","title":{"rendered":"Dialysesp\u00fclen"},"content":{"rendered":"<h2>Dialysesp\u00fclen<\/h2>\n<p>Diese Sp\u00fcle wurde in praxisorientierter Zusammenarbeit mit Fachleuten entwickelt. Sie befindet sich in unmittelbarer N\u00e4he der Dialyseanlage und dient der Entsorgung der Schadstoffe und \u00fcbersch\u00fcssigen Fl\u00fcssigkeit, die im Rahmen der Dialyse aus dem Blut gefiltert werden.<\/p>\n","protected":false},"excerpt":{"rendered":"<p>Dialysesp\u00fclen Diese Sp\u00fcle wurde in praxisorientierter Zusammenarbeit mit Fachleuten entwickelt. Sie befindet sich in unmittelbarer N\u00e4he der Dialyseanlage und dient der Entsorgung der Schadstoffe und \u00fcbersch\u00fcssigen Fl\u00fcssigkeit, die im Rahmen der Dialyse aus dem Blut gefiltert werden.<\/p>\n","protected":false},"featured_media":2867,"comment_status":"closed","ping_status":"closed","template":"","meta":{"site-sidebar-layout":"default","site-content-layout":"default","ast-site-content-layout":"default","site-content-style":"default","site-sidebar-style":"default","ast-global-header-display":"","ast-banner-title-visibility":"","ast-main-header-display":"","ast-hfb-above-header-display":"","ast-hfb-below-header-display":"","ast-hfb-mobile-header-display":"","site-post-title":"","ast-breadcrumbs-content":"","ast-featured-img":"","footer-sml-layout":"","theme-transparent-header-meta":"default","adv-header-id-meta":"","stick-header-meta":"default","header-above-stick-meta":"","header-main-stick-meta":"","header-below-stick-meta":"","astra-migrate-meta-layouts":"set","ast-page-background-enabled":"default","ast-page-background-meta":{"desktop":{"background-color":"var(--ast-global-color-4)","background-image":"","background-repeat":"repeat","background-position":"center center","background-size":"auto","background-attachment":"scroll","background-type":"","background-media":"","overlay-type":"","overlay-color":"","overlay-gradient":""},"tablet":{"background-color":"","background-image":"","background-repeat":"repeat","background-position":"center center","background-size":"auto","background-attachment":"scroll","background-type":"","background-media":"","overlay-type":"","overlay-color":"","overlay-gradient":""},"mobile":{"background-color":"","background-image":"","background-repeat":"repeat","background-position":"center center","background-size":"auto","background-attachment":"scroll","background-type":"","background-media":"","overlay-type":"","overlay-color":"","overlay-gradient":""}},"ast-content-background-meta":{"desktop":{"background-color":"var(--ast-global-color-5)","background-image":"","background-repeat":"repeat","background-position":"center center","background-size":"auto","background-attachment":"scroll","background-type":"","background-media":"","overlay-type":"","overlay-color":"","overlay-gradient":""},"tablet":{"background-color":"var(--ast-global-color-5)","background-image":"","background-repeat":"repeat","background-position":"center center","background-size":"auto","background-attachment":"scroll","background-type":"","background-media":"","overlay-type":"","overlay-color":"","overlay-gradient":""},"mobile":{"background-color":"var(--ast-global-color-5)","background-image":"","background-repeat":"repeat","background-position":"center center","background-size":"auto","background-attachment":"scroll","background-type":"","background-media":"","overlay-type":"","overlay-color":"","overlay-gradient":""}}},"product_brand":[],"product_cat":[122],"product_tag":[],"class_list":{"0":"post-1508","1":"product","2":"type-product","3":"status-publish","4":"has-post-thumbnail","6":"product_cat-gerateaufbereitung","7":"desktop-align-center","8":"tablet-align-left","9":"mobile-align-left","10":"ast-product-gallery-layout-horizontal-slider","11":"ast-product-gallery-with-no-image","12":"ast-product-tabs-layout-accordion","14":"first","15":"instock","16":"shipping-taxable","17":"product-type-simple"},"_links":{"self":[{"href":"https:\/\/kavikahealthcare.fi\/de\/wp-json\/wp\/v2\/product\/1508","targetHints":{"allow":["GET"]}}],"collection":[{"href":"https:\/\/kavikahealthcare.fi\/de\/wp-json\/wp\/v2\/product"}],"about":[{"href":"https:\/\/kavikahealthcare.fi\/de\/wp-json\/wp\/v2\/types\/product"}],"replies":[{"embeddable":true,"href":"https:\/\/kavikahealthcare.fi\/de\/wp-json\/wp\/v2\/comments?post=1508"}],"wp:featuredmedia":[{"embeddable":true,"href":"https:\/\/kavikahealthcare.fi\/de\/wp-json\/wp\/v2\/media\/2867"}],"wp:attachment":[{"href":"https:\/\/kavikahealthcare.fi\/de\/wp-json\/wp\/v2\/media?parent=1508"}],"wp:term":[{"taxonomy":"product_brand","embeddable":true,"href":"https:\/\/kavikahealthcare.fi\/de\/wp-json\/wp\/v2\/product_brand?post=1508"},{"taxonomy":"product_cat","embeddable":true,"href":"https:\/\/kavikahealthcare.fi\/de\/wp-json\/wp\/v2\/product_cat?post=1508"},{"taxonomy":"product_tag","embeddable":true,"href":"https:\/\/kavikahealthcare.fi\/de\/wp-json\/wp\/v2\/product_tag?post=1508"}],"curies":[{"name":"wp","href":"https:\/\/api.w.org\/{rel}","templated":true}]}}