{"id":1280,"date":"2023-06-08T12:00:00","date_gmt":"2023-06-08T09:00:00","guid":{"rendered":"https:\/\/kavikahealthcare.fi\/?post_type=product&#038;p=1280"},"modified":"2025-06-03T09:54:25","modified_gmt":"2025-06-03T06:54:25","slug":"obduktionstische-und-sektionstische","status":"publish","type":"product","link":"https:\/\/kavikahealthcare.fi\/de\/produkt\/obduktionstische-und-sektionstische\/","title":{"rendered":"Obduktionstische und Sektionstische"},"content":{"rendered":"<h2>Obduktionstische und Sektionstische<\/h2>\n<p>Obduktions- und Sektionstische werden immer ma\u00dfgeschneidert nach den Bed\u00fcrfnissen des Kunden und unter Ber\u00fccksichtigung der r\u00e4umlichen Gegebenheiten entworfen und hergestellt.<\/p>\n<p>Die Konstruktion des Obduktionstisches kann aus einem oder zwei Modulen bestehen und die erforderlichen Becken, Wasserh\u00e4hne, Zubeh\u00f6rteile sowie Anschl\u00fcsse umfassen. Im Planungsprozess wurde besonderes Augenmerk auf Ergonomie und hohe Hygiene gelegt. Alle Tische sind h\u00f6henverstellbar, und mobile Tische verf\u00fcgen \u00fcber ein akkubetriebenes H\u00f6henverstellsystem. Der Obduktionstisch kann mit einer beidseitigen 10-Grad-Neigung kombiniert werden.<\/p>\n<p>Die Arbeitsfl\u00e4che des Obduktionstisches kann je nach Kundenwunsch tiefe, quadratische Blutrillen, K\u00f6rperst\u00fctzen oder perforierte Platten enthalten. Alle Tische sind mit Wartungsklappen ausgestattet, die bei Bedarf eine einfache Wartung erm\u00f6glichen. F\u00fcr die Tische wird die Installation eines Wasserleckdetektors empfohlen, der mit der Geb\u00e4udeautomation verbunden ist und sich am Boden der Einheiten mit Wasser- und Abwasseranschl\u00fcssen befindet. Unangenehme Ger\u00fcche k\u00f6nnen durch Bel\u00fcftung minimiert werden. Die Luftabsaugung wird oft um die Obduktionseinheit herum oder unter den perforierten Platten platziert.<\/p>\n<p>Die Ausstattung des Obduktionsraums kann durch Sp\u00fclstationen, Abzugshauben mit Tischen und Wagen erg\u00e4nzt werden.<\/p>\n<h6><a href=\"https:\/\/kavikahealthcare.fi\/wp-content\/uploads\/2024\/10\/Autopsy-tables-and-Dissection-tables_Produkt-card_20241018.pdf\" target=\"_blank\" rel=\"noopener\"><strong>Produktdatenblatt und Technische Daten<\/strong><\/a><\/h6>\n","protected":false},"excerpt":{"rendered":"<p>Obduktionstische und Sektionstische Obduktions- und Sektionstische werden immer ma\u00dfgeschneidert nach den Bed\u00fcrfnissen des Kunden und unter Ber\u00fccksichtigung der r\u00e4umlichen Gegebenheiten entworfen und hergestellt. Die Konstruktion des Obduktionstisches kann aus einem oder zwei Modulen bestehen und die erforderlichen Becken, Wasserh\u00e4hne, Zubeh\u00f6rteile sowie Anschl\u00fcsse umfassen. Im Planungsprozess wurde besonderes Augenmerk auf Ergonomie [&hellip;]<\/p>\n","protected":false},"featured_media":3101,"comment_status":"closed","ping_status":"closed","template":"","meta":{"site-sidebar-layout":"default","site-content-layout":"default","ast-site-content-layout":"default","site-content-style":"default","site-sidebar-style":"default","ast-global-header-display":"","ast-banner-title-visibility":"","ast-main-header-display":"","ast-hfb-above-header-display":"","ast-hfb-below-header-display":"","ast-hfb-mobile-header-display":"","site-post-title":"","ast-breadcrumbs-content":"","ast-featured-img":"","footer-sml-layout":"","theme-transparent-header-meta":"default","adv-header-id-meta":"","stick-header-meta":"default","header-above-stick-meta":"","header-main-stick-meta":"","header-below-stick-meta":"","astra-migrate-meta-layouts":"set","ast-page-background-enabled":"default","ast-page-background-meta":{"desktop":{"background-color":"var(--ast-global-color-4)","background-image":"","background-repeat":"repeat","background-position":"center center","background-size":"auto","background-attachment":"scroll","background-type":"","background-media":"","overlay-type":"","overlay-color":"","overlay-gradient":""},"tablet":{"background-color":"","background-image":"","background-repeat":"repeat","background-position":"center center","background-size":"auto","background-attachment":"scroll","background-type":"","background-media":"","overlay-type":"","overlay-color":"","overlay-gradient":""},"mobile":{"background-color":"","background-image":"","background-repeat":"repeat","background-position":"center center","background-size":"auto","background-attachment":"scroll","background-type":"","background-media":"","overlay-type":"","overlay-color":"","overlay-gradient":""}},"ast-content-background-meta":{"desktop":{"background-color":"var(--ast-global-color-5)","background-image":"","background-repeat":"repeat","background-position":"center center","background-size":"auto","background-attachment":"scroll","background-type":"","background-media":"","overlay-type":"","overlay-color":"","overlay-gradient":""},"tablet":{"background-color":"var(--ast-global-color-5)","background-image":"","background-repeat":"repeat","background-position":"center center","background-size":"auto","background-attachment":"scroll","background-type":"","background-media":"","overlay-type":"","overlay-color":"","overlay-gradient":""},"mobile":{"background-color":"var(--ast-global-color-5)","background-image":"","background-repeat":"repeat","background-position":"center center","background-size":"auto","background-attachment":"scroll","background-type":"","background-media":"","overlay-type":"","overlay-color":"","overlay-gradient":""}}},"product_brand":[],"product_cat":[116],"product_tag":[],"class_list":{"0":"post-1280","1":"product","2":"type-product","3":"status-publish","4":"has-post-thumbnail","6":"product_cat-pathologie","7":"desktop-align-center","8":"tablet-align-left","9":"mobile-align-left","10":"ast-product-gallery-layout-horizontal-slider","11":"ast-product-tabs-layout-accordion","13":"first","14":"instock","15":"shipping-taxable","16":"product-type-simple"},"_links":{"self":[{"href":"https:\/\/kavikahealthcare.fi\/de\/wp-json\/wp\/v2\/product\/1280","targetHints":{"allow":["GET"]}}],"collection":[{"href":"https:\/\/kavikahealthcare.fi\/de\/wp-json\/wp\/v2\/product"}],"about":[{"href":"https:\/\/kavikahealthcare.fi\/de\/wp-json\/wp\/v2\/types\/product"}],"replies":[{"embeddable":true,"href":"https:\/\/kavikahealthcare.fi\/de\/wp-json\/wp\/v2\/comments?post=1280"}],"wp:featuredmedia":[{"embeddable":true,"href":"https:\/\/kavikahealthcare.fi\/de\/wp-json\/wp\/v2\/media\/3101"}],"wp:attachment":[{"href":"https:\/\/kavikahealthcare.fi\/de\/wp-json\/wp\/v2\/media?parent=1280"}],"wp:term":[{"taxonomy":"product_brand","embeddable":true,"href":"https:\/\/kavikahealthcare.fi\/de\/wp-json\/wp\/v2\/product_brand?post=1280"},{"taxonomy":"product_cat","embeddable":true,"href":"https:\/\/kavikahealthcare.fi\/de\/wp-json\/wp\/v2\/product_cat?post=1280"},{"taxonomy":"product_tag","embeddable":true,"href":"https:\/\/kavikahealthcare.fi\/de\/wp-json\/wp\/v2\/product_tag?post=1280"}],"curies":[{"name":"wp","href":"https:\/\/api.w.org\/{rel}","templated":true}]}}